{"id":22567,"date":"2025-07-22T20:06:02","date_gmt":"2025-07-22T18:06:02","guid":{"rendered":"https:\/\/uj.adatbank.ro\/lexikon\/termek\/sztratya-domokos\/"},"modified":"2025-07-22T20:06:02","modified_gmt":"2025-07-22T18:06:02","slug":"sztratya-domokos","status":"publish","type":"product","link":"https:\/\/uj.adatbank.ro\/lexikon\/termek\/sztratya-domokos\/","title":{"rendered":"SZTR\u00c1TYA Domokos"},"content":{"rendered":"<p>Jobb\u00e1gyfalva,\u00a01931., \u2020 2018. m\u00e1rc.: ? <br \/><strong>Irod.:<\/strong> Gagyi J\u00f3zsef: \u00dagy f\u00e1j nekem\u2026 Gagyi J\u00f3zsef besz\u00e9lget\u00e9se Sztr\u00e1tya Domokossal (Sz\u00e9kelyf\u00f6ld, 2020, 2. sz.).<\/br><\/p>\n","protected":false},"excerpt":{"rendered":"<p>Jobb\u00e1gyfalva,\u00a01931., \u2020 2018. m\u00e1rc.: ? Irod.: Gagyi J\u00f3zsef: \u00dagy f\u00e1j nekem\u2026 Gagyi J\u00f3zsef besz\u00e9lget\u00e9se Sztr\u00e1tya Domokossal (Sz\u00e9kelyf\u00f6ld, 2020, 2. sz.).<\/p>\n","protected":false},"featured_media":0,"comment_status":"open","ping_status":"closed","template":"","meta":[],"product_brand":[],"product_cat":[137],"product_tag":[],"class_list":{"0":"post-22567","1":"product","2":"type-product","3":"status-publish","5":"product_cat-maros-megyei-eletrajzi-lexikon","7":"first","8":"instock","9":"shipping-taxable","10":"product-type-simple"},"_links":{"self":[{"href":"https:\/\/uj.adatbank.ro\/lexikon\/wp-json\/wp\/v2\/product\/22567","targetHints":{"allow":["GET"]}}],"collection":[{"href":"https:\/\/uj.adatbank.ro\/lexikon\/wp-json\/wp\/v2\/product"}],"about":[{"href":"https:\/\/uj.adatbank.ro\/lexikon\/wp-json\/wp\/v2\/types\/product"}],"replies":[{"embeddable":true,"href":"https:\/\/uj.adatbank.ro\/lexikon\/wp-json\/wp\/v2\/comments?post=22567"}],"wp:attachment":[{"href":"https:\/\/uj.adatbank.ro\/lexikon\/wp-json\/wp\/v2\/media?parent=22567"}],"wp:term":[{"taxonomy":"product_brand","embeddable":true,"href":"https:\/\/uj.adatbank.ro\/lexikon\/wp-json\/wp\/v2\/product_brand?post=22567"},{"taxonomy":"product_cat","embeddable":true,"href":"https:\/\/uj.adatbank.ro\/lexikon\/wp-json\/wp\/v2\/product_cat?post=22567"},{"taxonomy":"product_tag","embeddable":true,"href":"https:\/\/uj.adatbank.ro\/lexikon\/wp-json\/wp\/v2\/product_tag?post=22567"}],"curies":[{"name":"wp","href":"https:\/\/api.w.org\/{rel}","templated":true}]}}