{"id":22570,"date":"2025-07-22T20:06:09","date_gmt":"2025-07-22T18:06:09","guid":{"rendered":"https:\/\/uj.adatbank.ro\/lexikon\/termek\/sztroja-polixenia\/"},"modified":"2025-07-22T20:06:09","modified_gmt":"2025-07-22T18:06:09","slug":"sztroja-polixenia","status":"publish","type":"product","link":"https:\/\/uj.adatbank.ro\/lexikon\/termek\/sztroja-polixenia\/","title":{"rendered":"SZTR\u00d3JA Polix\u00e9nia"},"content":{"rendered":"<p>Ny\u00e1r\u00e1dmagyaros, 1916. okt. 31., \u2020?: ? \u2013 Letart\u00f3ztatt\u00e1k (1960. aug. 18.) \u00e9s 9 \u00e9vre \u00edt\u00e9lt\u00e9k (szabadult: 1964. aug.15.). \u2013 Irod: 1956 Erd\u00e9lyben.<\/br><\/p>\n","protected":false},"excerpt":{"rendered":"<p>Ny\u00e1r\u00e1dmagyaros, 1916. okt. 31., \u2020?: ? \u2013 Letart\u00f3ztatt\u00e1k (1960. aug. 18.) \u00e9s 9 \u00e9vre \u00edt\u00e9lt\u00e9k (szabadult: 1964. aug.15.). \u2013 Irod: 1956 Erd\u00e9lyben.<\/p>\n","protected":false},"featured_media":0,"comment_status":"open","ping_status":"closed","template":"","meta":[],"product_brand":[],"product_cat":[137],"product_tag":[],"class_list":{"0":"post-22570","1":"product","2":"type-product","3":"status-publish","5":"product_cat-maros-megyei-eletrajzi-lexikon","7":"first","8":"instock","9":"shipping-taxable","10":"product-type-simple"},"_links":{"self":[{"href":"https:\/\/uj.adatbank.ro\/lexikon\/wp-json\/wp\/v2\/product\/22570","targetHints":{"allow":["GET"]}}],"collection":[{"href":"https:\/\/uj.adatbank.ro\/lexikon\/wp-json\/wp\/v2\/product"}],"about":[{"href":"https:\/\/uj.adatbank.ro\/lexikon\/wp-json\/wp\/v2\/types\/product"}],"replies":[{"embeddable":true,"href":"https:\/\/uj.adatbank.ro\/lexikon\/wp-json\/wp\/v2\/comments?post=22570"}],"wp:attachment":[{"href":"https:\/\/uj.adatbank.ro\/lexikon\/wp-json\/wp\/v2\/media?parent=22570"}],"wp:term":[{"taxonomy":"product_brand","embeddable":true,"href":"https:\/\/uj.adatbank.ro\/lexikon\/wp-json\/wp\/v2\/product_brand?post=22570"},{"taxonomy":"product_cat","embeddable":true,"href":"https:\/\/uj.adatbank.ro\/lexikon\/wp-json\/wp\/v2\/product_cat?post=22570"},{"taxonomy":"product_tag","embeddable":true,"href":"https:\/\/uj.adatbank.ro\/lexikon\/wp-json\/wp\/v2\/product_tag?post=22570"}],"curies":[{"name":"wp","href":"https:\/\/api.w.org\/{rel}","templated":true}]}}