{"id":22571,"date":"2025-07-22T20:06:11","date_gmt":"2025-07-22T18:06:11","guid":{"rendered":"https:\/\/uj.adatbank.ro\/lexikon\/termek\/sztupa-andor\/"},"modified":"2025-07-22T20:06:11","modified_gmt":"2025-07-22T18:06:11","slug":"sztupa-andor","status":"publish","type":"product","link":"https:\/\/uj.adatbank.ro\/lexikon\/termek\/sztupa-andor\/","title":{"rendered":"SZTUPA Andor"},"content":{"rendered":"<p>? \u2020?: sz\u00ednigazgat\u00f3. \u2013 Mv.-en volt sz\u00ednt\u00e1rsulata (1881\u2013). <br \/><strong>Irod.:<\/strong> [H\u00edr] (Erd\u00e9lyi \u00c9rtes\u00edt\u0151, 1881. dec. 25.).<\/br><\/p>\n","protected":false},"excerpt":{"rendered":"<p>? \u2020?: sz\u00ednigazgat\u00f3. \u2013 Mv.-en volt sz\u00ednt\u00e1rsulata (1881\u2013). Irod.: [H\u00edr] (Erd\u00e9lyi \u00c9rtes\u00edt\u0151, 1881. dec. 25.).<\/p>\n","protected":false},"featured_media":0,"comment_status":"open","ping_status":"closed","template":"","meta":[],"product_brand":[],"product_cat":[137],"product_tag":[],"class_list":{"0":"post-22571","1":"product","2":"type-product","3":"status-publish","5":"product_cat-maros-megyei-eletrajzi-lexikon","7":"first","8":"instock","9":"shipping-taxable","10":"product-type-simple"},"_links":{"self":[{"href":"https:\/\/uj.adatbank.ro\/lexikon\/wp-json\/wp\/v2\/product\/22571","targetHints":{"allow":["GET"]}}],"collection":[{"href":"https:\/\/uj.adatbank.ro\/lexikon\/wp-json\/wp\/v2\/product"}],"about":[{"href":"https:\/\/uj.adatbank.ro\/lexikon\/wp-json\/wp\/v2\/types\/product"}],"replies":[{"embeddable":true,"href":"https:\/\/uj.adatbank.ro\/lexikon\/wp-json\/wp\/v2\/comments?post=22571"}],"wp:attachment":[{"href":"https:\/\/uj.adatbank.ro\/lexikon\/wp-json\/wp\/v2\/media?parent=22571"}],"wp:term":[{"taxonomy":"product_brand","embeddable":true,"href":"https:\/\/uj.adatbank.ro\/lexikon\/wp-json\/wp\/v2\/product_brand?post=22571"},{"taxonomy":"product_cat","embeddable":true,"href":"https:\/\/uj.adatbank.ro\/lexikon\/wp-json\/wp\/v2\/product_cat?post=22571"},{"taxonomy":"product_tag","embeddable":true,"href":"https:\/\/uj.adatbank.ro\/lexikon\/wp-json\/wp\/v2\/product_tag?post=22571"}],"curies":[{"name":"wp","href":"https:\/\/api.w.org\/{rel}","templated":true}]}}