{"id":22572,"date":"2025-07-22T20:06:12","date_gmt":"2025-07-22T18:06:12","guid":{"rendered":"https:\/\/uj.adatbank.ro\/lexikon\/termek\/sztupar-samu-sztupjar-samu\/"},"modified":"2025-07-22T20:06:12","modified_gmt":"2025-07-22T18:06:12","slug":"sztupar-samu-sztupjar-samu","status":"publish","type":"product","link":"https:\/\/uj.adatbank.ro\/lexikon\/termek\/sztupar-samu-sztupjar-samu\/","title":{"rendered":"SZTUP\u00c1R Samu, Sztupj\u00e1r Samu"},"content":{"rendered":"<p>? \u2020?: \u00fcgy\u00e9sz. \u2013 MT megyei f\u0151\u00fcgy\u00e9sz-helyettes (1910), t\u00f6rv\u00e9nyhat\u00f3s\u00e1gi bizotts\u00e1gi tag, megyei f\u0151\u00fcgy\u00e9sz. <br \/><strong>Irod.:<\/strong> Bern\u00e1dy.<\/br><\/p>\n","protected":false},"excerpt":{"rendered":"<p>? \u2020?: \u00fcgy\u00e9sz. \u2013 MT megyei f\u0151\u00fcgy\u00e9sz-helyettes (1910), t\u00f6rv\u00e9nyhat\u00f3s\u00e1gi bizotts\u00e1gi tag, megyei f\u0151\u00fcgy\u00e9sz. Irod.: Bern\u00e1dy.<\/p>\n","protected":false},"featured_media":0,"comment_status":"open","ping_status":"closed","template":"","meta":[],"product_brand":[],"product_cat":[137],"product_tag":[],"class_list":{"0":"post-22572","1":"product","2":"type-product","3":"status-publish","5":"product_cat-maros-megyei-eletrajzi-lexikon","7":"first","8":"instock","9":"shipping-taxable","10":"product-type-simple"},"_links":{"self":[{"href":"https:\/\/uj.adatbank.ro\/lexikon\/wp-json\/wp\/v2\/product\/22572","targetHints":{"allow":["GET"]}}],"collection":[{"href":"https:\/\/uj.adatbank.ro\/lexikon\/wp-json\/wp\/v2\/product"}],"about":[{"href":"https:\/\/uj.adatbank.ro\/lexikon\/wp-json\/wp\/v2\/types\/product"}],"replies":[{"embeddable":true,"href":"https:\/\/uj.adatbank.ro\/lexikon\/wp-json\/wp\/v2\/comments?post=22572"}],"wp:attachment":[{"href":"https:\/\/uj.adatbank.ro\/lexikon\/wp-json\/wp\/v2\/media?parent=22572"}],"wp:term":[{"taxonomy":"product_brand","embeddable":true,"href":"https:\/\/uj.adatbank.ro\/lexikon\/wp-json\/wp\/v2\/product_brand?post=22572"},{"taxonomy":"product_cat","embeddable":true,"href":"https:\/\/uj.adatbank.ro\/lexikon\/wp-json\/wp\/v2\/product_cat?post=22572"},{"taxonomy":"product_tag","embeddable":true,"href":"https:\/\/uj.adatbank.ro\/lexikon\/wp-json\/wp\/v2\/product_tag?post=22572"}],"curies":[{"name":"wp","href":"https:\/\/api.w.org\/{rel}","templated":true}]}}