{"id":22578,"date":"2025-07-22T20:06:27","date_gmt":"2025-07-22T18:06:27","guid":{"rendered":"https:\/\/uj.adatbank.ro\/lexikon\/termek\/szucs-kalman\/"},"modified":"2025-07-22T20:06:27","modified_gmt":"2025-07-22T18:06:27","slug":"szucs-kalman","status":"publish","type":"product","link":"https:\/\/uj.adatbank.ro\/lexikon\/termek\/szucs-kalman\/","title":{"rendered":"SZ\u0170CS K\u00e1lm\u00e1n"},"content":{"rendered":"<p>1926., \u2020 Sv\u00e9do., 2001. m\u00e1rc. 25.: orvos. \u2013 elmegy\u00f3gy\u00e1sz f\u0151orvos. \u2013 A mv.-i Elmegy\u00f3gy\u00e1szati Klinik\u00e1n volt f\u0151orvos, \u00e9s egyetemi el\u0151ad\u00f3tan\u00e1r (1980\u201393). \u2013 <strong>F. m.<\/strong>: <strong>t\u00e1rssz.:<\/strong> Idegk\u00f3rtan (Miskolczy Dezs\u0151, Cs\u00edky K\u00e1lm\u00e1nnal, Buk., 1958). <br \/><strong>Irod.:<\/strong> N\u00fa. (2001. m\u00e1rc. 27); P\u00e9ter; Todea.<\/br><\/p>\n","protected":false},"excerpt":{"rendered":"<p>1926., \u2020 Sv\u00e9do., 2001. m\u00e1rc. 25.: orvos. \u2013 elmegy\u00f3gy\u00e1sz f\u0151orvos. \u2013 A mv.-i Elmegy\u00f3gy\u00e1szati Klinik\u00e1n volt f\u0151orvos, \u00e9s egyetemi el\u0151ad\u00f3tan\u00e1r (1980\u201393). \u2013 F. m.: t\u00e1rssz.: Idegk\u00f3rtan (Miskolczy Dezs\u0151, Cs\u00edky K\u00e1lm\u00e1nnal, Buk., 1958). Irod.: N\u00fa. (2001. m\u00e1rc. 27); P\u00e9ter; Todea.<\/p>\n","protected":false},"featured_media":0,"comment_status":"open","ping_status":"closed","template":"","meta":[],"product_brand":[],"product_cat":[137],"product_tag":[],"class_list":{"0":"post-22578","1":"product","2":"type-product","3":"status-publish","5":"product_cat-maros-megyei-eletrajzi-lexikon","7":"first","8":"instock","9":"shipping-taxable","10":"product-type-simple"},"_links":{"self":[{"href":"https:\/\/uj.adatbank.ro\/lexikon\/wp-json\/wp\/v2\/product\/22578","targetHints":{"allow":["GET"]}}],"collection":[{"href":"https:\/\/uj.adatbank.ro\/lexikon\/wp-json\/wp\/v2\/product"}],"about":[{"href":"https:\/\/uj.adatbank.ro\/lexikon\/wp-json\/wp\/v2\/types\/product"}],"replies":[{"embeddable":true,"href":"https:\/\/uj.adatbank.ro\/lexikon\/wp-json\/wp\/v2\/comments?post=22578"}],"wp:attachment":[{"href":"https:\/\/uj.adatbank.ro\/lexikon\/wp-json\/wp\/v2\/media?parent=22578"}],"wp:term":[{"taxonomy":"product_brand","embeddable":true,"href":"https:\/\/uj.adatbank.ro\/lexikon\/wp-json\/wp\/v2\/product_brand?post=22578"},{"taxonomy":"product_cat","embeddable":true,"href":"https:\/\/uj.adatbank.ro\/lexikon\/wp-json\/wp\/v2\/product_cat?post=22578"},{"taxonomy":"product_tag","embeddable":true,"href":"https:\/\/uj.adatbank.ro\/lexikon\/wp-json\/wp\/v2\/product_tag?post=22578"}],"curies":[{"name":"wp","href":"https:\/\/api.w.org\/{rel}","templated":true}]}}