{"id":22584,"date":"2025-07-22T20:06:43","date_gmt":"2025-07-22T18:06:43","guid":{"rendered":"https:\/\/uj.adatbank.ro\/lexikon\/termek\/szuz-laszlo\/"},"modified":"2025-07-22T20:06:43","modified_gmt":"2025-07-22T18:06:43","slug":"szuz-laszlo","status":"publish","type":"product","link":"https:\/\/uj.adatbank.ro\/lexikon\/termek\/szuz-laszlo\/","title":{"rendered":"SZ\u0170Z L\u00e1szl\u00f3"},"content":{"rendered":"<p>Dob\u00f3ka, 1902., \u2020?: k\u00f6rjegyz\u0151. \u2013 Tanulm\u00e1nyait Nagyenyeden a Bethlen Koll\u00e9giumban v\u00e9gezte, majd a debreceni Gazdas\u00e1gi Akad\u00e9mi\u00e1n k\u00e9t \u00e9vfolyamot hallgatott. Uradalmi tisztvisel\u0151 (\u20131930), azut\u00e1n k\u00f6zigazgat\u00e1si tanfolyamot v\u00e9gzett Lugoson, ism\u00e9t hosszabb id\u0151t t\u00f6lt\u00f6tt uradalmakban, majd G\u00f6rg\u00e9nyszentimr\u00e9n k\u00f6rjegyz\u0151 lett (1940\u2013). Minden hazafias, kultur\u00e1lis egyes\u00fclet tagja. <br \/><strong>Irod.:<\/strong> Sz\u00e9kelyf\u00f6ld \u00ed. k.<\/br><\/p>\n","protected":false},"excerpt":{"rendered":"<p>Dob\u00f3ka, 1902., \u2020?: k\u00f6rjegyz\u0151. \u2013 Tanulm\u00e1nyait Nagyenyeden a Bethlen Koll\u00e9giumban v\u00e9gezte, majd a debreceni Gazdas\u00e1gi Akad\u00e9mi\u00e1n k\u00e9t \u00e9vfolyamot hallgatott. Uradalmi tisztvisel\u0151 (\u20131930), azut\u00e1n k\u00f6zigazgat\u00e1si tanfolyamot v\u00e9gzett Lugoson, ism\u00e9t hosszabb id\u0151t t\u00f6lt\u00f6tt uradalmakban, majd G\u00f6rg\u00e9nyszentimr\u00e9n k\u00f6rjegyz\u0151 lett (1940\u2013). Minden hazafias, kultur\u00e1lis egyes\u00fclet tagja. Irod.: Sz\u00e9kelyf\u00f6ld \u00ed. k.<\/p>\n","protected":false},"featured_media":0,"comment_status":"open","ping_status":"closed","template":"","meta":[],"product_brand":[],"product_cat":[137],"product_tag":[],"class_list":{"0":"post-22584","1":"product","2":"type-product","3":"status-publish","5":"product_cat-maros-megyei-eletrajzi-lexikon","7":"first","8":"instock","9":"shipping-taxable","10":"product-type-simple"},"_links":{"self":[{"href":"https:\/\/uj.adatbank.ro\/lexikon\/wp-json\/wp\/v2\/product\/22584","targetHints":{"allow":["GET"]}}],"collection":[{"href":"https:\/\/uj.adatbank.ro\/lexikon\/wp-json\/wp\/v2\/product"}],"about":[{"href":"https:\/\/uj.adatbank.ro\/lexikon\/wp-json\/wp\/v2\/types\/product"}],"replies":[{"embeddable":true,"href":"https:\/\/uj.adatbank.ro\/lexikon\/wp-json\/wp\/v2\/comments?post=22584"}],"wp:attachment":[{"href":"https:\/\/uj.adatbank.ro\/lexikon\/wp-json\/wp\/v2\/media?parent=22584"}],"wp:term":[{"taxonomy":"product_brand","embeddable":true,"href":"https:\/\/uj.adatbank.ro\/lexikon\/wp-json\/wp\/v2\/product_brand?post=22584"},{"taxonomy":"product_cat","embeddable":true,"href":"https:\/\/uj.adatbank.ro\/lexikon\/wp-json\/wp\/v2\/product_cat?post=22584"},{"taxonomy":"product_tag","embeddable":true,"href":"https:\/\/uj.adatbank.ro\/lexikon\/wp-json\/wp\/v2\/product_tag?post=22584"}],"curies":[{"name":"wp","href":"https:\/\/api.w.org\/{rel}","templated":true}]}}