{"id":22591,"date":"2025-08-01T16:51:47","date_gmt":"2025-08-01T14:51:47","guid":{"rendered":"https:\/\/uj.adatbank.ro\/lexikon\/termek\/tabacariu-valer\/"},"modified":"2025-08-01T16:51:47","modified_gmt":"2025-08-01T14:51:47","slug":"tabacariu-valer","status":"publish","type":"product","link":"https:\/\/uj.adatbank.ro\/lexikon\/termek\/tabacariu-valer\/","title":{"rendered":"T\u0102B\u0102CARIU, Valer"},"content":{"rendered":"<p>Mv., 1875. j\u00fan.15., \u2020 ?: \u00fcgyv\u00e9d. \u2013 Tanult Szeben a gimn.-ban (1894\u201395), jogot Kv.-on FJTE jogi \u00e9s politikatudom\u00e1nyi kar\u00e1n v\u00e9gzett, ahol politikatudom\u00e1nyi doktor\u00e1tust tett (1903. m\u00e1j. 23.). Mint p\u00e9nz\u00fcgyi fel\u00fcgyel\u0151 tev\u00e9kenykedett. <br \/><strong>\u2013 Irod.:<\/strong> Stanciu.<\/br><\/p>\n","protected":false},"excerpt":{"rendered":"<p>Mv., 1875. j\u00fan.15., \u2020 ?: \u00fcgyv\u00e9d. \u2013 Tanult Szeben a gimn.-ban (1894\u201395), jogot Kv.-on FJTE jogi \u00e9s politikatudom\u00e1nyi kar\u00e1n v\u00e9gzett, ahol politikatudom\u00e1nyi doktor\u00e1tust tett (1903. m\u00e1j. 23.). Mint p\u00e9nz\u00fcgyi fel\u00fcgyel\u0151 tev\u00e9kenykedett. \u2013 Irod.: Stanciu.<\/p>\n","protected":false},"featured_media":0,"comment_status":"open","ping_status":"closed","template":"","meta":[],"product_brand":[],"product_cat":[137],"product_tag":[],"class_list":{"0":"post-22591","1":"product","2":"type-product","3":"status-publish","5":"product_cat-maros-megyei-eletrajzi-lexikon","7":"first","8":"instock","9":"shipping-taxable","10":"product-type-simple"},"_links":{"self":[{"href":"https:\/\/uj.adatbank.ro\/lexikon\/wp-json\/wp\/v2\/product\/22591","targetHints":{"allow":["GET"]}}],"collection":[{"href":"https:\/\/uj.adatbank.ro\/lexikon\/wp-json\/wp\/v2\/product"}],"about":[{"href":"https:\/\/uj.adatbank.ro\/lexikon\/wp-json\/wp\/v2\/types\/product"}],"replies":[{"embeddable":true,"href":"https:\/\/uj.adatbank.ro\/lexikon\/wp-json\/wp\/v2\/comments?post=22591"}],"wp:attachment":[{"href":"https:\/\/uj.adatbank.ro\/lexikon\/wp-json\/wp\/v2\/media?parent=22591"}],"wp:term":[{"taxonomy":"product_brand","embeddable":true,"href":"https:\/\/uj.adatbank.ro\/lexikon\/wp-json\/wp\/v2\/product_brand?post=22591"},{"taxonomy":"product_cat","embeddable":true,"href":"https:\/\/uj.adatbank.ro\/lexikon\/wp-json\/wp\/v2\/product_cat?post=22591"},{"taxonomy":"product_tag","embeddable":true,"href":"https:\/\/uj.adatbank.ro\/lexikon\/wp-json\/wp\/v2\/product_tag?post=22591"}],"curies":[{"name":"wp","href":"https:\/\/api.w.org\/{rel}","templated":true}]}}