{"id":22594,"date":"2025-08-01T16:51:55","date_gmt":"2025-08-01T14:51:55","guid":{"rendered":"https:\/\/uj.adatbank.ro\/lexikon\/termek\/tabodi-maria\/"},"modified":"2025-08-01T16:51:55","modified_gmt":"2025-08-01T14:51:55","slug":"tabodi-maria","status":"publish","type":"product","link":"https:\/\/uj.adatbank.ro\/lexikon\/termek\/tabodi-maria\/","title":{"rendered":"TAB\u00d3DI M\u00e1ria"},"content":{"rendered":"<p>? \u2020 ?: sz\u00edn\u00e9szn\u0151. \u2013 A mv.-i Sz\u00e9kely Sz\u00ednh\u00e1z tagja (1946\u2013). \u2013 <strong>F. sz.:<\/strong>: Lucy (P. Laurent: Szerelmes levelek); Rosita (N. Machiavelli: Mandrag\u00f3ra); Z\u00f6ldhelyin\u00e9 (Eisemann M.: Egy cs\u00f3k \u00e9s m\u00e1s semmi); Mm. La Marquise (Eisemann M.: Fekete P\u00e9ter); F\u00e9f\u00e9 (K\u00e1lm\u00e1n Imre: Bajad\u00e9r); Csap\u00f3n\u00e9 (T\u00f3th Ede: A falu rossza); M\u00e1rta (Heltai Jen\u0151: A n\u00e9ma levente); II. h\u00f6lgy (Kov\u00e1ts Dezs\u0151: Egyiptomi legenda); Gr\u00f3fn\u0151 (F\u00e9nyes Szabolcs: V\u00e9n di\u00f3fa); Mujk\u00f3n\u00e9 (Huszka Jen\u0151: G\u00fcl-Baba); Csel\u00e9dl\u00e1ny (L. Rachmanov: Viharos alkonyat), Felicie (A. Bisson: A n\u00e9vtelen asszony); Kati (K\u00e1lm\u00e1n Imre: Az obsitos); Kisasszony (Vaszary G\u00e1bor: Bubus); Clauden\u00e9 (Moliere: A f\u00f6sv\u00e9ny). A sz\u00ednh\u00e1z rom\u00e1n tagozat\u00e1n alak\u00edtotta: Moa\u015fa (Eduardo de Filippo: Minciuna are picioare lungi). <br \/><strong>\u2013 Irod.:<\/strong> Fodor Zeno; Horv\u00e1th Bea; Kov\u00e1cs Levente; N\u00fa. (1998. nov. 2).<\/br><\/p>\n","protected":false},"excerpt":{"rendered":"<p>? \u2020 ?: sz\u00edn\u00e9szn\u0151. \u2013 A mv.-i Sz\u00e9kely Sz\u00ednh\u00e1z tagja (1946\u2013). \u2013 F. sz.:: Lucy (P. Laurent: Szerelmes levelek); Rosita (N. Machiavelli: Mandrag\u00f3ra); Z\u00f6ldhelyin\u00e9 (Eisemann M.: Egy cs\u00f3k \u00e9s m\u00e1s semmi); Mm. La Marquise (Eisemann M.: Fekete P\u00e9ter); F\u00e9f\u00e9 (K\u00e1lm\u00e1n Imre: Bajad\u00e9r); Csap\u00f3n\u00e9 (T\u00f3th Ede: A falu rossza); M\u00e1rta (Heltai Jen\u0151: A n\u00e9ma levente); II. [&hellip;]<\/p>\n","protected":false},"featured_media":0,"comment_status":"open","ping_status":"closed","template":"","meta":[],"product_brand":[],"product_cat":[137],"product_tag":[],"class_list":{"0":"post-22594","1":"product","2":"type-product","3":"status-publish","5":"product_cat-maros-megyei-eletrajzi-lexikon","7":"first","8":"instock","9":"shipping-taxable","10":"product-type-simple"},"_links":{"self":[{"href":"https:\/\/uj.adatbank.ro\/lexikon\/wp-json\/wp\/v2\/product\/22594","targetHints":{"allow":["GET"]}}],"collection":[{"href":"https:\/\/uj.adatbank.ro\/lexikon\/wp-json\/wp\/v2\/product"}],"about":[{"href":"https:\/\/uj.adatbank.ro\/lexikon\/wp-json\/wp\/v2\/types\/product"}],"replies":[{"embeddable":true,"href":"https:\/\/uj.adatbank.ro\/lexikon\/wp-json\/wp\/v2\/comments?post=22594"}],"wp:attachment":[{"href":"https:\/\/uj.adatbank.ro\/lexikon\/wp-json\/wp\/v2\/media?parent=22594"}],"wp:term":[{"taxonomy":"product_brand","embeddable":true,"href":"https:\/\/uj.adatbank.ro\/lexikon\/wp-json\/wp\/v2\/product_brand?post=22594"},{"taxonomy":"product_cat","embeddable":true,"href":"https:\/\/uj.adatbank.ro\/lexikon\/wp-json\/wp\/v2\/product_cat?post=22594"},{"taxonomy":"product_tag","embeddable":true,"href":"https:\/\/uj.adatbank.ro\/lexikon\/wp-json\/wp\/v2\/product_tag?post=22594"}],"curies":[{"name":"wp","href":"https:\/\/api.w.org\/{rel}","templated":true}]}}