{"id":22595,"date":"2025-08-01T16:51:57","date_gmt":"2025-08-01T14:51:57","guid":{"rendered":"https:\/\/uj.adatbank.ro\/lexikon\/termek\/tacsa-nicolae\/"},"modified":"2025-08-01T16:51:57","modified_gmt":"2025-08-01T14:51:57","slug":"tacsa-nicolae","status":"publish","type":"product","link":"https:\/\/uj.adatbank.ro\/lexikon\/termek\/tacsa-nicolae\/","title":{"rendered":"TAC\u015eA, Nicolae"},"content":{"rendered":"<p>? \u2020 ?: ort. pap. \u2013 Esperes Malomfalv\u00e1n (1778\u20131805). Perbe fogt\u00e1k \u00e9s b\u00f6rt\u00f6nbe z\u00e1rt\u00e1k, mert a Ny\u00e1r\u00e1d v\u00f6lgy\u00e9ben az ort. vall\u00e1st terjesztette, \u00e9s a g. kat. h\u00edvek \u00e1tt\u00e9r\u00e9s\u00e9t szorgalmazta (1778). A b\u00f6rt\u00f6nb\u0151l Grigore Maior szabad\u00edtotta ki, igazolta azt, h. g. kat. vall\u00e1sra t\u00e9rt (1780). <br \/><strong>\u2013 Irod.:<\/strong> \u015eincan 2006.<\/br><\/p>\n","protected":false},"excerpt":{"rendered":"<p>? \u2020 ?: ort. pap. \u2013 Esperes Malomfalv\u00e1n (1778\u20131805). Perbe fogt\u00e1k \u00e9s b\u00f6rt\u00f6nbe z\u00e1rt\u00e1k, mert a Ny\u00e1r\u00e1d v\u00f6lgy\u00e9ben az ort. vall\u00e1st terjesztette, \u00e9s a g. kat. h\u00edvek \u00e1tt\u00e9r\u00e9s\u00e9t szorgalmazta (1778). A b\u00f6rt\u00f6nb\u0151l Grigore Maior szabad\u00edtotta ki, igazolta azt, h. g. kat. vall\u00e1sra t\u00e9rt (1780). \u2013 Irod.: \u015eincan 2006.<\/p>\n","protected":false},"featured_media":0,"comment_status":"open","ping_status":"closed","template":"","meta":[],"product_brand":[],"product_cat":[137],"product_tag":[],"class_list":{"0":"post-22595","1":"product","2":"type-product","3":"status-publish","5":"product_cat-maros-megyei-eletrajzi-lexikon","7":"first","8":"instock","9":"shipping-taxable","10":"product-type-simple"},"_links":{"self":[{"href":"https:\/\/uj.adatbank.ro\/lexikon\/wp-json\/wp\/v2\/product\/22595","targetHints":{"allow":["GET"]}}],"collection":[{"href":"https:\/\/uj.adatbank.ro\/lexikon\/wp-json\/wp\/v2\/product"}],"about":[{"href":"https:\/\/uj.adatbank.ro\/lexikon\/wp-json\/wp\/v2\/types\/product"}],"replies":[{"embeddable":true,"href":"https:\/\/uj.adatbank.ro\/lexikon\/wp-json\/wp\/v2\/comments?post=22595"}],"wp:attachment":[{"href":"https:\/\/uj.adatbank.ro\/lexikon\/wp-json\/wp\/v2\/media?parent=22595"}],"wp:term":[{"taxonomy":"product_brand","embeddable":true,"href":"https:\/\/uj.adatbank.ro\/lexikon\/wp-json\/wp\/v2\/product_brand?post=22595"},{"taxonomy":"product_cat","embeddable":true,"href":"https:\/\/uj.adatbank.ro\/lexikon\/wp-json\/wp\/v2\/product_cat?post=22595"},{"taxonomy":"product_tag","embeddable":true,"href":"https:\/\/uj.adatbank.ro\/lexikon\/wp-json\/wp\/v2\/product_tag?post=22595"}],"curies":[{"name":"wp","href":"https:\/\/api.w.org\/{rel}","templated":true}]}}