{"id":22597,"date":"2025-08-01T16:52:00","date_gmt":"2025-08-01T14:52:00","guid":{"rendered":"https:\/\/uj.adatbank.ro\/lexikon\/termek\/takacs-bela-%c2%a7\/"},"modified":"2025-08-01T16:52:00","modified_gmt":"2025-08-01T14:52:00","slug":"takacs-bela-%c2%a7","status":"publish","type":"product","link":"https:\/\/uj.adatbank.ro\/lexikon\/termek\/takacs-bela-%c2%a7\/","title":{"rendered":"TAK\u00c1CS B\u00e9la, \u00a7"},"content":{"rendered":"<p>Mv., 1899 \u2020 ?: hentes \u00e9s m\u00e9sz\u00e1rosmester. \u2013 Iskol\u00e1i elv\u00e9gz\u00e9se ut\u00e1n a h\u00fasiparban szabadult fel, majd \u00f6n\u00e1ll\u00f3 lett. Magassz\u00ednvonal\u00fa \u00fczem\u00e9ben \u00e1lland\u00f3an friss v\u00e1g\u00e1s\u00fa h\u00fasokat tartott. Az I. vh.-ban t\u00fcz\u00e9r volt, az 53-as neh\u00e9zt\u00fcz\u00e9r ezredben teljes\u00edtett szolg\u00e1latot, kit\u00fcntett\u00e9k a bronz v.-\u00e9. \u00e9s a K\u00e1roly Csapatkereszttel. <br \/><strong>\u2013 Irod.:<\/strong> Sz\u00e9kelyf\u00f6ld \u00ed. k.; Visnai.<\/br><\/p>\n","protected":false},"excerpt":{"rendered":"<p>Mv., 1899 \u2020 ?: hentes \u00e9s m\u00e9sz\u00e1rosmester. \u2013 Iskol\u00e1i elv\u00e9gz\u00e9se ut\u00e1n a h\u00fasiparban szabadult fel, majd \u00f6n\u00e1ll\u00f3 lett. Magassz\u00ednvonal\u00fa \u00fczem\u00e9ben \u00e1lland\u00f3an friss v\u00e1g\u00e1s\u00fa h\u00fasokat tartott. Az I. vh.-ban t\u00fcz\u00e9r volt, az 53-as neh\u00e9zt\u00fcz\u00e9r ezredben teljes\u00edtett szolg\u00e1latot, kit\u00fcntett\u00e9k a bronz v.-\u00e9. \u00e9s a K\u00e1roly Csapatkereszttel. \u2013 Irod.: Sz\u00e9kelyf\u00f6ld \u00ed. k.; Visnai.<\/p>\n","protected":false},"featured_media":0,"comment_status":"open","ping_status":"closed","template":"","meta":[],"product_brand":[],"product_cat":[137],"product_tag":[],"class_list":{"0":"post-22597","1":"product","2":"type-product","3":"status-publish","5":"product_cat-maros-megyei-eletrajzi-lexikon","7":"first","8":"instock","9":"shipping-taxable","10":"product-type-simple"},"_links":{"self":[{"href":"https:\/\/uj.adatbank.ro\/lexikon\/wp-json\/wp\/v2\/product\/22597","targetHints":{"allow":["GET"]}}],"collection":[{"href":"https:\/\/uj.adatbank.ro\/lexikon\/wp-json\/wp\/v2\/product"}],"about":[{"href":"https:\/\/uj.adatbank.ro\/lexikon\/wp-json\/wp\/v2\/types\/product"}],"replies":[{"embeddable":true,"href":"https:\/\/uj.adatbank.ro\/lexikon\/wp-json\/wp\/v2\/comments?post=22597"}],"wp:attachment":[{"href":"https:\/\/uj.adatbank.ro\/lexikon\/wp-json\/wp\/v2\/media?parent=22597"}],"wp:term":[{"taxonomy":"product_brand","embeddable":true,"href":"https:\/\/uj.adatbank.ro\/lexikon\/wp-json\/wp\/v2\/product_brand?post=22597"},{"taxonomy":"product_cat","embeddable":true,"href":"https:\/\/uj.adatbank.ro\/lexikon\/wp-json\/wp\/v2\/product_cat?post=22597"},{"taxonomy":"product_tag","embeddable":true,"href":"https:\/\/uj.adatbank.ro\/lexikon\/wp-json\/wp\/v2\/product_tag?post=22597"}],"curies":[{"name":"wp","href":"https:\/\/api.w.org\/{rel}","templated":true}]}}