{"id":22603,"date":"2025-08-01T16:52:15","date_gmt":"2025-08-01T14:52:15","guid":{"rendered":"https:\/\/uj.adatbank.ro\/lexikon\/termek\/takacs-janos-2\/"},"modified":"2025-08-01T16:52:15","modified_gmt":"2025-08-01T14:52:15","slug":"takacs-janos-2","status":"publish","type":"product","link":"https:\/\/uj.adatbank.ro\/lexikon\/termek\/takacs-janos-2\/","title":{"rendered":"TAK\u00c1CS J\u00e1nos"},"content":{"rendered":"<p>? \u2020 ?: tan\u00e1r. \u2013 A kv.-i Ref. Koll. term\u00e9szet-, vegy- \u00e9s sz\u00e1mtantan\u00e1ra (1845\u2013) a Term\u00e9szettudom\u00e1nyi T\u00e1rsas\u00e1g tagja. \u2212 Irod.: Ga\u00e1l 2001.<\/br><\/p>\n","protected":false},"excerpt":{"rendered":"<p>? \u2020 ?: tan\u00e1r. \u2013 A kv.-i Ref. Koll. term\u00e9szet-, vegy- \u00e9s sz\u00e1mtantan\u00e1ra (1845\u2013) a Term\u00e9szettudom\u00e1nyi T\u00e1rsas\u00e1g tagja. \u2212 Irod.: Ga\u00e1l 2001.<\/p>\n","protected":false},"featured_media":0,"comment_status":"open","ping_status":"closed","template":"","meta":[],"product_brand":[],"product_cat":[137],"product_tag":[],"class_list":{"0":"post-22603","1":"product","2":"type-product","3":"status-publish","5":"product_cat-maros-megyei-eletrajzi-lexikon","7":"first","8":"instock","9":"shipping-taxable","10":"product-type-simple"},"_links":{"self":[{"href":"https:\/\/uj.adatbank.ro\/lexikon\/wp-json\/wp\/v2\/product\/22603","targetHints":{"allow":["GET"]}}],"collection":[{"href":"https:\/\/uj.adatbank.ro\/lexikon\/wp-json\/wp\/v2\/product"}],"about":[{"href":"https:\/\/uj.adatbank.ro\/lexikon\/wp-json\/wp\/v2\/types\/product"}],"replies":[{"embeddable":true,"href":"https:\/\/uj.adatbank.ro\/lexikon\/wp-json\/wp\/v2\/comments?post=22603"}],"wp:attachment":[{"href":"https:\/\/uj.adatbank.ro\/lexikon\/wp-json\/wp\/v2\/media?parent=22603"}],"wp:term":[{"taxonomy":"product_brand","embeddable":true,"href":"https:\/\/uj.adatbank.ro\/lexikon\/wp-json\/wp\/v2\/product_brand?post=22603"},{"taxonomy":"product_cat","embeddable":true,"href":"https:\/\/uj.adatbank.ro\/lexikon\/wp-json\/wp\/v2\/product_cat?post=22603"},{"taxonomy":"product_tag","embeddable":true,"href":"https:\/\/uj.adatbank.ro\/lexikon\/wp-json\/wp\/v2\/product_tag?post=22603"}],"curies":[{"name":"wp","href":"https:\/\/api.w.org\/{rel}","templated":true}]}}