{"id":22605,"date":"2025-08-01T16:52:20","date_gmt":"2025-08-01T14:52:20","guid":{"rendered":"https:\/\/uj.adatbank.ro\/lexikon\/termek\/takacs-janos-%c2%a7-takats-janos\/"},"modified":"2025-08-01T16:52:20","modified_gmt":"2025-08-01T14:52:20","slug":"takacs-janos-%c2%a7-takats-janos","status":"publish","type":"product","link":"https:\/\/uj.adatbank.ro\/lexikon\/termek\/takacs-janos-%c2%a7-takats-janos\/","title":{"rendered":"TAK\u00c1CS J\u00e1nos, \u00a7 Tak\u00e1ts J\u00e1nos"},"content":{"rendered":"<p>1850? \u2020 Mv., 1919. szept. 12.: ezredes. \u2013 Gyermekei: Magda, Katinka, Laczi, J\u00e1nos, Boriska, \u00c9va. \u2013 Az I. vh.-ban ezredes n\u00e9pfelkel\u0151 parancsnok. A Ferenc J\u00f3zsef-rend lovagja, a katonai \u00e9rdemkereszt, bronz katonai \u00e9rdemrend tulajdonosa. <br \/><strong>\u2013 Irod.:<\/strong> Gy\u00e1szjelent\u0151; Mv. \u00e9s a h\u00e1bor\u00fa.<\/br><\/p>\n","protected":false},"excerpt":{"rendered":"<p>1850? \u2020 Mv., 1919. szept. 12.: ezredes. \u2013 Gyermekei: Magda, Katinka, Laczi, J\u00e1nos, Boriska, \u00c9va. \u2013 Az I. vh.-ban ezredes n\u00e9pfelkel\u0151 parancsnok. A Ferenc J\u00f3zsef-rend lovagja, a katonai \u00e9rdemkereszt, bronz katonai \u00e9rdemrend tulajdonosa. \u2013 Irod.: Gy\u00e1szjelent\u0151; Mv. \u00e9s a h\u00e1bor\u00fa.<\/p>\n","protected":false},"featured_media":0,"comment_status":"open","ping_status":"closed","template":"","meta":[],"product_brand":[],"product_cat":[137],"product_tag":[],"class_list":{"0":"post-22605","1":"product","2":"type-product","3":"status-publish","5":"product_cat-maros-megyei-eletrajzi-lexikon","7":"first","8":"instock","9":"shipping-taxable","10":"product-type-simple"},"_links":{"self":[{"href":"https:\/\/uj.adatbank.ro\/lexikon\/wp-json\/wp\/v2\/product\/22605","targetHints":{"allow":["GET"]}}],"collection":[{"href":"https:\/\/uj.adatbank.ro\/lexikon\/wp-json\/wp\/v2\/product"}],"about":[{"href":"https:\/\/uj.adatbank.ro\/lexikon\/wp-json\/wp\/v2\/types\/product"}],"replies":[{"embeddable":true,"href":"https:\/\/uj.adatbank.ro\/lexikon\/wp-json\/wp\/v2\/comments?post=22605"}],"wp:attachment":[{"href":"https:\/\/uj.adatbank.ro\/lexikon\/wp-json\/wp\/v2\/media?parent=22605"}],"wp:term":[{"taxonomy":"product_brand","embeddable":true,"href":"https:\/\/uj.adatbank.ro\/lexikon\/wp-json\/wp\/v2\/product_brand?post=22605"},{"taxonomy":"product_cat","embeddable":true,"href":"https:\/\/uj.adatbank.ro\/lexikon\/wp-json\/wp\/v2\/product_cat?post=22605"},{"taxonomy":"product_tag","embeddable":true,"href":"https:\/\/uj.adatbank.ro\/lexikon\/wp-json\/wp\/v2\/product_tag?post=22605"}],"curies":[{"name":"wp","href":"https:\/\/api.w.org\/{rel}","templated":true}]}}