{"id":22606,"date":"2025-08-01T16:52:23","date_gmt":"2025-08-01T14:52:23","guid":{"rendered":"https:\/\/uj.adatbank.ro\/lexikon\/termek\/takacs-laszlo-szilard-%c2%a7\/"},"modified":"2025-08-01T16:52:23","modified_gmt":"2025-08-01T14:52:23","slug":"takacs-laszlo-szilard-%c2%a7","status":"publish","type":"product","link":"https:\/\/uj.adatbank.ro\/lexikon\/termek\/takacs-laszlo-szilard-%c2%a7\/","title":{"rendered":"TAK\u00c1CS L\u00e1szl\u00f3 Szil\u00e1rd, \u00a7"},"content":{"rendered":"<p>? 1969., \u2020 Buk., 1989. dec.: kiskatona, koronkai sz\u00e1rmaz\u00e1s\u00fa, akit az 1989-es esem\u00e9nyekor l\u0151ttek agyon Buk.-ben. A koronkai ref. templomban eml\u00e9k\u00e9t m\u00e1rv\u00e1nyt\u00e1bla \u0151rzi. <br \/><strong>\u2013 Irod.:<\/strong> Ioni\u0163oiu; [Nekrol\u00f3g] (V.Z., 1989. dec. 28.); Sepsisz\u00e9ki.<\/br><\/p>\n","protected":false},"excerpt":{"rendered":"<p>? 1969., \u2020 Buk., 1989. dec.: kiskatona, koronkai sz\u00e1rmaz\u00e1s\u00fa, akit az 1989-es esem\u00e9nyekor l\u0151ttek agyon Buk.-ben. A koronkai ref. templomban eml\u00e9k\u00e9t m\u00e1rv\u00e1nyt\u00e1bla \u0151rzi. \u2013 Irod.: Ioni\u0163oiu; [Nekrol\u00f3g] (V.Z., 1989. dec. 28.); Sepsisz\u00e9ki.<\/p>\n","protected":false},"featured_media":0,"comment_status":"open","ping_status":"closed","template":"","meta":[],"product_brand":[],"product_cat":[137],"product_tag":[],"class_list":{"0":"post-22606","1":"product","2":"type-product","3":"status-publish","5":"product_cat-maros-megyei-eletrajzi-lexikon","7":"first","8":"instock","9":"shipping-taxable","10":"product-type-simple"},"_links":{"self":[{"href":"https:\/\/uj.adatbank.ro\/lexikon\/wp-json\/wp\/v2\/product\/22606","targetHints":{"allow":["GET"]}}],"collection":[{"href":"https:\/\/uj.adatbank.ro\/lexikon\/wp-json\/wp\/v2\/product"}],"about":[{"href":"https:\/\/uj.adatbank.ro\/lexikon\/wp-json\/wp\/v2\/types\/product"}],"replies":[{"embeddable":true,"href":"https:\/\/uj.adatbank.ro\/lexikon\/wp-json\/wp\/v2\/comments?post=22606"}],"wp:attachment":[{"href":"https:\/\/uj.adatbank.ro\/lexikon\/wp-json\/wp\/v2\/media?parent=22606"}],"wp:term":[{"taxonomy":"product_brand","embeddable":true,"href":"https:\/\/uj.adatbank.ro\/lexikon\/wp-json\/wp\/v2\/product_brand?post=22606"},{"taxonomy":"product_cat","embeddable":true,"href":"https:\/\/uj.adatbank.ro\/lexikon\/wp-json\/wp\/v2\/product_cat?post=22606"},{"taxonomy":"product_tag","embeddable":true,"href":"https:\/\/uj.adatbank.ro\/lexikon\/wp-json\/wp\/v2\/product_tag?post=22606"}],"curies":[{"name":"wp","href":"https:\/\/api.w.org\/{rel}","templated":true}]}}