{"id":22609,"date":"2025-08-01T16:52:28","date_gmt":"2025-08-01T14:52:28","guid":{"rendered":"https:\/\/uj.adatbank.ro\/lexikon\/termek\/takacs-sara\/"},"modified":"2025-08-01T16:52:28","modified_gmt":"2025-08-01T14:52:28","slug":"takacs-sara","status":"publish","type":"product","link":"https:\/\/uj.adatbank.ro\/lexikon\/termek\/takacs-sara\/","title":{"rendered":"TAK\u00c1CS S\u00e1ra"},"content":{"rendered":"<p>? \u2020 ?: tan\u00e1r. \u2013 F\u00e9rje: T. K\u00e1roly tan\u00e1r. \u2013 A mv.-i volt Ref. Koll.-ban, az akkori Ranghe\u0163 Fi\u00fal\u00edc.-ban, a mai Bolyai Farkas L\u00edc-ban (1947\u201358), a 4.-es sz. k\u00f6z\u00e9piskol\u00e1ban is tan\u00edtott (1958\u2013). <br \/><strong>\u2013 Irod.:<\/strong> Sk\u00f3la.<\/br><\/p>\n","protected":false},"excerpt":{"rendered":"<p>? \u2020 ?: tan\u00e1r. \u2013 F\u00e9rje: T. K\u00e1roly tan\u00e1r. \u2013 A mv.-i volt Ref. Koll.-ban, az akkori Ranghe\u0163 Fi\u00fal\u00edc.-ban, a mai Bolyai Farkas L\u00edc-ban (1947\u201358), a 4.-es sz. k\u00f6z\u00e9piskol\u00e1ban is tan\u00edtott (1958\u2013). \u2013 Irod.: Sk\u00f3la.<\/p>\n","protected":false},"featured_media":0,"comment_status":"open","ping_status":"closed","template":"","meta":[],"product_brand":[],"product_cat":[137],"product_tag":[],"class_list":{"0":"post-22609","1":"product","2":"type-product","3":"status-publish","5":"product_cat-maros-megyei-eletrajzi-lexikon","7":"first","8":"instock","9":"shipping-taxable","10":"product-type-simple"},"_links":{"self":[{"href":"https:\/\/uj.adatbank.ro\/lexikon\/wp-json\/wp\/v2\/product\/22609","targetHints":{"allow":["GET"]}}],"collection":[{"href":"https:\/\/uj.adatbank.ro\/lexikon\/wp-json\/wp\/v2\/product"}],"about":[{"href":"https:\/\/uj.adatbank.ro\/lexikon\/wp-json\/wp\/v2\/types\/product"}],"replies":[{"embeddable":true,"href":"https:\/\/uj.adatbank.ro\/lexikon\/wp-json\/wp\/v2\/comments?post=22609"}],"wp:attachment":[{"href":"https:\/\/uj.adatbank.ro\/lexikon\/wp-json\/wp\/v2\/media?parent=22609"}],"wp:term":[{"taxonomy":"product_brand","embeddable":true,"href":"https:\/\/uj.adatbank.ro\/lexikon\/wp-json\/wp\/v2\/product_brand?post=22609"},{"taxonomy":"product_cat","embeddable":true,"href":"https:\/\/uj.adatbank.ro\/lexikon\/wp-json\/wp\/v2\/product_cat?post=22609"},{"taxonomy":"product_tag","embeddable":true,"href":"https:\/\/uj.adatbank.ro\/lexikon\/wp-json\/wp\/v2\/product_tag?post=22609"}],"curies":[{"name":"wp","href":"https:\/\/api.w.org\/{rel}","templated":true}]}}