{"id":22610,"date":"2025-08-01T16:52:33","date_gmt":"2025-08-01T14:52:33","guid":{"rendered":"https:\/\/uj.adatbank.ro\/lexikon\/termek\/takacs-tibor\/"},"modified":"2025-08-01T16:52:33","modified_gmt":"2025-08-01T14:52:33","slug":"takacs-tibor","status":"publish","type":"product","link":"https:\/\/uj.adatbank.ro\/lexikon\/termek\/takacs-tibor\/","title":{"rendered":"TAK\u00c1CS Tibor"},"content":{"rendered":"<p>Temesv\u00e1r, 1936., \u2020 Mv., 2007: orvos. \u2013Feles\u00e9ge: Csoboth Berta (1939\u20132012) Temesv\u00e1ron volt k\u00f6z\u00e9piskol\u00e1s, a MOGYI orvosi kar\u00e1n v\u00e9gzett (1961). Reanim\u00e1l\u00f3 \u00e9s aneszteziol\u00f3gus orvos Marosludason, versenyvizsga ut\u00e1n alorvos, majd reanim\u00e1l\u00f3 \u00e9s aneszteziol\u00f3gus szakorvos. <br \/><strong>\u2013 Irod.:<\/strong> Kiss\u2013P\u00e9terffy\u2013P\u00e9terffy; Kiss Cs. M 4.<\/br><\/p>\n","protected":false},"excerpt":{"rendered":"<p>Temesv\u00e1r, 1936., \u2020 Mv., 2007: orvos. \u2013Feles\u00e9ge: Csoboth Berta (1939\u20132012) Temesv\u00e1ron volt k\u00f6z\u00e9piskol\u00e1s, a MOGYI orvosi kar\u00e1n v\u00e9gzett (1961). Reanim\u00e1l\u00f3 \u00e9s aneszteziol\u00f3gus orvos Marosludason, versenyvizsga ut\u00e1n alorvos, majd reanim\u00e1l\u00f3 \u00e9s aneszteziol\u00f3gus szakorvos. \u2013 Irod.: Kiss\u2013P\u00e9terffy\u2013P\u00e9terffy; Kiss Cs. M 4.<\/p>\n","protected":false},"featured_media":0,"comment_status":"open","ping_status":"closed","template":"","meta":[],"product_brand":[],"product_cat":[137],"product_tag":[],"class_list":{"0":"post-22610","1":"product","2":"type-product","3":"status-publish","5":"product_cat-maros-megyei-eletrajzi-lexikon","7":"first","8":"instock","9":"shipping-taxable","10":"product-type-simple"},"_links":{"self":[{"href":"https:\/\/uj.adatbank.ro\/lexikon\/wp-json\/wp\/v2\/product\/22610","targetHints":{"allow":["GET"]}}],"collection":[{"href":"https:\/\/uj.adatbank.ro\/lexikon\/wp-json\/wp\/v2\/product"}],"about":[{"href":"https:\/\/uj.adatbank.ro\/lexikon\/wp-json\/wp\/v2\/types\/product"}],"replies":[{"embeddable":true,"href":"https:\/\/uj.adatbank.ro\/lexikon\/wp-json\/wp\/v2\/comments?post=22610"}],"wp:attachment":[{"href":"https:\/\/uj.adatbank.ro\/lexikon\/wp-json\/wp\/v2\/media?parent=22610"}],"wp:term":[{"taxonomy":"product_brand","embeddable":true,"href":"https:\/\/uj.adatbank.ro\/lexikon\/wp-json\/wp\/v2\/product_brand?post=22610"},{"taxonomy":"product_cat","embeddable":true,"href":"https:\/\/uj.adatbank.ro\/lexikon\/wp-json\/wp\/v2\/product_cat?post=22610"},{"taxonomy":"product_tag","embeddable":true,"href":"https:\/\/uj.adatbank.ro\/lexikon\/wp-json\/wp\/v2\/product_tag?post=22610"}],"curies":[{"name":"wp","href":"https:\/\/api.w.org\/{rel}","templated":true}]}}