{"id":22612,"date":"2025-08-01T16:52:38","date_gmt":"2025-08-01T14:52:38","guid":{"rendered":"https:\/\/uj.adatbank.ro\/lexikon\/termek\/takacsy-ignac-takacs-ignac\/"},"modified":"2025-08-01T16:52:38","modified_gmt":"2025-08-01T14:52:38","slug":"takacsy-ignac-takacs-ignac","status":"publish","type":"product","link":"https:\/\/uj.adatbank.ro\/lexikon\/termek\/takacsy-ignac-takacs-ignac\/","title":{"rendered":"TAK\u00c1CSY Ign\u00e1c, Tak\u00e1cs Ign\u00e1c"},"content":{"rendered":"<p>? \u2020 ?: orgona\u00e9p\u00edt\u0151. \u2013 Mv.-i orgonak\u00e9sz\u00edt\u0151 mester. Kolonics Istv\u00e1n tan\u00edtv\u00e1nya \u00e9s munkat\u00e1rsa volt. Egyik legjelent\u0151sebb term\u00e9keny alkot\u00f3, k\u00f6zel 80 orgon\u00e1ja ismert, sz\u00e1mos jav\u00edt\u00e1sa, alak\u00edt\u00e1sa volt. Els\u0151 ismert orgon\u00e1ja 1860-b\u00f3l val\u00f3 az utols\u00f3 1900.T\u00f6bb munk\u00e1ja tal\u00e1lhat\u00f3 Maros megye ter\u00fclet\u00e9n a ref. templomokban: \u00c1kosfalva (1874, 1887), K\u00e1poszt\u00e1sszentmikl\u00f3s (1860), M\u00e1ja (1862); Backamadaras (1864), megjav\u00edtotta a sz\u00e9kelykakasdi templom orgon\u00e1j\u00e1t (1865), Balav\u00e1s\u00e1r, Mez\u0151k\u00f6b\u00f6lk\u00fat (1885), Bede (1900), Berekereszt\u00far m\u0171eml\u00e9k templom(1898), Csittszentiv\u00e1n (1876), Maross\u00e1rpatak (1870), Fintah\u00e1za (1881), G\u00f6cs (1887), Hagym\u00e1sbodon (1871), Atosfalva (1868), Sz\u00e9kelyszentistv\u00e1n (1890), Istv\u00e1nh\u00e1za (1883), Kisg\u00f6rg\u00e9ny (1896), Magyar\u00f3 (1871), Marosj\u00e1ra (1884), Marosugra (1892), Mez\u0151m\u00e9nes (1895), Nagy\u00f6lyves (1872), N\u00e1zn\u00e1nfalva (1882), Sz\u00e9kelytompa (1891), Ny\u00e1r\u00e1dszentbenedek (1874), Teremi\u00fajfalu (1895), Udvarfalva (1874), mv.-i ref. Kistemplom (1866); a dics\u0151szentm\u00e1rtoni r.k. templom (1874), a nagyernyei r.k. templom orgon\u00e1j\u00e1t \u00e9s \u00e1talak\u00edtotta a marosbog\u00e1ti (1881), a disznaj\u00f3i unit templom (1874) \u00e9s a vadadi unit. orgon\u00e1j\u00e1t (1878). \u0150 k\u00e9sz\u00edtette a verespataki unit templom (1862), a cs\u00edkszentdomokosi pl\u00e9b\u00e1nia (1860-as \u00e9vek), a gyimesk\u00f6z\u00e9ploki pl\u00e9b\u00e1nia orgon\u00e1j\u00e1t (51. m\u0171ve 1885). <br \/><strong>\u2013 Irod.:<\/strong> B\u00e1lint Zsigmond 2010; Cs\u00edky Csaba; D\u00e1vid; K\u00fck\u00fcll\u0151i Ref. Egyh\u00e1zm. 4.; M\u00e1ja; Maros-k\u00fck\u00fcll\u0151i f\u0151esp.; MMMM; Maros \u2013 m\u0171eml\u00e9kek; Nemes 2017; Ny\u00e1r\u00e1dszentbenedek; Sepsisz\u00e9ki; Sz\u00e9kelykakasd.<\/br><\/p>\n","protected":false},"excerpt":{"rendered":"<p>? \u2020 ?: orgona\u00e9p\u00edt\u0151. \u2013 Mv.-i orgonak\u00e9sz\u00edt\u0151 mester. Kolonics Istv\u00e1n tan\u00edtv\u00e1nya \u00e9s munkat\u00e1rsa volt. Egyik legjelent\u0151sebb term\u00e9keny alkot\u00f3, k\u00f6zel 80 orgon\u00e1ja ismert, sz\u00e1mos jav\u00edt\u00e1sa, alak\u00edt\u00e1sa volt. Els\u0151 ismert orgon\u00e1ja 1860-b\u00f3l val\u00f3 az utols\u00f3 1900.T\u00f6bb munk\u00e1ja tal\u00e1lhat\u00f3 Maros megye ter\u00fclet\u00e9n a ref. templomokban: \u00c1kosfalva (1874, 1887), K\u00e1poszt\u00e1sszentmikl\u00f3s (1860), M\u00e1ja (1862); Backamadaras (1864), megjav\u00edtotta a sz\u00e9kelykakasdi templom [&hellip;]<\/p>\n","protected":false},"featured_media":0,"comment_status":"open","ping_status":"closed","template":"","meta":[],"product_brand":[],"product_cat":[137],"product_tag":[],"class_list":{"0":"post-22612","1":"product","2":"type-product","3":"status-publish","5":"product_cat-maros-megyei-eletrajzi-lexikon","7":"first","8":"instock","9":"shipping-taxable","10":"product-type-simple"},"_links":{"self":[{"href":"https:\/\/uj.adatbank.ro\/lexikon\/wp-json\/wp\/v2\/product\/22612","targetHints":{"allow":["GET"]}}],"collection":[{"href":"https:\/\/uj.adatbank.ro\/lexikon\/wp-json\/wp\/v2\/product"}],"about":[{"href":"https:\/\/uj.adatbank.ro\/lexikon\/wp-json\/wp\/v2\/types\/product"}],"replies":[{"embeddable":true,"href":"https:\/\/uj.adatbank.ro\/lexikon\/wp-json\/wp\/v2\/comments?post=22612"}],"wp:attachment":[{"href":"https:\/\/uj.adatbank.ro\/lexikon\/wp-json\/wp\/v2\/media?parent=22612"}],"wp:term":[{"taxonomy":"product_brand","embeddable":true,"href":"https:\/\/uj.adatbank.ro\/lexikon\/wp-json\/wp\/v2\/product_brand?post=22612"},{"taxonomy":"product_cat","embeddable":true,"href":"https:\/\/uj.adatbank.ro\/lexikon\/wp-json\/wp\/v2\/product_cat?post=22612"},{"taxonomy":"product_tag","embeddable":true,"href":"https:\/\/uj.adatbank.ro\/lexikon\/wp-json\/wp\/v2\/product_tag?post=22612"}],"curies":[{"name":"wp","href":"https:\/\/api.w.org\/{rel}","templated":true}]}}