{"id":22613,"date":"2025-08-01T16:52:40","date_gmt":"2025-08-01T14:52:40","guid":{"rendered":"https:\/\/uj.adatbank.ro\/lexikon\/termek\/takar-schlier-magdolna\/"},"modified":"2025-08-01T16:52:40","modified_gmt":"2025-08-01T14:52:40","slug":"takar-schlier-magdolna","status":"publish","type":"product","link":"https:\/\/uj.adatbank.ro\/lexikon\/termek\/takar-schlier-magdolna\/","title":{"rendered":"TAK\u00c1R SCHLIER Magdolna"},"content":{"rendered":"<p>Mv., 1943 \u2020 2000: orvos. \u2013 Mv.en 4. sz. Le\u00e1ny k\u00f6z\u00e9piskol\u00e1ban tanult \u00e9s \u00e9retts\u00e9gizett (1960). A MOGYI-ban szerzett orvosi diplom\u00e1t (1966). t\u00fcd\u0151gy\u00f3gy\u00e1sz szakorvos, Gyergy\u00f3szentmikl\u00f3sban a TBC- betegek oszt\u00e1ly\u00e1t vezette. <br \/><strong>\u2013 Irod.:<\/strong> Kiss\u2013P\u00e9terffy\u2013P\u00e9terffy.<\/br><\/p>\n","protected":false},"excerpt":{"rendered":"<p>Mv., 1943 \u2020 2000: orvos. \u2013 Mv.en 4. sz. Le\u00e1ny k\u00f6z\u00e9piskol\u00e1ban tanult \u00e9s \u00e9retts\u00e9gizett (1960). A MOGYI-ban szerzett orvosi diplom\u00e1t (1966). t\u00fcd\u0151gy\u00f3gy\u00e1sz szakorvos, Gyergy\u00f3szentmikl\u00f3sban a TBC- betegek oszt\u00e1ly\u00e1t vezette. \u2013 Irod.: Kiss\u2013P\u00e9terffy\u2013P\u00e9terffy.<\/p>\n","protected":false},"featured_media":0,"comment_status":"open","ping_status":"closed","template":"","meta":[],"product_brand":[],"product_cat":[137],"product_tag":[],"class_list":{"0":"post-22613","1":"product","2":"type-product","3":"status-publish","5":"product_cat-maros-megyei-eletrajzi-lexikon","7":"first","8":"instock","9":"shipping-taxable","10":"product-type-simple"},"_links":{"self":[{"href":"https:\/\/uj.adatbank.ro\/lexikon\/wp-json\/wp\/v2\/product\/22613","targetHints":{"allow":["GET"]}}],"collection":[{"href":"https:\/\/uj.adatbank.ro\/lexikon\/wp-json\/wp\/v2\/product"}],"about":[{"href":"https:\/\/uj.adatbank.ro\/lexikon\/wp-json\/wp\/v2\/types\/product"}],"replies":[{"embeddable":true,"href":"https:\/\/uj.adatbank.ro\/lexikon\/wp-json\/wp\/v2\/comments?post=22613"}],"wp:attachment":[{"href":"https:\/\/uj.adatbank.ro\/lexikon\/wp-json\/wp\/v2\/media?parent=22613"}],"wp:term":[{"taxonomy":"product_brand","embeddable":true,"href":"https:\/\/uj.adatbank.ro\/lexikon\/wp-json\/wp\/v2\/product_brand?post=22613"},{"taxonomy":"product_cat","embeddable":true,"href":"https:\/\/uj.adatbank.ro\/lexikon\/wp-json\/wp\/v2\/product_cat?post=22613"},{"taxonomy":"product_tag","embeddable":true,"href":"https:\/\/uj.adatbank.ro\/lexikon\/wp-json\/wp\/v2\/product_tag?post=22613"}],"curies":[{"name":"wp","href":"https:\/\/api.w.org\/{rel}","templated":true}]}}