{"id":22617,"date":"2025-08-01T16:52:50","date_gmt":"2025-08-01T14:52:50","guid":{"rendered":"https:\/\/uj.adatbank.ro\/lexikon\/termek\/talas-marton\/"},"modified":"2025-08-01T16:52:50","modified_gmt":"2025-08-01T14:52:50","slug":"talas-marton","status":"publish","type":"product","link":"https:\/\/uj.adatbank.ro\/lexikon\/termek\/talas-marton\/","title":{"rendered":"T\u00c1LAS M\u00e1rton"},"content":{"rendered":"<p>? \u2020 ?: tan\u00edt\u00f3. \u2013 Sz\u00e9kelys\u00e1rdon tan\u00edtott. \u00c9l\u00e9nk m\u0171vel\u0151d\u00e9si \u00e9letet teremtett a faluban. A dal\u00e1rd\u00e1t alap\u00edtotta (1895), amely az I. vh.-ig folyamatosan m\u0171k\u00f6d\u00f6tt, betan\u00edtott sz\u00ednj\u00e1t\u00e9kokat. <br \/><strong>\u2013 Irod.:<\/strong> Ny\u00e1r\u00e1dszereda.<\/br><\/p>\n","protected":false},"excerpt":{"rendered":"<p>? \u2020 ?: tan\u00edt\u00f3. \u2013 Sz\u00e9kelys\u00e1rdon tan\u00edtott. \u00c9l\u00e9nk m\u0171vel\u0151d\u00e9si \u00e9letet teremtett a faluban. A dal\u00e1rd\u00e1t alap\u00edtotta (1895), amely az I. vh.-ig folyamatosan m\u0171k\u00f6d\u00f6tt, betan\u00edtott sz\u00ednj\u00e1t\u00e9kokat. \u2013 Irod.: Ny\u00e1r\u00e1dszereda.<\/p>\n","protected":false},"featured_media":0,"comment_status":"open","ping_status":"closed","template":"","meta":[],"product_brand":[],"product_cat":[137],"product_tag":[],"class_list":{"0":"post-22617","1":"product","2":"type-product","3":"status-publish","5":"product_cat-maros-megyei-eletrajzi-lexikon","7":"first","8":"instock","9":"shipping-taxable","10":"product-type-simple"},"_links":{"self":[{"href":"https:\/\/uj.adatbank.ro\/lexikon\/wp-json\/wp\/v2\/product\/22617","targetHints":{"allow":["GET"]}}],"collection":[{"href":"https:\/\/uj.adatbank.ro\/lexikon\/wp-json\/wp\/v2\/product"}],"about":[{"href":"https:\/\/uj.adatbank.ro\/lexikon\/wp-json\/wp\/v2\/types\/product"}],"replies":[{"embeddable":true,"href":"https:\/\/uj.adatbank.ro\/lexikon\/wp-json\/wp\/v2\/comments?post=22617"}],"wp:attachment":[{"href":"https:\/\/uj.adatbank.ro\/lexikon\/wp-json\/wp\/v2\/media?parent=22617"}],"wp:term":[{"taxonomy":"product_brand","embeddable":true,"href":"https:\/\/uj.adatbank.ro\/lexikon\/wp-json\/wp\/v2\/product_brand?post=22617"},{"taxonomy":"product_cat","embeddable":true,"href":"https:\/\/uj.adatbank.ro\/lexikon\/wp-json\/wp\/v2\/product_cat?post=22617"},{"taxonomy":"product_tag","embeddable":true,"href":"https:\/\/uj.adatbank.ro\/lexikon\/wp-json\/wp\/v2\/product_tag?post=22617"}],"curies":[{"name":"wp","href":"https:\/\/api.w.org\/{rel}","templated":true}]}}