{"id":22619,"date":"2025-08-01T16:52:56","date_gmt":"2025-08-01T14:52:56","guid":{"rendered":"https:\/\/uj.adatbank.ro\/lexikon\/termek\/tallos-jeno\/"},"modified":"2025-08-01T16:52:56","modified_gmt":"2025-08-01T14:52:56","slug":"tallos-jeno","status":"publish","type":"product","link":"https:\/\/uj.adatbank.ro\/lexikon\/termek\/tallos-jeno\/","title":{"rendered":"TALL\u00d3S Jen\u0151"},"content":{"rendered":"<p>Gyulafeh\u00e9rv\u00e1r, 1883. j\u00fal. 4., \u2020 Kv.-Kerekdomb, 1964. okt. 19.: r. k. pap. \u2013 Gyulafeh\u00e9rv\u00e1ron tanult \u00e9s szentelt\u00e9k papp\u00e1 (1905. nov. 9.). K\u00e1pl\u00e1n volt Ny\u00e1r\u00e1dremet\u00e9n (1905), Mv.-en (1908). Lelkip\u00e1sztor Mez\u0151madarason (1916), Magyarszarvaskenden, Kisb\u00e1cson, Kv.-on. <br \/><strong>\u2013 Irod.:<\/strong> Ferenczi S\u00e1ndor 2009.<\/br><\/p>\n","protected":false},"excerpt":{"rendered":"<p>Gyulafeh\u00e9rv\u00e1r, 1883. j\u00fal. 4., \u2020 Kv.-Kerekdomb, 1964. okt. 19.: r. k. pap. \u2013 Gyulafeh\u00e9rv\u00e1ron tanult \u00e9s szentelt\u00e9k papp\u00e1 (1905. nov. 9.). K\u00e1pl\u00e1n volt Ny\u00e1r\u00e1dremet\u00e9n (1905), Mv.-en (1908). Lelkip\u00e1sztor Mez\u0151madarason (1916), Magyarszarvaskenden, Kisb\u00e1cson, Kv.-on. \u2013 Irod.: Ferenczi S\u00e1ndor 2009.<\/p>\n","protected":false},"featured_media":0,"comment_status":"open","ping_status":"closed","template":"","meta":[],"product_brand":[],"product_cat":[137],"product_tag":[],"class_list":{"0":"post-22619","1":"product","2":"type-product","3":"status-publish","5":"product_cat-maros-megyei-eletrajzi-lexikon","7":"first","8":"instock","9":"shipping-taxable","10":"product-type-simple"},"_links":{"self":[{"href":"https:\/\/uj.adatbank.ro\/lexikon\/wp-json\/wp\/v2\/product\/22619","targetHints":{"allow":["GET"]}}],"collection":[{"href":"https:\/\/uj.adatbank.ro\/lexikon\/wp-json\/wp\/v2\/product"}],"about":[{"href":"https:\/\/uj.adatbank.ro\/lexikon\/wp-json\/wp\/v2\/types\/product"}],"replies":[{"embeddable":true,"href":"https:\/\/uj.adatbank.ro\/lexikon\/wp-json\/wp\/v2\/comments?post=22619"}],"wp:attachment":[{"href":"https:\/\/uj.adatbank.ro\/lexikon\/wp-json\/wp\/v2\/media?parent=22619"}],"wp:term":[{"taxonomy":"product_brand","embeddable":true,"href":"https:\/\/uj.adatbank.ro\/lexikon\/wp-json\/wp\/v2\/product_brand?post=22619"},{"taxonomy":"product_cat","embeddable":true,"href":"https:\/\/uj.adatbank.ro\/lexikon\/wp-json\/wp\/v2\/product_cat?post=22619"},{"taxonomy":"product_tag","embeddable":true,"href":"https:\/\/uj.adatbank.ro\/lexikon\/wp-json\/wp\/v2\/product_tag?post=22619"}],"curies":[{"name":"wp","href":"https:\/\/api.w.org\/{rel}","templated":true}]}}