{"id":22623,"date":"2025-08-01T16:53:05","date_gmt":"2025-08-01T14:53:05","guid":{"rendered":"https:\/\/uj.adatbank.ro\/lexikon\/termek\/talyai-samuel\/"},"modified":"2025-08-01T16:53:05","modified_gmt":"2025-08-01T14:53:05","slug":"talyai-samuel","status":"publish","type":"product","link":"https:\/\/uj.adatbank.ro\/lexikon\/termek\/talyai-samuel\/","title":{"rendered":"T\u00c1LYAI S\u00e1muel"},"content":{"rendered":"<p>? \u2020 ?: ref. lelk\u00e9sz. \u2013 Kv.-on subscrib\u00e1lt (1765). Papi felszentel\u00e9se a marosv\u00e9csi zsinaton t\u00f6rt\u00e9nt (1773). Bonyh\u00e1n szolg\u00e1lt (1771\u201375), megjav\u00edttatta a t\u00f6nkrement papi lakot, \u00fajra zsindelyeztette a templom fed\u00e9lzet\u00e9t. Sz\u0151kefalv\u00e1n m\u0171k\u00f6d\u00f6tt (1776\u201379), majd K\u00fck\u00fcll\u0151v\u00e1ron (1779\u201385) \u00e9s K\u00fck\u00fcll\u0151alm\u00e1son (1789\u20131810). <br \/><strong>\u2013 Irod.:<\/strong> Nagy L\u00e1szl\u00f3; Bonyha \u00e9s egyh\u00e1za; K\u00fck\u00fcll\u0151i Ref. Egyh\u00e1zm., 3., 4.<\/br><\/p>\n","protected":false},"excerpt":{"rendered":"<p>? \u2020 ?: ref. lelk\u00e9sz. \u2013 Kv.-on subscrib\u00e1lt (1765). Papi felszentel\u00e9se a marosv\u00e9csi zsinaton t\u00f6rt\u00e9nt (1773). Bonyh\u00e1n szolg\u00e1lt (1771\u201375), megjav\u00edttatta a t\u00f6nkrement papi lakot, \u00fajra zsindelyeztette a templom fed\u00e9lzet\u00e9t. Sz\u0151kefalv\u00e1n m\u0171k\u00f6d\u00f6tt (1776\u201379), majd K\u00fck\u00fcll\u0151v\u00e1ron (1779\u201385) \u00e9s K\u00fck\u00fcll\u0151alm\u00e1son (1789\u20131810). \u2013 Irod.: Nagy L\u00e1szl\u00f3; Bonyha \u00e9s egyh\u00e1za; K\u00fck\u00fcll\u0151i Ref. Egyh\u00e1zm., 3., 4.<\/p>\n","protected":false},"featured_media":0,"comment_status":"open","ping_status":"closed","template":"","meta":[],"product_brand":[],"product_cat":[137],"product_tag":[],"class_list":{"0":"post-22623","1":"product","2":"type-product","3":"status-publish","5":"product_cat-maros-megyei-eletrajzi-lexikon","7":"first","8":"instock","9":"shipping-taxable","10":"product-type-simple"},"_links":{"self":[{"href":"https:\/\/uj.adatbank.ro\/lexikon\/wp-json\/wp\/v2\/product\/22623","targetHints":{"allow":["GET"]}}],"collection":[{"href":"https:\/\/uj.adatbank.ro\/lexikon\/wp-json\/wp\/v2\/product"}],"about":[{"href":"https:\/\/uj.adatbank.ro\/lexikon\/wp-json\/wp\/v2\/types\/product"}],"replies":[{"embeddable":true,"href":"https:\/\/uj.adatbank.ro\/lexikon\/wp-json\/wp\/v2\/comments?post=22623"}],"wp:attachment":[{"href":"https:\/\/uj.adatbank.ro\/lexikon\/wp-json\/wp\/v2\/media?parent=22623"}],"wp:term":[{"taxonomy":"product_brand","embeddable":true,"href":"https:\/\/uj.adatbank.ro\/lexikon\/wp-json\/wp\/v2\/product_brand?post=22623"},{"taxonomy":"product_cat","embeddable":true,"href":"https:\/\/uj.adatbank.ro\/lexikon\/wp-json\/wp\/v2\/product_cat?post=22623"},{"taxonomy":"product_tag","embeddable":true,"href":"https:\/\/uj.adatbank.ro\/lexikon\/wp-json\/wp\/v2\/product_tag?post=22623"}],"curies":[{"name":"wp","href":"https:\/\/api.w.org\/{rel}","templated":true}]}}