{"id":22633,"date":"2025-08-01T16:53:28","date_gmt":"2025-08-01T14:53:28","guid":{"rendered":"https:\/\/uj.adatbank.ro\/lexikon\/termek\/tamas-erno-%c2%a7\/"},"modified":"2025-08-01T16:53:28","modified_gmt":"2025-08-01T14:53:28","slug":"tamas-erno-%c2%a7","status":"publish","type":"product","link":"https:\/\/uj.adatbank.ro\/lexikon\/termek\/tamas-erno-%c2%a7\/","title":{"rendered":"TAM\u00c1S Ern\u0151, \u00a7"},"content":{"rendered":"<p>? 1951. jan. 27., \u2020 Mv., 1989. dec. 21.: aut\u00f3szerel\u0151, a forradalom m\u00e1rt\u00edrja. \u2013 Mv. d\u00edszpolg\u00e1ra (1998), utca viseli a nev\u00e9t. <br \/><strong>\u2013 Irod.:<\/strong> Bak\u00f3 Zolt\u00e1n: Hi\u00e1nyos portr\u00e9v\u00e1zlat, vil\u00e1g\u00edt\u00f3 goly\u00f3kkal (N\u00fa., 1990. jan. 24.); Elm\u00falt jelen; Ioni\u0163oiu, Cicerone; [Nekrol\u00f3g] (N\u00fa., 1989. dec. 24.); M\u00e1th\u00e9 Levente; Mv.-i \u00e1ldozatok (N\u00fa., 1990. dec. 21.); N\u00fa. (1998. j\u00fan. 24); T\u0151k\u00e9s.<\/br><\/p>\n","protected":false},"excerpt":{"rendered":"<p>? 1951. jan. 27., \u2020 Mv., 1989. dec. 21.: aut\u00f3szerel\u0151, a forradalom m\u00e1rt\u00edrja. \u2013 Mv. d\u00edszpolg\u00e1ra (1998), utca viseli a nev\u00e9t. \u2013 Irod.: Bak\u00f3 Zolt\u00e1n: Hi\u00e1nyos portr\u00e9v\u00e1zlat, vil\u00e1g\u00edt\u00f3 goly\u00f3kkal (N\u00fa., 1990. jan. 24.); Elm\u00falt jelen; Ioni\u0163oiu, Cicerone; [Nekrol\u00f3g] (N\u00fa., 1989. dec. 24.); M\u00e1th\u00e9 Levente; Mv.-i \u00e1ldozatok (N\u00fa., 1990. dec. 21.); N\u00fa. (1998. j\u00fan. 24); T\u0151k\u00e9s.<\/p>\n","protected":false},"featured_media":0,"comment_status":"open","ping_status":"closed","template":"","meta":[],"product_brand":[],"product_cat":[137],"product_tag":[],"class_list":{"0":"post-22633","1":"product","2":"type-product","3":"status-publish","5":"product_cat-maros-megyei-eletrajzi-lexikon","7":"first","8":"instock","9":"shipping-taxable","10":"product-type-simple"},"_links":{"self":[{"href":"https:\/\/uj.adatbank.ro\/lexikon\/wp-json\/wp\/v2\/product\/22633","targetHints":{"allow":["GET"]}}],"collection":[{"href":"https:\/\/uj.adatbank.ro\/lexikon\/wp-json\/wp\/v2\/product"}],"about":[{"href":"https:\/\/uj.adatbank.ro\/lexikon\/wp-json\/wp\/v2\/types\/product"}],"replies":[{"embeddable":true,"href":"https:\/\/uj.adatbank.ro\/lexikon\/wp-json\/wp\/v2\/comments?post=22633"}],"wp:attachment":[{"href":"https:\/\/uj.adatbank.ro\/lexikon\/wp-json\/wp\/v2\/media?parent=22633"}],"wp:term":[{"taxonomy":"product_brand","embeddable":true,"href":"https:\/\/uj.adatbank.ro\/lexikon\/wp-json\/wp\/v2\/product_brand?post=22633"},{"taxonomy":"product_cat","embeddable":true,"href":"https:\/\/uj.adatbank.ro\/lexikon\/wp-json\/wp\/v2\/product_cat?post=22633"},{"taxonomy":"product_tag","embeddable":true,"href":"https:\/\/uj.adatbank.ro\/lexikon\/wp-json\/wp\/v2\/product_tag?post=22633"}],"curies":[{"name":"wp","href":"https:\/\/api.w.org\/{rel}","templated":true}]}}