{"id":22634,"date":"2025-08-01T16:53:31","date_gmt":"2025-08-01T14:53:31","guid":{"rendered":"https:\/\/uj.adatbank.ro\/lexikon\/termek\/tamas-ferenc-%c2%a7\/"},"modified":"2025-08-01T16:53:31","modified_gmt":"2025-08-01T14:53:31","slug":"tamas-ferenc-%c2%a7","status":"publish","type":"product","link":"https:\/\/uj.adatbank.ro\/lexikon\/termek\/tamas-ferenc-%c2%a7\/","title":{"rendered":"TAM\u00c1S Ferenc, \u00a7"},"content":{"rendered":"<p>Mv., 1922. okt. 3., \u2020 Mv., 2012 ?: sz\u00ednm\u0171v\u00e9sz. \u2013 Mv.-en a Ref. Koll. tanul\u00f3ja (1929\u201341), katona (1941\u201345), majd az OGYI hallgat\u00f3ja (1945\u201346). Kem\u00e9ny J\u00e1nos k\u00e9r\u00e9s\u00e9re elhagyta az orvosi egyetemet \u00e9s a mv.-i Sz\u00e9kely Sz\u00ednh\u00e1zhoz szerz\u0151d\u00f6tt (1946\u2013) \u00e9s Mv.-en m\u0171k\u00f6d\u00f6tt nyugd\u00edjaz\u00e1s\u00e1ig (1946\u201386), de alkalmank\u00e9nt tov\u00e1bbra is fell\u00e9pett (1991). Sz\u00ednes egy\u00e9nis\u00e9g, sokoldal\u00fa m\u0171v\u00e9sz, kit\u0171n\u0151 poent\u00edroz\u00f3 k\u00e9szs\u00e9ggel. Szerepeinek sz\u00e1ma mintegy m\u00e1sf\u00e9l sz\u00e1zat tesz ki. Legnagyobb sikereit a m\u00e9ltatlanul megb\u00e1ntott, igaztalanul szenved\u0151 vagy ellenkez\u0151leg, a m\u00e1sokat megb\u00e1nt\u00f3, alaptalanul \u00fcld\u00f6z\u0151 figur\u00e1k megeleven\u00edt\u00e9s\u00e9vel \u00e9rte el. Hunyadi L\u00e1szl\u00f3 d\u00edjat kapott (2005). \u2013 <strong>F. sz.:<\/strong>: Val\u00e9r (Moli\u00e9re: A f\u00f6sv\u00e9ny, 1947); Andr\u00e1s (Szigligeti: A csik\u00f3s, 1948); Bobcsinszkij (Gogol: A revizor, 1952); Szolgab\u00edr\u00f3 (Brody S.: A tan\u00edt\u00f3n\u0151); Crafts (G.B. Shaw: Warrenn\u00e9 mesters\u00e9ge, 1956); Pityorkin (Gorkij: Vassza Zseleznova, 1957); Madaras (S\u00fct\u0151 A.: T\u00e9kozl\u00f3 szerelem, 1962); Mitch (Williams: A v\u00e1gy villamosa, 1965); Morosan (Csiky G.: Bubor\u00e9kok, 1967); Banquo (W. Shakespeare: Machbeth), Demagog (M\u00e9hes Gy.: No\u00e9 b\u00e1rk\u00e1ja, 1969); Rankin (Shaw: Brassbound kapit\u00e1ny megt\u00e9r\u00e9se, 1970); Mikl\u00f3s (Raffai S.: Diplom\u00e1sok); D\u2019Orsigny (M. Bulgakov: K\u00e9pmutat\u00f3k cselsz\u00f6v\u00e9se, 1973); Dvojettocsije (Gorkij: Nyaral\u00f3k, 1974); Csebutikin (Csehov: H\u00e1rom n\u0151v\u00e9r, 1975); Nonancourt (E. Labiche: Az olasz szalmakalap, 1976); Trajan (T. Mu\u015fatescu: A sz\u00e9lkakas, 1979); Miska ban (Katona J.: B\u00e1nk b\u00e1n, 1981); Ory, f\u0151inkviz\u00edtor (S\u00fct\u0151 A.: Csillag a m\u00e1gly\u00e1n); Viki (Kincses E.: Porond); Sodr\u00f3 Antal (Csiky G.: Cifra nyomor\u00fas\u00e1g, 1982); Gh. Panait (T. Mu\u015fatescu: Szilveszter\u00e9ji \u00e1lom, 1983); Nagyapa (Br\u00f3dy S.: A dada, 1984); Robert (E. Labiche: Szemf\u00e9nyveszt\u0151k, 1985); Dinu (H. Lovinescu: Egy tiszteletre m\u00e9lt\u00f3 h\u00e1z, 1985); Ghighi Mirescu (H. Lovinescu: A Boga n\u0151v\u00e9rek, 1986); Alexandru Filimon (V. Eftimiu: A csavarg\u00f3), Borb\u00edr\u00f3 (M\u00f3ricz Zs.: \u00dari muri, 1990). \u2013 <strong>F. r.:<\/strong> Gorbatov, B.: Ap\u00e1k ifj\u00fas\u00e1ga (Lohinszky Lor\u00e1nddal, 1953); H. Lovinescu: A lerombolt fellegv\u00e1r (1958). <br \/><strong>\u2013 Irod.:<\/strong> Gy\u00e1rf\u00e1s L. Mikl\u00f3s: T. F. (V. Z., 1981. m\u00e1j. 10.); A H\u00e9t \u00e9vk. (1982); K\u00e1ntor\u2013K\u00f6t\u0151; Katona Szab\u00f3 Istv\u00e1n: Az \u00daj \u00c9let lexikona, 150 (\u00daj \u00c9let, 1976, 19. sz.), KKACs; Kusz\u00e1lik; M\u00e1th\u00e9 \u00c9va: Mikor a sz\u00edn\u00e9szre m\u00e9g feln\u00e9zett az ember&#8230; (N\u00fa., 1996. \u00e1pr. 18.); MSZL; Ol\u00e1h Tibor: Br\u00e1v\u00f3 Frici! (N\u00fa., 1990. dec. 4.); RMKK.<\/br><\/p>\n","protected":false},"excerpt":{"rendered":"<p>Mv., 1922. okt. 3., \u2020 Mv., 2012 ?: sz\u00ednm\u0171v\u00e9sz. \u2013 Mv.-en a Ref. Koll. tanul\u00f3ja (1929\u201341), katona (1941\u201345), majd az OGYI hallgat\u00f3ja (1945\u201346). Kem\u00e9ny J\u00e1nos k\u00e9r\u00e9s\u00e9re elhagyta az orvosi egyetemet \u00e9s a mv.-i Sz\u00e9kely Sz\u00ednh\u00e1zhoz szerz\u0151d\u00f6tt (1946\u2013) \u00e9s Mv.-en m\u0171k\u00f6d\u00f6tt nyugd\u00edjaz\u00e1s\u00e1ig (1946\u201386), de alkalmank\u00e9nt tov\u00e1bbra is fell\u00e9pett (1991). Sz\u00ednes egy\u00e9nis\u00e9g, sokoldal\u00fa m\u0171v\u00e9sz, kit\u0171n\u0151 poent\u00edroz\u00f3 k\u00e9szs\u00e9ggel. [&hellip;]<\/p>\n","protected":false},"featured_media":0,"comment_status":"open","ping_status":"closed","template":"","meta":[],"product_brand":[],"product_cat":[137],"product_tag":[],"class_list":{"0":"post-22634","1":"product","2":"type-product","3":"status-publish","5":"product_cat-maros-megyei-eletrajzi-lexikon","7":"first","8":"instock","9":"shipping-taxable","10":"product-type-simple"},"_links":{"self":[{"href":"https:\/\/uj.adatbank.ro\/lexikon\/wp-json\/wp\/v2\/product\/22634","targetHints":{"allow":["GET"]}}],"collection":[{"href":"https:\/\/uj.adatbank.ro\/lexikon\/wp-json\/wp\/v2\/product"}],"about":[{"href":"https:\/\/uj.adatbank.ro\/lexikon\/wp-json\/wp\/v2\/types\/product"}],"replies":[{"embeddable":true,"href":"https:\/\/uj.adatbank.ro\/lexikon\/wp-json\/wp\/v2\/comments?post=22634"}],"wp:attachment":[{"href":"https:\/\/uj.adatbank.ro\/lexikon\/wp-json\/wp\/v2\/media?parent=22634"}],"wp:term":[{"taxonomy":"product_brand","embeddable":true,"href":"https:\/\/uj.adatbank.ro\/lexikon\/wp-json\/wp\/v2\/product_brand?post=22634"},{"taxonomy":"product_cat","embeddable":true,"href":"https:\/\/uj.adatbank.ro\/lexikon\/wp-json\/wp\/v2\/product_cat?post=22634"},{"taxonomy":"product_tag","embeddable":true,"href":"https:\/\/uj.adatbank.ro\/lexikon\/wp-json\/wp\/v2\/product_tag?post=22634"}],"curies":[{"name":"wp","href":"https:\/\/api.w.org\/{rel}","templated":true}]}}