{"id":22637,"date":"2025-08-01T16:53:41","date_gmt":"2025-08-01T14:53:41","guid":{"rendered":"https:\/\/uj.adatbank.ro\/lexikon\/termek\/tamas-gyorgy\/"},"modified":"2025-08-01T16:53:41","modified_gmt":"2025-08-01T14:53:41","slug":"tamas-gyorgy","status":"publish","type":"product","link":"https:\/\/uj.adatbank.ro\/lexikon\/termek\/tamas-gyorgy\/","title":{"rendered":"TAM\u00c1S Gy\u00f6rgy"},"content":{"rendered":"<p>? \u2020 ?: ?. \u2013  <strong>F. m..:<\/strong> A magyar kereszt\u00e9ny ifj\u00fas\u00e1ghoz: az Ifj\u00fas\u00e1gi Kereszt\u00e9ny Sz\u00f6vets\u00e9g mv.-i tagozat\u00e1nak 1929. szept. 29. rendezett felolvas\u00f3 \u00fcl\u00e9s\u00e9n el\u0151adta (Mv., 1929). <br \/><strong>\u2013 Irod.:<\/strong> F\u00fcl\u00f6p\u2013Ferencz.<\/br><\/p>\n","protected":false},"excerpt":{"rendered":"<p>? \u2020 ?: ?. \u2013 F. m..: A magyar kereszt\u00e9ny ifj\u00fas\u00e1ghoz: az Ifj\u00fas\u00e1gi Kereszt\u00e9ny Sz\u00f6vets\u00e9g mv.-i tagozat\u00e1nak 1929. szept. 29. rendezett felolvas\u00f3 \u00fcl\u00e9s\u00e9n el\u0151adta (Mv., 1929). \u2013 Irod.: F\u00fcl\u00f6p\u2013Ferencz.<\/p>\n","protected":false},"featured_media":0,"comment_status":"open","ping_status":"closed","template":"","meta":[],"product_brand":[],"product_cat":[137],"product_tag":[],"class_list":{"0":"post-22637","1":"product","2":"type-product","3":"status-publish","5":"product_cat-maros-megyei-eletrajzi-lexikon","7":"first","8":"instock","9":"shipping-taxable","10":"product-type-simple"},"_links":{"self":[{"href":"https:\/\/uj.adatbank.ro\/lexikon\/wp-json\/wp\/v2\/product\/22637","targetHints":{"allow":["GET"]}}],"collection":[{"href":"https:\/\/uj.adatbank.ro\/lexikon\/wp-json\/wp\/v2\/product"}],"about":[{"href":"https:\/\/uj.adatbank.ro\/lexikon\/wp-json\/wp\/v2\/types\/product"}],"replies":[{"embeddable":true,"href":"https:\/\/uj.adatbank.ro\/lexikon\/wp-json\/wp\/v2\/comments?post=22637"}],"wp:attachment":[{"href":"https:\/\/uj.adatbank.ro\/lexikon\/wp-json\/wp\/v2\/media?parent=22637"}],"wp:term":[{"taxonomy":"product_brand","embeddable":true,"href":"https:\/\/uj.adatbank.ro\/lexikon\/wp-json\/wp\/v2\/product_brand?post=22637"},{"taxonomy":"product_cat","embeddable":true,"href":"https:\/\/uj.adatbank.ro\/lexikon\/wp-json\/wp\/v2\/product_cat?post=22637"},{"taxonomy":"product_tag","embeddable":true,"href":"https:\/\/uj.adatbank.ro\/lexikon\/wp-json\/wp\/v2\/product_tag?post=22637"}],"curies":[{"name":"wp","href":"https:\/\/api.w.org\/{rel}","templated":true}]}}