{"id":22640,"date":"2025-08-01T16:53:47","date_gmt":"2025-08-01T14:53:47","guid":{"rendered":"https:\/\/uj.adatbank.ro\/lexikon\/termek\/tamas-janos\/"},"modified":"2025-08-01T16:53:47","modified_gmt":"2025-08-01T14:53:47","slug":"tamas-janos","status":"publish","type":"product","link":"https:\/\/uj.adatbank.ro\/lexikon\/termek\/tamas-janos\/","title":{"rendered":"TAM\u00c1S J\u00e1nos"},"content":{"rendered":"<p>? \u2020 ?: \u00e1llatorvos. \u2013 Sz\u00e1szr\u00e9genben volt \u00e1llatorvos, majd t\u00f6rv\u00e9nyhat\u00f3s\u00e1gi \u00e1llatorvos Mv.-en. \u2013  <strong>F. m..:<\/strong>  <strong>t\u00e1rssz.:<\/strong> Az \u00e1llathullasz\u00e1ll\u00edt\u00f3 kocsi \u00e9s \u00e9get\u0151kemence s azok alkalmaz\u00e1s\u00e1nak nagy hordereje (Nemes \u00d6d\u00f6nnel; Mv., 1892.); Az \u00e1llati hulla\u00e9get\u0151k\u00e9sz\u00fcl\u00e9k alkalmaz\u00e1s\u00e1nak cz\u00e9lja \u00e9s haszna (N\u00e9met\u00fcl \u00e9s franci\u00e1ul is; Mv., 1894.); A h\u00e1zi \u00e1llatok ragad\u00f3s j\u00e1rv\u00e1nyos betegs\u00e9gei s azok elleni v\u00e9dekez\u00e9s (Mv., 1899.); Az \u00e1llatfert\u0151z\u0151 v\u00e9rbetegs\u00e9gek \u00e9s j\u00e1rv\u00e1nyok elleni v\u00e9dekez\u00e9s. (N\u00e9met\u00fcl is; Bp., 1905.). <br \/><strong>\u2013 Irod.:<\/strong> K\u00f3ssa Gyula: Magyar \u00e1llatorvosi k\u00f6nyv\u00e9szet. (Bp., 1904); Szinnyei.<\/br><\/p>\n","protected":false},"excerpt":{"rendered":"<p>? \u2020 ?: \u00e1llatorvos. \u2013 Sz\u00e1szr\u00e9genben volt \u00e1llatorvos, majd t\u00f6rv\u00e9nyhat\u00f3s\u00e1gi \u00e1llatorvos Mv.-en. \u2013 F. m..: t\u00e1rssz.: Az \u00e1llathullasz\u00e1ll\u00edt\u00f3 kocsi \u00e9s \u00e9get\u0151kemence s azok alkalmaz\u00e1s\u00e1nak nagy hordereje (Nemes \u00d6d\u00f6nnel; Mv., 1892.); Az \u00e1llati hulla\u00e9get\u0151k\u00e9sz\u00fcl\u00e9k alkalmaz\u00e1s\u00e1nak cz\u00e9lja \u00e9s haszna (N\u00e9met\u00fcl \u00e9s franci\u00e1ul is; Mv., 1894.); A h\u00e1zi \u00e1llatok ragad\u00f3s j\u00e1rv\u00e1nyos betegs\u00e9gei s azok elleni v\u00e9dekez\u00e9s (Mv., 1899.); [&hellip;]<\/p>\n","protected":false},"featured_media":0,"comment_status":"open","ping_status":"closed","template":"","meta":[],"product_brand":[],"product_cat":[137],"product_tag":[],"class_list":{"0":"post-22640","1":"product","2":"type-product","3":"status-publish","5":"product_cat-maros-megyei-eletrajzi-lexikon","7":"first","8":"instock","9":"shipping-taxable","10":"product-type-simple"},"_links":{"self":[{"href":"https:\/\/uj.adatbank.ro\/lexikon\/wp-json\/wp\/v2\/product\/22640","targetHints":{"allow":["GET"]}}],"collection":[{"href":"https:\/\/uj.adatbank.ro\/lexikon\/wp-json\/wp\/v2\/product"}],"about":[{"href":"https:\/\/uj.adatbank.ro\/lexikon\/wp-json\/wp\/v2\/types\/product"}],"replies":[{"embeddable":true,"href":"https:\/\/uj.adatbank.ro\/lexikon\/wp-json\/wp\/v2\/comments?post=22640"}],"wp:attachment":[{"href":"https:\/\/uj.adatbank.ro\/lexikon\/wp-json\/wp\/v2\/media?parent=22640"}],"wp:term":[{"taxonomy":"product_brand","embeddable":true,"href":"https:\/\/uj.adatbank.ro\/lexikon\/wp-json\/wp\/v2\/product_brand?post=22640"},{"taxonomy":"product_cat","embeddable":true,"href":"https:\/\/uj.adatbank.ro\/lexikon\/wp-json\/wp\/v2\/product_cat?post=22640"},{"taxonomy":"product_tag","embeddable":true,"href":"https:\/\/uj.adatbank.ro\/lexikon\/wp-json\/wp\/v2\/product_tag?post=22640"}],"curies":[{"name":"wp","href":"https:\/\/api.w.org\/{rel}","templated":true}]}}