{"id":22644,"date":"2025-08-01T16:53:57","date_gmt":"2025-08-01T14:53:57","guid":{"rendered":"https:\/\/uj.adatbank.ro\/lexikon\/termek\/tamas-jozsef\/"},"modified":"2025-08-01T16:53:57","modified_gmt":"2025-08-01T14:53:57","slug":"tamas-jozsef","status":"publish","type":"product","link":"https:\/\/uj.adatbank.ro\/lexikon\/termek\/tamas-jozsef\/","title":{"rendered":"TAM\u00c1S J\u00f3zsef"},"content":{"rendered":"<p>? \u2020 ?: k\u0151m\u0171vesmester. \u2013 Mv.-en a 19. sz. v\u00e9g\u00e9n \u00e9s a 20. sz. elej\u00e9n m\u0171k\u00f6d\u00f6tt, aki az eklekticizmus jegy\u00e9ben emelte szebbn\u00e9l szebb \u00e9p\u00fcleteit: Kiss Gy\u00f6rgy tulajdona (1898 m\u00e1j., a mai K\u00f6zt\u00e1rsas\u00e1g t\u00e9r 2. sz.), \u00e9s szint\u00e9n a tulajdon\u00e1t k\u00e9pez\u0151 magyaros d\u00edsz\u00edt\u00e9s\u0171 h\u00e1zat (1905, a mai Mitropolit Andrei \u015eaguna u. 21. sz.). <br \/><strong>\u2013 Irod.:<\/strong> Man: Tg. M.<\/br><\/p>\n","protected":false},"excerpt":{"rendered":"<p>? \u2020 ?: k\u0151m\u0171vesmester. \u2013 Mv.-en a 19. sz. v\u00e9g\u00e9n \u00e9s a 20. sz. elej\u00e9n m\u0171k\u00f6d\u00f6tt, aki az eklekticizmus jegy\u00e9ben emelte szebbn\u00e9l szebb \u00e9p\u00fcleteit: Kiss Gy\u00f6rgy tulajdona (1898 m\u00e1j., a mai K\u00f6zt\u00e1rsas\u00e1g t\u00e9r 2. sz.), \u00e9s szint\u00e9n a tulajdon\u00e1t k\u00e9pez\u0151 magyaros d\u00edsz\u00edt\u00e9s\u0171 h\u00e1zat (1905, a mai Mitropolit Andrei \u015eaguna u. 21. sz.). \u2013 Irod.: Man: [&hellip;]<\/p>\n","protected":false},"featured_media":0,"comment_status":"open","ping_status":"closed","template":"","meta":[],"product_brand":[],"product_cat":[137],"product_tag":[],"class_list":{"0":"post-22644","1":"product","2":"type-product","3":"status-publish","5":"product_cat-maros-megyei-eletrajzi-lexikon","7":"first","8":"instock","9":"shipping-taxable","10":"product-type-simple"},"_links":{"self":[{"href":"https:\/\/uj.adatbank.ro\/lexikon\/wp-json\/wp\/v2\/product\/22644","targetHints":{"allow":["GET"]}}],"collection":[{"href":"https:\/\/uj.adatbank.ro\/lexikon\/wp-json\/wp\/v2\/product"}],"about":[{"href":"https:\/\/uj.adatbank.ro\/lexikon\/wp-json\/wp\/v2\/types\/product"}],"replies":[{"embeddable":true,"href":"https:\/\/uj.adatbank.ro\/lexikon\/wp-json\/wp\/v2\/comments?post=22644"}],"wp:attachment":[{"href":"https:\/\/uj.adatbank.ro\/lexikon\/wp-json\/wp\/v2\/media?parent=22644"}],"wp:term":[{"taxonomy":"product_brand","embeddable":true,"href":"https:\/\/uj.adatbank.ro\/lexikon\/wp-json\/wp\/v2\/product_brand?post=22644"},{"taxonomy":"product_cat","embeddable":true,"href":"https:\/\/uj.adatbank.ro\/lexikon\/wp-json\/wp\/v2\/product_cat?post=22644"},{"taxonomy":"product_tag","embeddable":true,"href":"https:\/\/uj.adatbank.ro\/lexikon\/wp-json\/wp\/v2\/product_tag?post=22644"}],"curies":[{"name":"wp","href":"https:\/\/api.w.org\/{rel}","templated":true}]}}