{"id":22645,"date":"2025-08-01T16:53:59","date_gmt":"2025-08-01T14:53:59","guid":{"rendered":"https:\/\/uj.adatbank.ro\/lexikon\/termek\/tamas-jozsef-2\/"},"modified":"2025-08-01T16:53:59","modified_gmt":"2025-08-01T14:53:59","slug":"tamas-jozsef-2","status":"publish","type":"product","link":"https:\/\/uj.adatbank.ro\/lexikon\/termek\/tamas-jozsef-2\/","title":{"rendered":"TAM\u00c1S J\u00f3zsef"},"content":{"rendered":"<p>? \u2020 ?: kert\u00e9sz. \u2013 \u0150 parkos\u00edtotta \u00e9s f\u00e1s\u00edtotta a piacteret (1856). <br \/><strong>\u2013 Irod.:<\/strong> Id\u0151t\u00e1r 2.<\/br><\/p>\n","protected":false},"excerpt":{"rendered":"<p>? \u2020 ?: kert\u00e9sz. \u2013 \u0150 parkos\u00edtotta \u00e9s f\u00e1s\u00edtotta a piacteret (1856). \u2013 Irod.: Id\u0151t\u00e1r 2.<\/p>\n","protected":false},"featured_media":0,"comment_status":"open","ping_status":"closed","template":"","meta":[],"product_brand":[],"product_cat":[137],"product_tag":[],"class_list":{"0":"post-22645","1":"product","2":"type-product","3":"status-publish","5":"product_cat-maros-megyei-eletrajzi-lexikon","7":"first","8":"instock","9":"shipping-taxable","10":"product-type-simple"},"_links":{"self":[{"href":"https:\/\/uj.adatbank.ro\/lexikon\/wp-json\/wp\/v2\/product\/22645","targetHints":{"allow":["GET"]}}],"collection":[{"href":"https:\/\/uj.adatbank.ro\/lexikon\/wp-json\/wp\/v2\/product"}],"about":[{"href":"https:\/\/uj.adatbank.ro\/lexikon\/wp-json\/wp\/v2\/types\/product"}],"replies":[{"embeddable":true,"href":"https:\/\/uj.adatbank.ro\/lexikon\/wp-json\/wp\/v2\/comments?post=22645"}],"wp:attachment":[{"href":"https:\/\/uj.adatbank.ro\/lexikon\/wp-json\/wp\/v2\/media?parent=22645"}],"wp:term":[{"taxonomy":"product_brand","embeddable":true,"href":"https:\/\/uj.adatbank.ro\/lexikon\/wp-json\/wp\/v2\/product_brand?post=22645"},{"taxonomy":"product_cat","embeddable":true,"href":"https:\/\/uj.adatbank.ro\/lexikon\/wp-json\/wp\/v2\/product_cat?post=22645"},{"taxonomy":"product_tag","embeddable":true,"href":"https:\/\/uj.adatbank.ro\/lexikon\/wp-json\/wp\/v2\/product_tag?post=22645"}],"curies":[{"name":"wp","href":"https:\/\/api.w.org\/{rel}","templated":true}]}}