{"id":22646,"date":"2025-08-01T16:54:04","date_gmt":"2025-08-01T14:54:04","guid":{"rendered":"https:\/\/uj.adatbank.ro\/lexikon\/termek\/tamas-judit\/"},"modified":"2025-08-01T16:54:04","modified_gmt":"2025-08-01T14:54:04","slug":"tamas-judit","status":"publish","type":"product","link":"https:\/\/uj.adatbank.ro\/lexikon\/termek\/tamas-judit\/","title":{"rendered":"TAM\u00c1S Judit"},"content":{"rendered":"<p>1950 \u2020 Mv., 2004. j\u00fan.16, gy\u00f3gyszer\u00e9szn\u0151. <br \/><strong>\u2013 Irod.:<\/strong> [Nekrol\u00f3g] (N\u00fa., 2004. j\u00fan.19.).<\/br><\/p>\n","protected":false},"excerpt":{"rendered":"<p>1950 \u2020 Mv., 2004. j\u00fan.16, gy\u00f3gyszer\u00e9szn\u0151. \u2013 Irod.: [Nekrol\u00f3g] (N\u00fa., 2004. j\u00fan.19.).<\/p>\n","protected":false},"featured_media":0,"comment_status":"open","ping_status":"closed","template":"","meta":[],"product_brand":[],"product_cat":[137],"product_tag":[],"class_list":{"0":"post-22646","1":"product","2":"type-product","3":"status-publish","5":"product_cat-maros-megyei-eletrajzi-lexikon","7":"first","8":"instock","9":"shipping-taxable","10":"product-type-simple"},"_links":{"self":[{"href":"https:\/\/uj.adatbank.ro\/lexikon\/wp-json\/wp\/v2\/product\/22646","targetHints":{"allow":["GET"]}}],"collection":[{"href":"https:\/\/uj.adatbank.ro\/lexikon\/wp-json\/wp\/v2\/product"}],"about":[{"href":"https:\/\/uj.adatbank.ro\/lexikon\/wp-json\/wp\/v2\/types\/product"}],"replies":[{"embeddable":true,"href":"https:\/\/uj.adatbank.ro\/lexikon\/wp-json\/wp\/v2\/comments?post=22646"}],"wp:attachment":[{"href":"https:\/\/uj.adatbank.ro\/lexikon\/wp-json\/wp\/v2\/media?parent=22646"}],"wp:term":[{"taxonomy":"product_brand","embeddable":true,"href":"https:\/\/uj.adatbank.ro\/lexikon\/wp-json\/wp\/v2\/product_brand?post=22646"},{"taxonomy":"product_cat","embeddable":true,"href":"https:\/\/uj.adatbank.ro\/lexikon\/wp-json\/wp\/v2\/product_cat?post=22646"},{"taxonomy":"product_tag","embeddable":true,"href":"https:\/\/uj.adatbank.ro\/lexikon\/wp-json\/wp\/v2\/product_tag?post=22646"}],"curies":[{"name":"wp","href":"https:\/\/api.w.org\/{rel}","templated":true}]}}