{"id":22651,"date":"2025-08-01T16:54:16","date_gmt":"2025-08-01T14:54:16","guid":{"rendered":"https:\/\/uj.adatbank.ro\/lexikon\/termek\/tamas-laszlo\/"},"modified":"2025-08-01T16:54:16","modified_gmt":"2025-08-01T14:54:16","slug":"tamas-laszlo","status":"publish","type":"product","link":"https:\/\/uj.adatbank.ro\/lexikon\/termek\/tamas-laszlo\/","title":{"rendered":"TAM\u00c1S L\u00e1szl\u00f3"},"content":{"rendered":"<p>Mv., 1928., \u2020 Mv., 1973.: orvos. \u2013 Feles\u00e9ge: Kocsis \u00c9va (1931\u20132019), tan\u00e1rn\u0151. \u2013 Mv.-en a R.K. F\u0151gimn.-ban \u00e9retts\u00e9gizett (1947), majd a MOGYI orvosi kar\u00e1n v\u00e9gzett (1954). Orvosi tev\u00e9kenys\u00e9g\u00e9t Moldv\u00e1ban kezdte, Negre\u0219ti-en k\u00e9t \u00e9vig, Szil\u00e1gycsehen rajoni f\u0151orvos k\u00e9t \u00e9vig. V\u00e9g\u00fcl Mv.-en az Electromure\u0219 v\u00e1llalat \u00fczemorvosa hal\u00e1l\u00e1ig. <br \/><strong>\u2013 Irod.:<\/strong> Kiss\u2013P\u00e9terffy\u2013P\u00e9terffy.<\/br><\/p>\n","protected":false},"excerpt":{"rendered":"<p>Mv., 1928., \u2020 Mv., 1973.: orvos. \u2013 Feles\u00e9ge: Kocsis \u00c9va (1931\u20132019), tan\u00e1rn\u0151. \u2013 Mv.-en a R.K. F\u0151gimn.-ban \u00e9retts\u00e9gizett (1947), majd a MOGYI orvosi kar\u00e1n v\u00e9gzett (1954). Orvosi tev\u00e9kenys\u00e9g\u00e9t Moldv\u00e1ban kezdte, Negre\u0219ti-en k\u00e9t \u00e9vig, Szil\u00e1gycsehen rajoni f\u0151orvos k\u00e9t \u00e9vig. V\u00e9g\u00fcl Mv.-en az Electromure\u0219 v\u00e1llalat \u00fczemorvosa hal\u00e1l\u00e1ig. \u2013 Irod.: Kiss\u2013P\u00e9terffy\u2013P\u00e9terffy.<\/p>\n","protected":false},"featured_media":0,"comment_status":"open","ping_status":"closed","template":"","meta":[],"product_brand":[],"product_cat":[137],"product_tag":[],"class_list":{"0":"post-22651","1":"product","2":"type-product","3":"status-publish","5":"product_cat-maros-megyei-eletrajzi-lexikon","7":"first","8":"instock","9":"shipping-taxable","10":"product-type-simple"},"_links":{"self":[{"href":"https:\/\/uj.adatbank.ro\/lexikon\/wp-json\/wp\/v2\/product\/22651","targetHints":{"allow":["GET"]}}],"collection":[{"href":"https:\/\/uj.adatbank.ro\/lexikon\/wp-json\/wp\/v2\/product"}],"about":[{"href":"https:\/\/uj.adatbank.ro\/lexikon\/wp-json\/wp\/v2\/types\/product"}],"replies":[{"embeddable":true,"href":"https:\/\/uj.adatbank.ro\/lexikon\/wp-json\/wp\/v2\/comments?post=22651"}],"wp:attachment":[{"href":"https:\/\/uj.adatbank.ro\/lexikon\/wp-json\/wp\/v2\/media?parent=22651"}],"wp:term":[{"taxonomy":"product_brand","embeddable":true,"href":"https:\/\/uj.adatbank.ro\/lexikon\/wp-json\/wp\/v2\/product_brand?post=22651"},{"taxonomy":"product_cat","embeddable":true,"href":"https:\/\/uj.adatbank.ro\/lexikon\/wp-json\/wp\/v2\/product_cat?post=22651"},{"taxonomy":"product_tag","embeddable":true,"href":"https:\/\/uj.adatbank.ro\/lexikon\/wp-json\/wp\/v2\/product_tag?post=22651"}],"curies":[{"name":"wp","href":"https:\/\/api.w.org\/{rel}","templated":true}]}}