{"id":22652,"date":"2025-08-01T16:54:19","date_gmt":"2025-08-01T14:54:19","guid":{"rendered":"https:\/\/uj.adatbank.ro\/lexikon\/termek\/tamas-maria-hutirane\/"},"modified":"2025-08-01T16:54:19","modified_gmt":"2025-08-01T14:54:19","slug":"tamas-maria-hutirane","status":"publish","type":"product","link":"https:\/\/uj.adatbank.ro\/lexikon\/termek\/tamas-maria-hutirane\/","title":{"rendered":"TAM\u00c1S M\u00e1ria, Hutir\u00e1n\u00e9"},"content":{"rendered":"<p>S\u00e1rk\u00e1ny (Brass\u00f3), 1930. nov. 8., \u2020 Kv., 1987. szept. 17.: \u00edr\u00f3n\u0151. \u2013 Egyetemi tanulm\u00e1nyait a kv.-i BTE-n v\u00e9gezte (1954). M. nyelv. \u00e9s irodalom szakos tan\u00e1ri oklevelet szerzett. El\u0151bb a Napsug\u00e1r bels\u0151 munkat\u00e1rsa, majd az El\u0151re szerz\u0151d\u00e9ses munkat\u00e1rsa. Mv.-en \u00e9lt T. Anna, a testv\u00e9re is, \u00edgy a csal\u00e1dja r\u00e9v\u00e9n k\u00f6t\u0151d\u00f6tt. Mv.-hez. \u00cdrt gyermekverseket, mes\u00e9ket, kisreg\u00e9nyeket riportokat. \u2013  <strong>F. m..:<\/strong> Csibe Kati (versek, Buk., 1955; Puicu\u0163a Kati, ford. V. Teodorescu, Buc., 1955); Reggelt\u0151l estig (gyermekversek, Buk., 1961; Buk., 1969.); Kerek egy esztend\u0151 (mes\u00e9k, Buk., 1962); \u0150szt\u0151l \u0151szig (reg\u00e9ny, Buk., 1966); Berta \u00e9s h\u00e1rom fia (verses k\u00e9pesk\u00f6nyv, Buk., 1967); Kati mes\u00e9k gyermekeknek (Buk., 1967); Labdaj\u00e1t\u00e9k (verses k\u00e9pesk\u00f6nyv Buk., 1967, n\u00e9met\u00fcl Else Kornis ford.); Milyen vagy Amerika (\u00faik\u00f6nyv, Buk., 1971); Eszterl\u00e1nc (gyermekversek, Buk., 1971); A fekete l\u00e1ny (gyermekversek, Buk., 1974); Babaujjak t\u00e1nca (gyermekversek, Buk., 1978); 100X sz\u00e9p (gyermekversek, Buk., 1978); Aranykapu (gyermekversek, Buk., 1985);  <strong>ford.:<\/strong> Sahighian, Al: Gyertek sz\u00e1molni (Buk., 1963); Constantinescu, T.: H\u00e1zi t\u00fccs\u00f6k (mes\u00e9k, 1964); Zamfirescu, G. M.: A j\u00e1t\u00e9kok lelke (mes\u00e9k, Buk., 1967); Cremene, M.: Csod\u00e1latos t\u00e1ska (mes\u00e9k, 1967); Teodoreanu, Ionel: Gyermekkorom utc\u00e1ja (elbesz\u00e9l\u00e9sek, Buk., 1969); Olteanu, Lucia: M\u00e1kvir\u00e1g kalanjai (Buk., 1972). <br \/><strong>\u2013 Irod.:<\/strong> K\u00e1ntor\u2013L\u00e1ng; [Nekrol\u00f3g] (V. Z., 1987. szept. 29.); R\u00e9thy\u2013V\u00e1czy; RMIL.<\/br><\/p>\n","protected":false},"excerpt":{"rendered":"<p>S\u00e1rk\u00e1ny (Brass\u00f3), 1930. nov. 8., \u2020 Kv., 1987. szept. 17.: \u00edr\u00f3n\u0151. \u2013 Egyetemi tanulm\u00e1nyait a kv.-i BTE-n v\u00e9gezte (1954). M. nyelv. \u00e9s irodalom szakos tan\u00e1ri oklevelet szerzett. El\u0151bb a Napsug\u00e1r bels\u0151 munkat\u00e1rsa, majd az El\u0151re szerz\u0151d\u00e9ses munkat\u00e1rsa. Mv.-en \u00e9lt T. Anna, a testv\u00e9re is, \u00edgy a csal\u00e1dja r\u00e9v\u00e9n k\u00f6t\u0151d\u00f6tt. Mv.-hez. \u00cdrt gyermekverseket, mes\u00e9ket, kisreg\u00e9nyeket riportokat. [&hellip;]<\/p>\n","protected":false},"featured_media":0,"comment_status":"open","ping_status":"closed","template":"","meta":[],"product_brand":[],"product_cat":[137],"product_tag":[],"class_list":{"0":"post-22652","1":"product","2":"type-product","3":"status-publish","5":"product_cat-maros-megyei-eletrajzi-lexikon","7":"first","8":"instock","9":"shipping-taxable","10":"product-type-simple"},"_links":{"self":[{"href":"https:\/\/uj.adatbank.ro\/lexikon\/wp-json\/wp\/v2\/product\/22652","targetHints":{"allow":["GET"]}}],"collection":[{"href":"https:\/\/uj.adatbank.ro\/lexikon\/wp-json\/wp\/v2\/product"}],"about":[{"href":"https:\/\/uj.adatbank.ro\/lexikon\/wp-json\/wp\/v2\/types\/product"}],"replies":[{"embeddable":true,"href":"https:\/\/uj.adatbank.ro\/lexikon\/wp-json\/wp\/v2\/comments?post=22652"}],"wp:attachment":[{"href":"https:\/\/uj.adatbank.ro\/lexikon\/wp-json\/wp\/v2\/media?parent=22652"}],"wp:term":[{"taxonomy":"product_brand","embeddable":true,"href":"https:\/\/uj.adatbank.ro\/lexikon\/wp-json\/wp\/v2\/product_brand?post=22652"},{"taxonomy":"product_cat","embeddable":true,"href":"https:\/\/uj.adatbank.ro\/lexikon\/wp-json\/wp\/v2\/product_cat?post=22652"},{"taxonomy":"product_tag","embeddable":true,"href":"https:\/\/uj.adatbank.ro\/lexikon\/wp-json\/wp\/v2\/product_tag?post=22652"}],"curies":[{"name":"wp","href":"https:\/\/api.w.org\/{rel}","templated":true}]}}