{"id":22655,"date":"2025-08-01T16:54:26","date_gmt":"2025-08-01T14:54:26","guid":{"rendered":"https:\/\/uj.adatbank.ro\/lexikon\/termek\/tamas-zoltan\/"},"modified":"2025-08-01T16:54:26","modified_gmt":"2025-08-01T14:54:26","slug":"tamas-zoltan","status":"publish","type":"product","link":"https:\/\/uj.adatbank.ro\/lexikon\/termek\/tamas-zoltan\/","title":{"rendered":"TAM\u00c1S Zolt\u00e1n"},"content":{"rendered":"<p>Tordaszentl\u00e1szl\u00f3, 1920. jan. 26., \u2020 Sz\u00e9kelyudvarhely, 2000, \u00e1pr. 30.: orvos, n\u0151gy\u00f3gy\u00e1sz. \u2013 A k\u00f6z\u00e9piskol\u00e1t a kv.-i Ref. Koll.-ban (1938), az orvosi egyetemet uo. (1943) v\u00e9gezte. A MOGYI Sz\u00fcl\u00e9szet-N\u0151gy\u00f3gy\u00e1szat Kar\u00e1n mint gyakornok kezdte p\u00e1ly\u00e1j\u00e1t (1945), majd n\u0151gy\u00f3gy\u00e1sz szakorvos Sz\u00e9kelyudvarhelyen (1957\u201385). \u2013  <strong>F. m..:<\/strong> N\u0151gy\u00f3gy\u00e1szati jegyzet. 1\u20132. f\u00fczet (Mv., 1954\u201355); Sz\u00fcl\u00e9szeti jegyzet (Mv., 1954). <br \/><strong>\u2013 Irod.:<\/strong> P\u00e9ter; Todea.<\/br><\/p>\n","protected":false},"excerpt":{"rendered":"<p>Tordaszentl\u00e1szl\u00f3, 1920. jan. 26., \u2020 Sz\u00e9kelyudvarhely, 2000, \u00e1pr. 30.: orvos, n\u0151gy\u00f3gy\u00e1sz. \u2013 A k\u00f6z\u00e9piskol\u00e1t a kv.-i Ref. Koll.-ban (1938), az orvosi egyetemet uo. (1943) v\u00e9gezte. A MOGYI Sz\u00fcl\u00e9szet-N\u0151gy\u00f3gy\u00e1szat Kar\u00e1n mint gyakornok kezdte p\u00e1ly\u00e1j\u00e1t (1945), majd n\u0151gy\u00f3gy\u00e1sz szakorvos Sz\u00e9kelyudvarhelyen (1957\u201385). \u2013 F. m..: N\u0151gy\u00f3gy\u00e1szati jegyzet. 1\u20132. f\u00fczet (Mv., 1954\u201355); Sz\u00fcl\u00e9szeti jegyzet (Mv., 1954). \u2013 Irod.: P\u00e9ter; [&hellip;]<\/p>\n","protected":false},"featured_media":0,"comment_status":"open","ping_status":"closed","template":"","meta":[],"product_brand":[],"product_cat":[137],"product_tag":[],"class_list":{"0":"post-22655","1":"product","2":"type-product","3":"status-publish","5":"product_cat-maros-megyei-eletrajzi-lexikon","7":"first","8":"instock","9":"shipping-taxable","10":"product-type-simple"},"_links":{"self":[{"href":"https:\/\/uj.adatbank.ro\/lexikon\/wp-json\/wp\/v2\/product\/22655","targetHints":{"allow":["GET"]}}],"collection":[{"href":"https:\/\/uj.adatbank.ro\/lexikon\/wp-json\/wp\/v2\/product"}],"about":[{"href":"https:\/\/uj.adatbank.ro\/lexikon\/wp-json\/wp\/v2\/types\/product"}],"replies":[{"embeddable":true,"href":"https:\/\/uj.adatbank.ro\/lexikon\/wp-json\/wp\/v2\/comments?post=22655"}],"wp:attachment":[{"href":"https:\/\/uj.adatbank.ro\/lexikon\/wp-json\/wp\/v2\/media?parent=22655"}],"wp:term":[{"taxonomy":"product_brand","embeddable":true,"href":"https:\/\/uj.adatbank.ro\/lexikon\/wp-json\/wp\/v2\/product_brand?post=22655"},{"taxonomy":"product_cat","embeddable":true,"href":"https:\/\/uj.adatbank.ro\/lexikon\/wp-json\/wp\/v2\/product_cat?post=22655"},{"taxonomy":"product_tag","embeddable":true,"href":"https:\/\/uj.adatbank.ro\/lexikon\/wp-json\/wp\/v2\/product_tag?post=22655"}],"curies":[{"name":"wp","href":"https:\/\/api.w.org\/{rel}","templated":true}]}}