{"id":22656,"date":"2025-08-01T16:54:29","date_gmt":"2025-08-01T14:54:29","guid":{"rendered":"https:\/\/uj.adatbank.ro\/lexikon\/termek\/tamasfalvi-boldizsar\/"},"modified":"2025-08-01T16:54:29","modified_gmt":"2025-08-01T14:54:29","slug":"tamasfalvi-boldizsar","status":"publish","type":"product","link":"https:\/\/uj.adatbank.ro\/lexikon\/termek\/tamasfalvi-boldizsar\/","title":{"rendered":"TAM\u00c1SFALVI Boldizs\u00e1r"},"content":{"rendered":"<p>? \u2020 ?: ref. lelk\u00e9sz. \u2013 G\u00f6rg\u00e9nyszentimr\u00e9n volt lelk\u00e9sz (1591. m\u00e1j. 6.). <br \/><strong>\u2013 Irod.:<\/strong> \u0150sz.<\/br><\/p>\n","protected":false},"excerpt":{"rendered":"<p>? \u2020 ?: ref. lelk\u00e9sz. \u2013 G\u00f6rg\u00e9nyszentimr\u00e9n volt lelk\u00e9sz (1591. m\u00e1j. 6.). \u2013 Irod.: \u0150sz.<\/p>\n","protected":false},"featured_media":0,"comment_status":"open","ping_status":"closed","template":"","meta":[],"product_brand":[],"product_cat":[137],"product_tag":[],"class_list":{"0":"post-22656","1":"product","2":"type-product","3":"status-publish","5":"product_cat-maros-megyei-eletrajzi-lexikon","7":"first","8":"instock","9":"shipping-taxable","10":"product-type-simple"},"_links":{"self":[{"href":"https:\/\/uj.adatbank.ro\/lexikon\/wp-json\/wp\/v2\/product\/22656","targetHints":{"allow":["GET"]}}],"collection":[{"href":"https:\/\/uj.adatbank.ro\/lexikon\/wp-json\/wp\/v2\/product"}],"about":[{"href":"https:\/\/uj.adatbank.ro\/lexikon\/wp-json\/wp\/v2\/types\/product"}],"replies":[{"embeddable":true,"href":"https:\/\/uj.adatbank.ro\/lexikon\/wp-json\/wp\/v2\/comments?post=22656"}],"wp:attachment":[{"href":"https:\/\/uj.adatbank.ro\/lexikon\/wp-json\/wp\/v2\/media?parent=22656"}],"wp:term":[{"taxonomy":"product_brand","embeddable":true,"href":"https:\/\/uj.adatbank.ro\/lexikon\/wp-json\/wp\/v2\/product_brand?post=22656"},{"taxonomy":"product_cat","embeddable":true,"href":"https:\/\/uj.adatbank.ro\/lexikon\/wp-json\/wp\/v2\/product_cat?post=22656"},{"taxonomy":"product_tag","embeddable":true,"href":"https:\/\/uj.adatbank.ro\/lexikon\/wp-json\/wp\/v2\/product_tag?post=22656"}],"curies":[{"name":"wp","href":"https:\/\/api.w.org\/{rel}","templated":true}]}}