{"id":22659,"date":"2025-08-01T16:54:37","date_gmt":"2025-08-01T14:54:37","guid":{"rendered":"https:\/\/uj.adatbank.ro\/lexikon\/termek\/tamasfalvi-zsigmond\/"},"modified":"2025-08-01T16:54:37","modified_gmt":"2025-08-01T14:54:37","slug":"tamasfalvi-zsigmond","status":"publish","type":"product","link":"https:\/\/uj.adatbank.ro\/lexikon\/termek\/tamasfalvi-zsigmond\/","title":{"rendered":"TAM\u00c1SFALVI Zsigmond"},"content":{"rendered":"<p>? \u2020 ?: ref. pr\u00e9dik\u00e1tor. \u2013 B\u00e1thori Zsigmond fejedelem meger\u0151s\u00edtette hivatal\u00e1ban a g\u00f6rg\u00e9nyszentimrei ref. templom pr\u00e9dik\u00e1torak\u00e9nt (1591) \u00e9s a v\u00e1rk\u00e1poln\u00e1ba is szolg\u00e1lt. <br \/><strong>\u2013 Irod.:<\/strong> L\u00e9sty\u00e1n \u2013 templomok 1.<\/br><\/p>\n","protected":false},"excerpt":{"rendered":"<p>? \u2020 ?: ref. pr\u00e9dik\u00e1tor. \u2013 B\u00e1thori Zsigmond fejedelem meger\u0151s\u00edtette hivatal\u00e1ban a g\u00f6rg\u00e9nyszentimrei ref. templom pr\u00e9dik\u00e1torak\u00e9nt (1591) \u00e9s a v\u00e1rk\u00e1poln\u00e1ba is szolg\u00e1lt. \u2013 Irod.: L\u00e9sty\u00e1n \u2013 templomok 1.<\/p>\n","protected":false},"featured_media":0,"comment_status":"open","ping_status":"closed","template":"","meta":[],"product_brand":[],"product_cat":[137],"product_tag":[],"class_list":{"0":"post-22659","1":"product","2":"type-product","3":"status-publish","5":"product_cat-maros-megyei-eletrajzi-lexikon","7":"first","8":"instock","9":"shipping-taxable","10":"product-type-simple"},"_links":{"self":[{"href":"https:\/\/uj.adatbank.ro\/lexikon\/wp-json\/wp\/v2\/product\/22659","targetHints":{"allow":["GET"]}}],"collection":[{"href":"https:\/\/uj.adatbank.ro\/lexikon\/wp-json\/wp\/v2\/product"}],"about":[{"href":"https:\/\/uj.adatbank.ro\/lexikon\/wp-json\/wp\/v2\/types\/product"}],"replies":[{"embeddable":true,"href":"https:\/\/uj.adatbank.ro\/lexikon\/wp-json\/wp\/v2\/comments?post=22659"}],"wp:attachment":[{"href":"https:\/\/uj.adatbank.ro\/lexikon\/wp-json\/wp\/v2\/media?parent=22659"}],"wp:term":[{"taxonomy":"product_brand","embeddable":true,"href":"https:\/\/uj.adatbank.ro\/lexikon\/wp-json\/wp\/v2\/product_brand?post=22659"},{"taxonomy":"product_cat","embeddable":true,"href":"https:\/\/uj.adatbank.ro\/lexikon\/wp-json\/wp\/v2\/product_cat?post=22659"},{"taxonomy":"product_tag","embeddable":true,"href":"https:\/\/uj.adatbank.ro\/lexikon\/wp-json\/wp\/v2\/product_tag?post=22659"}],"curies":[{"name":"wp","href":"https:\/\/api.w.org\/{rel}","templated":true}]}}