{"id":22663,"date":"2025-08-01T16:54:47","date_gmt":"2025-08-01T14:54:47","guid":{"rendered":"https:\/\/uj.adatbank.ro\/lexikon\/termek\/tamasi-bela\/"},"modified":"2025-08-01T16:54:47","modified_gmt":"2025-08-01T14:54:47","slug":"tamasi-bela","status":"publish","type":"product","link":"https:\/\/uj.adatbank.ro\/lexikon\/termek\/tamasi-bela\/","title":{"rendered":"TAM\u00c1SI B\u00e9la"},"content":{"rendered":"<p>? \u2020 ?: ogy.-i k\u00e9pvisel\u0151. \u2013 Tam\u00e1si Farkas \u00e9s szombatfalvi Szombatfalvi Polixena (1811? \u2013 Mv., 1882. aug. 26.) fia. Feles\u00e9ge: Konr\u00e1d Matild. Gyermekeik: T. B\u00e9la, cs. kir. hadtenger\u00e9sz f\u0151hadnagy; T. \u00c1rp\u00e1d, cs. kir. hadm\u00e9rn\u00f6k hadnagy; T. Ilona. <br \/><strong>\u2013 Irod.:<\/strong> Gy\u00e1szjelent\u0151.<\/br><\/p>\n","protected":false},"excerpt":{"rendered":"<p>? \u2020 ?: ogy.-i k\u00e9pvisel\u0151. \u2013 Tam\u00e1si Farkas \u00e9s szombatfalvi Szombatfalvi Polixena (1811? \u2013 Mv., 1882. aug. 26.) fia. Feles\u00e9ge: Konr\u00e1d Matild. Gyermekeik: T. B\u00e9la, cs. kir. hadtenger\u00e9sz f\u0151hadnagy; T. \u00c1rp\u00e1d, cs. kir. hadm\u00e9rn\u00f6k hadnagy; T. Ilona. \u2013 Irod.: Gy\u00e1szjelent\u0151.<\/p>\n","protected":false},"featured_media":0,"comment_status":"open","ping_status":"closed","template":"","meta":[],"product_brand":[],"product_cat":[137],"product_tag":[],"class_list":{"0":"post-22663","1":"product","2":"type-product","3":"status-publish","5":"product_cat-maros-megyei-eletrajzi-lexikon","7":"first","8":"instock","9":"shipping-taxable","10":"product-type-simple"},"_links":{"self":[{"href":"https:\/\/uj.adatbank.ro\/lexikon\/wp-json\/wp\/v2\/product\/22663","targetHints":{"allow":["GET"]}}],"collection":[{"href":"https:\/\/uj.adatbank.ro\/lexikon\/wp-json\/wp\/v2\/product"}],"about":[{"href":"https:\/\/uj.adatbank.ro\/lexikon\/wp-json\/wp\/v2\/types\/product"}],"replies":[{"embeddable":true,"href":"https:\/\/uj.adatbank.ro\/lexikon\/wp-json\/wp\/v2\/comments?post=22663"}],"wp:attachment":[{"href":"https:\/\/uj.adatbank.ro\/lexikon\/wp-json\/wp\/v2\/media?parent=22663"}],"wp:term":[{"taxonomy":"product_brand","embeddable":true,"href":"https:\/\/uj.adatbank.ro\/lexikon\/wp-json\/wp\/v2\/product_brand?post=22663"},{"taxonomy":"product_cat","embeddable":true,"href":"https:\/\/uj.adatbank.ro\/lexikon\/wp-json\/wp\/v2\/product_cat?post=22663"},{"taxonomy":"product_tag","embeddable":true,"href":"https:\/\/uj.adatbank.ro\/lexikon\/wp-json\/wp\/v2\/product_tag?post=22663"}],"curies":[{"name":"wp","href":"https:\/\/api.w.org\/{rel}","templated":true}]}}