{"id":22669,"date":"2025-08-01T16:55:02","date_gmt":"2025-08-01T14:55:02","guid":{"rendered":"https:\/\/uj.adatbank.ro\/lexikon\/termek\/tamasi-karoly-elek-p\/"},"modified":"2025-08-01T16:55:02","modified_gmt":"2025-08-01T14:55:02","slug":"tamasi-karoly-elek-p","status":"publish","type":"product","link":"https:\/\/uj.adatbank.ro\/lexikon\/termek\/tamasi-karoly-elek-p\/","title":{"rendered":"TAM\u00c1SI K\u00e1roly Elek, P."},"content":{"rendered":"<p>Sz\u0151kefalva, 1787. dec. 27., \u2020 Fogaras, 1847. okt. 20.: ferences szerzetes. \u2013 Be\u00f6lt\u00f6z\u00f6tt (1806. nov. 1.), felszentelt\u00e9k (1810. jun. 13.). <br \/><strong>\u2013 Irod.:<\/strong> Gy\u00f6rgy: A ferencrendiek.<\/br><\/p>\n","protected":false},"excerpt":{"rendered":"<p>Sz\u0151kefalva, 1787. dec. 27., \u2020 Fogaras, 1847. okt. 20.: ferences szerzetes. \u2013 Be\u00f6lt\u00f6z\u00f6tt (1806. nov. 1.), felszentelt\u00e9k (1810. jun. 13.). \u2013 Irod.: Gy\u00f6rgy: A ferencrendiek.<\/p>\n","protected":false},"featured_media":0,"comment_status":"open","ping_status":"closed","template":"","meta":[],"product_brand":[],"product_cat":[137],"product_tag":[],"class_list":{"0":"post-22669","1":"product","2":"type-product","3":"status-publish","5":"product_cat-maros-megyei-eletrajzi-lexikon","7":"first","8":"instock","9":"shipping-taxable","10":"product-type-simple"},"_links":{"self":[{"href":"https:\/\/uj.adatbank.ro\/lexikon\/wp-json\/wp\/v2\/product\/22669","targetHints":{"allow":["GET"]}}],"collection":[{"href":"https:\/\/uj.adatbank.ro\/lexikon\/wp-json\/wp\/v2\/product"}],"about":[{"href":"https:\/\/uj.adatbank.ro\/lexikon\/wp-json\/wp\/v2\/types\/product"}],"replies":[{"embeddable":true,"href":"https:\/\/uj.adatbank.ro\/lexikon\/wp-json\/wp\/v2\/comments?post=22669"}],"wp:attachment":[{"href":"https:\/\/uj.adatbank.ro\/lexikon\/wp-json\/wp\/v2\/media?parent=22669"}],"wp:term":[{"taxonomy":"product_brand","embeddable":true,"href":"https:\/\/uj.adatbank.ro\/lexikon\/wp-json\/wp\/v2\/product_brand?post=22669"},{"taxonomy":"product_cat","embeddable":true,"href":"https:\/\/uj.adatbank.ro\/lexikon\/wp-json\/wp\/v2\/product_cat?post=22669"},{"taxonomy":"product_tag","embeddable":true,"href":"https:\/\/uj.adatbank.ro\/lexikon\/wp-json\/wp\/v2\/product_tag?post=22669"}],"curies":[{"name":"wp","href":"https:\/\/api.w.org\/{rel}","templated":true}]}}