{"id":22672,"date":"2025-08-01T16:55:11","date_gmt":"2025-08-01T14:55:11","guid":{"rendered":"https:\/\/uj.adatbank.ro\/lexikon\/termek\/tamassy-gyorgy-tamasi-gyorgy-tamasy-gy\/"},"modified":"2025-08-01T16:55:11","modified_gmt":"2025-08-01T14:55:11","slug":"tamassy-gyorgy-tamasi-gyorgy-tamasy-gy","status":"publish","type":"product","link":"https:\/\/uj.adatbank.ro\/lexikon\/termek\/tamassy-gyorgy-tamasi-gyorgy-tamasy-gy\/","title":{"rendered":"TAM\u00c1SSY Gy\u00f6rgy, Tam\u00e1si Gy\u00f6rgy, Tam\u00e1sy Gy."},"content":{"rendered":"<p>1888., \u2020 ?: \u00fajs\u00e1g\u00edr\u00f3. \u2013 A Maros c. napilap munkat\u00e1rsa (1927\u201333). A KZST bev\u00e1lasztott tagja (1932\u2013), benne a sz\u00e1mvizsg\u00e1l\u00f3 bizotts\u00e1gi tagok eln\u00f6ke (1947), a Helikon mv.-i tagja (1930). Javasolta, a KZST k\u00f6zgy\u0171l\u00e9s\u00e9n, hogy a t\u00e1rsas\u00e1g m\u0171k\u00f6d\u00e9se r\u00e9sz\u00e9re k\u00e9rjenek seg\u00e9lyt a V\u00e1ros vezet\u0151s\u00e9g\u00e9t\u0151l (1948. m\u00e1j.) <br \/><strong>\u2013 Irod.:<\/strong> 1924\u20131944 Helikon; Marosi-Helikon; Marosi-KZST; MMK.<\/br><\/p>\n","protected":false},"excerpt":{"rendered":"<p>1888., \u2020 ?: \u00fajs\u00e1g\u00edr\u00f3. \u2013 A Maros c. napilap munkat\u00e1rsa (1927\u201333). A KZST bev\u00e1lasztott tagja (1932\u2013), benne a sz\u00e1mvizsg\u00e1l\u00f3 bizotts\u00e1gi tagok eln\u00f6ke (1947), a Helikon mv.-i tagja (1930). Javasolta, a KZST k\u00f6zgy\u0171l\u00e9s\u00e9n, hogy a t\u00e1rsas\u00e1g m\u0171k\u00f6d\u00e9se r\u00e9sz\u00e9re k\u00e9rjenek seg\u00e9lyt a V\u00e1ros vezet\u0151s\u00e9g\u00e9t\u0151l (1948. m\u00e1j.) \u2013 Irod.: 1924\u20131944 Helikon; Marosi-Helikon; Marosi-KZST; MMK.<\/p>\n","protected":false},"featured_media":0,"comment_status":"open","ping_status":"closed","template":"","meta":[],"product_brand":[],"product_cat":[137],"product_tag":[],"class_list":{"0":"post-22672","1":"product","2":"type-product","3":"status-publish","5":"product_cat-maros-megyei-eletrajzi-lexikon","7":"first","8":"instock","9":"shipping-taxable","10":"product-type-simple"},"_links":{"self":[{"href":"https:\/\/uj.adatbank.ro\/lexikon\/wp-json\/wp\/v2\/product\/22672","targetHints":{"allow":["GET"]}}],"collection":[{"href":"https:\/\/uj.adatbank.ro\/lexikon\/wp-json\/wp\/v2\/product"}],"about":[{"href":"https:\/\/uj.adatbank.ro\/lexikon\/wp-json\/wp\/v2\/types\/product"}],"replies":[{"embeddable":true,"href":"https:\/\/uj.adatbank.ro\/lexikon\/wp-json\/wp\/v2\/comments?post=22672"}],"wp:attachment":[{"href":"https:\/\/uj.adatbank.ro\/lexikon\/wp-json\/wp\/v2\/media?parent=22672"}],"wp:term":[{"taxonomy":"product_brand","embeddable":true,"href":"https:\/\/uj.adatbank.ro\/lexikon\/wp-json\/wp\/v2\/product_brand?post=22672"},{"taxonomy":"product_cat","embeddable":true,"href":"https:\/\/uj.adatbank.ro\/lexikon\/wp-json\/wp\/v2\/product_cat?post=22672"},{"taxonomy":"product_tag","embeddable":true,"href":"https:\/\/uj.adatbank.ro\/lexikon\/wp-json\/wp\/v2\/product_tag?post=22672"}],"curies":[{"name":"wp","href":"https:\/\/api.w.org\/{rel}","templated":true}]}}