{"id":22673,"date":"2025-08-01T16:55:13","date_gmt":"2025-08-01T14:55:13","guid":{"rendered":"https:\/\/uj.adatbank.ro\/lexikon\/termek\/tambod-ferenc\/"},"modified":"2025-08-01T16:55:13","modified_gmt":"2025-08-01T14:55:13","slug":"tambod-ferenc","status":"publish","type":"product","link":"https:\/\/uj.adatbank.ro\/lexikon\/termek\/tambod-ferenc\/","title":{"rendered":"TAMBOD Ferenc"},"content":{"rendered":"<p>? \u2020 ?: nemes. \u2013 Bethlen G\u00e1bor fejedelem idej\u00e9n, t\u00f6bbedmag\u00e1val szolg\u00e1lt Szolokm\u00e1b\u00f3l mint sz\u00e9kely nemes (1627). <br \/><strong>\u2013 Irod.:<\/strong> Pesty 2014.<\/br><\/p>\n","protected":false},"excerpt":{"rendered":"<p>? \u2020 ?: nemes. \u2013 Bethlen G\u00e1bor fejedelem idej\u00e9n, t\u00f6bbedmag\u00e1val szolg\u00e1lt Szolokm\u00e1b\u00f3l mint sz\u00e9kely nemes (1627). \u2013 Irod.: Pesty 2014.<\/p>\n","protected":false},"featured_media":0,"comment_status":"open","ping_status":"closed","template":"","meta":[],"product_brand":[],"product_cat":[137],"product_tag":[],"class_list":{"0":"post-22673","1":"product","2":"type-product","3":"status-publish","5":"product_cat-maros-megyei-eletrajzi-lexikon","7":"first","8":"instock","9":"shipping-taxable","10":"product-type-simple"},"_links":{"self":[{"href":"https:\/\/uj.adatbank.ro\/lexikon\/wp-json\/wp\/v2\/product\/22673","targetHints":{"allow":["GET"]}}],"collection":[{"href":"https:\/\/uj.adatbank.ro\/lexikon\/wp-json\/wp\/v2\/product"}],"about":[{"href":"https:\/\/uj.adatbank.ro\/lexikon\/wp-json\/wp\/v2\/types\/product"}],"replies":[{"embeddable":true,"href":"https:\/\/uj.adatbank.ro\/lexikon\/wp-json\/wp\/v2\/comments?post=22673"}],"wp:attachment":[{"href":"https:\/\/uj.adatbank.ro\/lexikon\/wp-json\/wp\/v2\/media?parent=22673"}],"wp:term":[{"taxonomy":"product_brand","embeddable":true,"href":"https:\/\/uj.adatbank.ro\/lexikon\/wp-json\/wp\/v2\/product_brand?post=22673"},{"taxonomy":"product_cat","embeddable":true,"href":"https:\/\/uj.adatbank.ro\/lexikon\/wp-json\/wp\/v2\/product_cat?post=22673"},{"taxonomy":"product_tag","embeddable":true,"href":"https:\/\/uj.adatbank.ro\/lexikon\/wp-json\/wp\/v2\/product_tag?post=22673"}],"curies":[{"name":"wp","href":"https:\/\/api.w.org\/{rel}","templated":true}]}}