{"id":22685,"date":"2025-08-01T16:55:43","date_gmt":"2025-08-01T14:55:43","guid":{"rendered":"https:\/\/uj.adatbank.ro\/lexikon\/termek\/tanko-janos-2\/"},"modified":"2025-08-01T16:55:43","modified_gmt":"2025-08-01T14:55:43","slug":"tanko-janos-2","status":"publish","type":"product","link":"https:\/\/uj.adatbank.ro\/lexikon\/termek\/tanko-janos-2\/","title":{"rendered":"TANK\u00d3 J\u00e1nos"},"content":{"rendered":"<p>Sz\u00e9kelys\u00e1rd, 1906., \u2020 ?: vaskeresked\u0151. \u2013 K\u00f6z\u00e9piskolai \u00e9retts\u00e9git tett, majd a vasszakm\u00e1ban fejlesztette tud\u00e1s\u00e1t \u00e9s \u00f6n\u00e1ll\u00f3 keresked\u0151 lett Mv.-en. T\u00e9li \u00e1s ny\u00e1ri sportcikkek, finom ac\u00e9l\u00e1ruk, valamint a szakm\u00e1ba tartoz\u00f3 \u00f6sszes kell\u00e9keket tartott. A Keresked\u0151k K\u00f6r\u00e9nek v\u00e1lasztm\u00e1nyi tagja, hazafias \u00e9s kultur\u00e1lis egyes\u00fcletek t\u00e1mogat\u00f3ja volt. <br \/><strong>\u2013 Irod.:<\/strong> \u00d6kr\u00f6s; Sz\u00e9kelyf\u00f6ld \u00ed. k.<\/br><\/p>\n","protected":false},"excerpt":{"rendered":"<p>Sz\u00e9kelys\u00e1rd, 1906., \u2020 ?: vaskeresked\u0151. \u2013 K\u00f6z\u00e9piskolai \u00e9retts\u00e9git tett, majd a vasszakm\u00e1ban fejlesztette tud\u00e1s\u00e1t \u00e9s \u00f6n\u00e1ll\u00f3 keresked\u0151 lett Mv.-en. T\u00e9li \u00e1s ny\u00e1ri sportcikkek, finom ac\u00e9l\u00e1ruk, valamint a szakm\u00e1ba tartoz\u00f3 \u00f6sszes kell\u00e9keket tartott. A Keresked\u0151k K\u00f6r\u00e9nek v\u00e1lasztm\u00e1nyi tagja, hazafias \u00e9s kultur\u00e1lis egyes\u00fcletek t\u00e1mogat\u00f3ja volt. \u2013 Irod.: \u00d6kr\u00f6s; Sz\u00e9kelyf\u00f6ld \u00ed. k.<\/p>\n","protected":false},"featured_media":0,"comment_status":"open","ping_status":"closed","template":"","meta":[],"product_brand":[],"product_cat":[137],"product_tag":[],"class_list":{"0":"post-22685","1":"product","2":"type-product","3":"status-publish","5":"product_cat-maros-megyei-eletrajzi-lexikon","7":"first","8":"instock","9":"shipping-taxable","10":"product-type-simple"},"_links":{"self":[{"href":"https:\/\/uj.adatbank.ro\/lexikon\/wp-json\/wp\/v2\/product\/22685","targetHints":{"allow":["GET"]}}],"collection":[{"href":"https:\/\/uj.adatbank.ro\/lexikon\/wp-json\/wp\/v2\/product"}],"about":[{"href":"https:\/\/uj.adatbank.ro\/lexikon\/wp-json\/wp\/v2\/types\/product"}],"replies":[{"embeddable":true,"href":"https:\/\/uj.adatbank.ro\/lexikon\/wp-json\/wp\/v2\/comments?post=22685"}],"wp:attachment":[{"href":"https:\/\/uj.adatbank.ro\/lexikon\/wp-json\/wp\/v2\/media?parent=22685"}],"wp:term":[{"taxonomy":"product_brand","embeddable":true,"href":"https:\/\/uj.adatbank.ro\/lexikon\/wp-json\/wp\/v2\/product_brand?post=22685"},{"taxonomy":"product_cat","embeddable":true,"href":"https:\/\/uj.adatbank.ro\/lexikon\/wp-json\/wp\/v2\/product_cat?post=22685"},{"taxonomy":"product_tag","embeddable":true,"href":"https:\/\/uj.adatbank.ro\/lexikon\/wp-json\/wp\/v2\/product_tag?post=22685"}],"curies":[{"name":"wp","href":"https:\/\/api.w.org\/{rel}","templated":true}]}}