{"id":22686,"date":"2025-08-01T16:55:45","date_gmt":"2025-08-01T14:55:45","guid":{"rendered":"https:\/\/uj.adatbank.ro\/lexikon\/termek\/tanko-karoly\/"},"modified":"2025-08-01T16:55:45","modified_gmt":"2025-08-01T14:55:45","slug":"tanko-karoly","status":"publish","type":"product","link":"https:\/\/uj.adatbank.ro\/lexikon\/termek\/tanko-karoly\/","title":{"rendered":"TANK\u00d3 K\u00e1roly"},"content":{"rendered":"<p>? \u2020 1863?: ? \u2013 Feles\u00e9ge: So\u00f3s Juli\u00e1nna (1824? \u2013 Mv., 1901. \u00e1pr. 11.). Gyermekeik: T. J\u00f3zsef, feles\u00e9ge Lag Zsuzs\u00e1nna; T. R\u00f3za Szab\u00f3 Lajosn\u00e9; T. P\u00f3li Nagy S\u00e1ndorn\u00e9. <br \/><strong>\u2013 Irod.:<\/strong> Gy\u00e1szjelent\u0151.<\/br><\/p>\n","protected":false},"excerpt":{"rendered":"<p>? \u2020 1863?: ? \u2013 Feles\u00e9ge: So\u00f3s Juli\u00e1nna (1824? \u2013 Mv., 1901. \u00e1pr. 11.). Gyermekeik: T. J\u00f3zsef, feles\u00e9ge Lag Zsuzs\u00e1nna; T. R\u00f3za Szab\u00f3 Lajosn\u00e9; T. P\u00f3li Nagy S\u00e1ndorn\u00e9. \u2013 Irod.: Gy\u00e1szjelent\u0151.<\/p>\n","protected":false},"featured_media":0,"comment_status":"open","ping_status":"closed","template":"","meta":[],"product_brand":[],"product_cat":[137],"product_tag":[],"class_list":{"0":"post-22686","1":"product","2":"type-product","3":"status-publish","5":"product_cat-maros-megyei-eletrajzi-lexikon","7":"first","8":"instock","9":"shipping-taxable","10":"product-type-simple"},"_links":{"self":[{"href":"https:\/\/uj.adatbank.ro\/lexikon\/wp-json\/wp\/v2\/product\/22686","targetHints":{"allow":["GET"]}}],"collection":[{"href":"https:\/\/uj.adatbank.ro\/lexikon\/wp-json\/wp\/v2\/product"}],"about":[{"href":"https:\/\/uj.adatbank.ro\/lexikon\/wp-json\/wp\/v2\/types\/product"}],"replies":[{"embeddable":true,"href":"https:\/\/uj.adatbank.ro\/lexikon\/wp-json\/wp\/v2\/comments?post=22686"}],"wp:attachment":[{"href":"https:\/\/uj.adatbank.ro\/lexikon\/wp-json\/wp\/v2\/media?parent=22686"}],"wp:term":[{"taxonomy":"product_brand","embeddable":true,"href":"https:\/\/uj.adatbank.ro\/lexikon\/wp-json\/wp\/v2\/product_brand?post=22686"},{"taxonomy":"product_cat","embeddable":true,"href":"https:\/\/uj.adatbank.ro\/lexikon\/wp-json\/wp\/v2\/product_cat?post=22686"},{"taxonomy":"product_tag","embeddable":true,"href":"https:\/\/uj.adatbank.ro\/lexikon\/wp-json\/wp\/v2\/product_tag?post=22686"}],"curies":[{"name":"wp","href":"https:\/\/api.w.org\/{rel}","templated":true}]}}