{"id":22687,"date":"2025-08-01T16:55:47","date_gmt":"2025-08-01T14:55:47","guid":{"rendered":"https:\/\/uj.adatbank.ro\/lexikon\/termek\/tanko-peter\/"},"modified":"2025-08-01T16:55:47","modified_gmt":"2025-08-01T14:55:47","slug":"tanko-peter","status":"publish","type":"product","link":"https:\/\/uj.adatbank.ro\/lexikon\/termek\/tanko-peter\/","title":{"rendered":"TANK\u00d3 P\u00e9ter"},"content":{"rendered":"<p>? \u2020 ?: a MAT, majd a MMAT k\u00e9pvisel\u0151je a Nagy Nemzetgy\u0171l\u00e9sben (1957. febr. 3. \u2013 1975. m\u00e1rc. 7.). <br \/><strong>\u2013 Irod.:<\/strong> Cri\u015fan.<\/br><\/p>\n","protected":false},"excerpt":{"rendered":"<p>? \u2020 ?: a MAT, majd a MMAT k\u00e9pvisel\u0151je a Nagy Nemzetgy\u0171l\u00e9sben (1957. febr. 3. \u2013 1975. m\u00e1rc. 7.). \u2013 Irod.: Cri\u015fan.<\/p>\n","protected":false},"featured_media":0,"comment_status":"open","ping_status":"closed","template":"","meta":[],"product_brand":[],"product_cat":[137],"product_tag":[],"class_list":{"0":"post-22687","1":"product","2":"type-product","3":"status-publish","5":"product_cat-maros-megyei-eletrajzi-lexikon","7":"first","8":"instock","9":"shipping-taxable","10":"product-type-simple"},"_links":{"self":[{"href":"https:\/\/uj.adatbank.ro\/lexikon\/wp-json\/wp\/v2\/product\/22687","targetHints":{"allow":["GET"]}}],"collection":[{"href":"https:\/\/uj.adatbank.ro\/lexikon\/wp-json\/wp\/v2\/product"}],"about":[{"href":"https:\/\/uj.adatbank.ro\/lexikon\/wp-json\/wp\/v2\/types\/product"}],"replies":[{"embeddable":true,"href":"https:\/\/uj.adatbank.ro\/lexikon\/wp-json\/wp\/v2\/comments?post=22687"}],"wp:attachment":[{"href":"https:\/\/uj.adatbank.ro\/lexikon\/wp-json\/wp\/v2\/media?parent=22687"}],"wp:term":[{"taxonomy":"product_brand","embeddable":true,"href":"https:\/\/uj.adatbank.ro\/lexikon\/wp-json\/wp\/v2\/product_brand?post=22687"},{"taxonomy":"product_cat","embeddable":true,"href":"https:\/\/uj.adatbank.ro\/lexikon\/wp-json\/wp\/v2\/product_cat?post=22687"},{"taxonomy":"product_tag","embeddable":true,"href":"https:\/\/uj.adatbank.ro\/lexikon\/wp-json\/wp\/v2\/product_tag?post=22687"}],"curies":[{"name":"wp","href":"https:\/\/api.w.org\/{rel}","templated":true}]}}