{"id":22689,"date":"2025-08-01T16:55:55","date_gmt":"2025-08-01T14:55:55","guid":{"rendered":"https:\/\/uj.adatbank.ro\/lexikon\/termek\/tar-gabor\/"},"modified":"2025-08-01T16:55:55","modified_gmt":"2025-08-01T14:55:55","slug":"tar-gabor","status":"publish","type":"product","link":"https:\/\/uj.adatbank.ro\/lexikon\/termek\/tar-gabor\/","title":{"rendered":"TAR G\u00e1bor"},"content":{"rendered":"<p>1873? \u2020 Mv., 1914. j\u00fan. 30.: \u00fcgy\u00e9sz. \u2013 Apja: Tar S\u00e1ndor. Testv\u00e9rei: T. Lajos, J\u00e1nos \u00e9s Dezs\u0151. Feles\u00e9ge Bar\u00e1tosi Sz. Lenke. Gyermekeik: Lenke, Andr\u00e1s. \u2013 Mv.-en kir. \u00fcgy\u00e9sz. <br \/><strong>\u2013 Irod.:<\/strong> Gy\u00e1szjelent\u0151.<\/br><\/p>\n","protected":false},"excerpt":{"rendered":"<p>1873? \u2020 Mv., 1914. j\u00fan. 30.: \u00fcgy\u00e9sz. \u2013 Apja: Tar S\u00e1ndor. Testv\u00e9rei: T. Lajos, J\u00e1nos \u00e9s Dezs\u0151. Feles\u00e9ge Bar\u00e1tosi Sz. Lenke. Gyermekeik: Lenke, Andr\u00e1s. \u2013 Mv.-en kir. \u00fcgy\u00e9sz. \u2013 Irod.: Gy\u00e1szjelent\u0151.<\/p>\n","protected":false},"featured_media":0,"comment_status":"open","ping_status":"closed","template":"","meta":[],"product_brand":[],"product_cat":[137],"product_tag":[],"class_list":{"0":"post-22689","1":"product","2":"type-product","3":"status-publish","5":"product_cat-maros-megyei-eletrajzi-lexikon","7":"first","8":"instock","9":"shipping-taxable","10":"product-type-simple"},"_links":{"self":[{"href":"https:\/\/uj.adatbank.ro\/lexikon\/wp-json\/wp\/v2\/product\/22689","targetHints":{"allow":["GET"]}}],"collection":[{"href":"https:\/\/uj.adatbank.ro\/lexikon\/wp-json\/wp\/v2\/product"}],"about":[{"href":"https:\/\/uj.adatbank.ro\/lexikon\/wp-json\/wp\/v2\/types\/product"}],"replies":[{"embeddable":true,"href":"https:\/\/uj.adatbank.ro\/lexikon\/wp-json\/wp\/v2\/comments?post=22689"}],"wp:attachment":[{"href":"https:\/\/uj.adatbank.ro\/lexikon\/wp-json\/wp\/v2\/media?parent=22689"}],"wp:term":[{"taxonomy":"product_brand","embeddable":true,"href":"https:\/\/uj.adatbank.ro\/lexikon\/wp-json\/wp\/v2\/product_brand?post=22689"},{"taxonomy":"product_cat","embeddable":true,"href":"https:\/\/uj.adatbank.ro\/lexikon\/wp-json\/wp\/v2\/product_cat?post=22689"},{"taxonomy":"product_tag","embeddable":true,"href":"https:\/\/uj.adatbank.ro\/lexikon\/wp-json\/wp\/v2\/product_tag?post=22689"}],"curies":[{"name":"wp","href":"https:\/\/api.w.org\/{rel}","templated":true}]}}