{"id":22698,"date":"2025-08-01T16:56:17","date_gmt":"2025-08-01T14:56:17","guid":{"rendered":"https:\/\/uj.adatbank.ro\/lexikon\/termek\/tarnaveanu-leon-%c2%a7\/"},"modified":"2025-08-01T16:56:17","modified_gmt":"2025-08-01T14:56:17","slug":"tarnaveanu-leon-%c2%a7","status":"publish","type":"product","link":"https:\/\/uj.adatbank.ro\/lexikon\/termek\/tarnaveanu-leon-%c2%a7\/","title":{"rendered":"T\u00c2RN\u0102VEANU, Leon, \u00a7"},"content":{"rendered":"<p>? \u2020 ?: g. kat pap. \u2013 G\u00f6rg\u00e9nyhod\u00e1kon szolg\u00e1lt. Eln\u00f6ke volt az akkor alakult, ASTRA kultur\u00e1lis egyes\u00fcletnek (1936\u2013). A Maniu vezette Nemzeti Parasztp\u00e1rt tagja. A securitate fel\u00fcgyelet alatt tartotta (1953). <br \/><strong>\u2013 Irod.:<\/strong> Bartos 2012; Netea: ASTRA.<\/br><\/p>\n","protected":false},"excerpt":{"rendered":"<p>? \u2020 ?: g. kat pap. \u2013 G\u00f6rg\u00e9nyhod\u00e1kon szolg\u00e1lt. Eln\u00f6ke volt az akkor alakult, ASTRA kultur\u00e1lis egyes\u00fcletnek (1936\u2013). A Maniu vezette Nemzeti Parasztp\u00e1rt tagja. A securitate fel\u00fcgyelet alatt tartotta (1953). \u2013 Irod.: Bartos 2012; Netea: ASTRA.<\/p>\n","protected":false},"featured_media":0,"comment_status":"open","ping_status":"closed","template":"","meta":[],"product_brand":[],"product_cat":[137],"product_tag":[],"class_list":{"0":"post-22698","1":"product","2":"type-product","3":"status-publish","5":"product_cat-maros-megyei-eletrajzi-lexikon","7":"first","8":"instock","9":"shipping-taxable","10":"product-type-simple"},"_links":{"self":[{"href":"https:\/\/uj.adatbank.ro\/lexikon\/wp-json\/wp\/v2\/product\/22698","targetHints":{"allow":["GET"]}}],"collection":[{"href":"https:\/\/uj.adatbank.ro\/lexikon\/wp-json\/wp\/v2\/product"}],"about":[{"href":"https:\/\/uj.adatbank.ro\/lexikon\/wp-json\/wp\/v2\/types\/product"}],"replies":[{"embeddable":true,"href":"https:\/\/uj.adatbank.ro\/lexikon\/wp-json\/wp\/v2\/comments?post=22698"}],"wp:attachment":[{"href":"https:\/\/uj.adatbank.ro\/lexikon\/wp-json\/wp\/v2\/media?parent=22698"}],"wp:term":[{"taxonomy":"product_brand","embeddable":true,"href":"https:\/\/uj.adatbank.ro\/lexikon\/wp-json\/wp\/v2\/product_brand?post=22698"},{"taxonomy":"product_cat","embeddable":true,"href":"https:\/\/uj.adatbank.ro\/lexikon\/wp-json\/wp\/v2\/product_cat?post=22698"},{"taxonomy":"product_tag","embeddable":true,"href":"https:\/\/uj.adatbank.ro\/lexikon\/wp-json\/wp\/v2\/product_tag?post=22698"}],"curies":[{"name":"wp","href":"https:\/\/api.w.org\/{rel}","templated":true}]}}