{"id":22699,"date":"2025-08-01T16:56:21","date_gmt":"2025-08-01T14:56:21","guid":{"rendered":"https:\/\/uj.adatbank.ro\/lexikon\/termek\/tarnay-gyula\/"},"modified":"2025-08-01T16:56:21","modified_gmt":"2025-08-01T14:56:21","slug":"tarnay-gyula","status":"publish","type":"product","link":"https:\/\/uj.adatbank.ro\/lexikon\/termek\/tarnay-gyula\/","title":{"rendered":"T\u00c1RNAY Gyula"},"content":{"rendered":"<p>? \u2020 ?: dics\u0151szentm\u00e1rtoni. <br \/><strong>\u2013 Irod.:<\/strong> \u00dcrm\u00f6ssy Lajos: Erd\u00e9ly ir\u00e1nyad\u00f3 lapja (1830\u201340 es \u00e9vekben) Kv., 1907 \u2013 I. k\u00f6tet: Az Erd\u00e9lyi H\u00edrad\u00f3 (1829\u20131848).<\/br><\/p>\n","protected":false},"excerpt":{"rendered":"<p>? \u2020 ?: dics\u0151szentm\u00e1rtoni. \u2013 Irod.: \u00dcrm\u00f6ssy Lajos: Erd\u00e9ly ir\u00e1nyad\u00f3 lapja (1830\u201340 es \u00e9vekben) Kv., 1907 \u2013 I. k\u00f6tet: Az Erd\u00e9lyi H\u00edrad\u00f3 (1829\u20131848).<\/p>\n","protected":false},"featured_media":0,"comment_status":"open","ping_status":"closed","template":"","meta":[],"product_brand":[],"product_cat":[137],"product_tag":[],"class_list":{"0":"post-22699","1":"product","2":"type-product","3":"status-publish","5":"product_cat-maros-megyei-eletrajzi-lexikon","7":"first","8":"instock","9":"shipping-taxable","10":"product-type-simple"},"_links":{"self":[{"href":"https:\/\/uj.adatbank.ro\/lexikon\/wp-json\/wp\/v2\/product\/22699","targetHints":{"allow":["GET"]}}],"collection":[{"href":"https:\/\/uj.adatbank.ro\/lexikon\/wp-json\/wp\/v2\/product"}],"about":[{"href":"https:\/\/uj.adatbank.ro\/lexikon\/wp-json\/wp\/v2\/types\/product"}],"replies":[{"embeddable":true,"href":"https:\/\/uj.adatbank.ro\/lexikon\/wp-json\/wp\/v2\/comments?post=22699"}],"wp:attachment":[{"href":"https:\/\/uj.adatbank.ro\/lexikon\/wp-json\/wp\/v2\/media?parent=22699"}],"wp:term":[{"taxonomy":"product_brand","embeddable":true,"href":"https:\/\/uj.adatbank.ro\/lexikon\/wp-json\/wp\/v2\/product_brand?post=22699"},{"taxonomy":"product_cat","embeddable":true,"href":"https:\/\/uj.adatbank.ro\/lexikon\/wp-json\/wp\/v2\/product_cat?post=22699"},{"taxonomy":"product_tag","embeddable":true,"href":"https:\/\/uj.adatbank.ro\/lexikon\/wp-json\/wp\/v2\/product_tag?post=22699"}],"curies":[{"name":"wp","href":"https:\/\/api.w.org\/{rel}","templated":true}]}}