{"id":22702,"date":"2025-08-01T16:56:27","date_gmt":"2025-08-01T14:56:27","guid":{"rendered":"https:\/\/uj.adatbank.ro\/lexikon\/termek\/tarr-janos-tar-janos\/"},"modified":"2025-08-01T16:56:27","modified_gmt":"2025-08-01T14:56:27","slug":"tarr-janos-tar-janos","status":"publish","type":"product","link":"https:\/\/uj.adatbank.ro\/lexikon\/termek\/tarr-janos-tar-janos\/","title":{"rendered":"TARR J\u00e1nos, Tar J\u00e1nos"},"content":{"rendered":"<p>Csegez, ? \u2020 1810. aug. 29.: r. k. pap. \u2013 Kv.-on (1756\u201362) \u00e9s Gyulafeh\u00e9rv\u00e1ron tanult (1763\u201366). Jobb\u00e1gytelk\u00e9n szolg\u00e1lt (1789\u20131801). <br \/><strong>\u2013 Irod.:<\/strong> Eml\u00e9k<strong>k\u00f6nyv:<\/strong> jobb\u00e1gytelki iskola; Ferenczi S\u00e1ndor 2009.<\/br><\/p>\n","protected":false},"excerpt":{"rendered":"<p>Csegez, ? \u2020 1810. aug. 29.: r. k. pap. \u2013 Kv.-on (1756\u201362) \u00e9s Gyulafeh\u00e9rv\u00e1ron tanult (1763\u201366). Jobb\u00e1gytelk\u00e9n szolg\u00e1lt (1789\u20131801). \u2013 Irod.: Eml\u00e9kk\u00f6nyv: jobb\u00e1gytelki iskola; Ferenczi S\u00e1ndor 2009.<\/p>\n","protected":false},"featured_media":0,"comment_status":"open","ping_status":"closed","template":"","meta":[],"product_brand":[],"product_cat":[137],"product_tag":[],"class_list":{"0":"post-22702","1":"product","2":"type-product","3":"status-publish","5":"product_cat-maros-megyei-eletrajzi-lexikon","7":"first","8":"instock","9":"shipping-taxable","10":"product-type-simple"},"_links":{"self":[{"href":"https:\/\/uj.adatbank.ro\/lexikon\/wp-json\/wp\/v2\/product\/22702","targetHints":{"allow":["GET"]}}],"collection":[{"href":"https:\/\/uj.adatbank.ro\/lexikon\/wp-json\/wp\/v2\/product"}],"about":[{"href":"https:\/\/uj.adatbank.ro\/lexikon\/wp-json\/wp\/v2\/types\/product"}],"replies":[{"embeddable":true,"href":"https:\/\/uj.adatbank.ro\/lexikon\/wp-json\/wp\/v2\/comments?post=22702"}],"wp:attachment":[{"href":"https:\/\/uj.adatbank.ro\/lexikon\/wp-json\/wp\/v2\/media?parent=22702"}],"wp:term":[{"taxonomy":"product_brand","embeddable":true,"href":"https:\/\/uj.adatbank.ro\/lexikon\/wp-json\/wp\/v2\/product_brand?post=22702"},{"taxonomy":"product_cat","embeddable":true,"href":"https:\/\/uj.adatbank.ro\/lexikon\/wp-json\/wp\/v2\/product_cat?post=22702"},{"taxonomy":"product_tag","embeddable":true,"href":"https:\/\/uj.adatbank.ro\/lexikon\/wp-json\/wp\/v2\/product_tag?post=22702"}],"curies":[{"name":"wp","href":"https:\/\/api.w.org\/{rel}","templated":true}]}}