{"id":22703,"date":"2025-08-01T16:56:30","date_gmt":"2025-08-01T14:56:30","guid":{"rendered":"https:\/\/uj.adatbank.ro\/lexikon\/termek\/tarr-laszlo-%c2%a7-tar-laszlo\/"},"modified":"2025-08-01T16:56:30","modified_gmt":"2025-08-01T14:56:30","slug":"tarr-laszlo-%c2%a7-tar-laszlo","status":"publish","type":"product","link":"https:\/\/uj.adatbank.ro\/lexikon\/termek\/tarr-laszlo-%c2%a7-tar-laszlo\/","title":{"rendered":"TARR L\u00e1szl\u00f3, \u00a7 Tar L\u00e1szl\u00f3"},"content":{"rendered":"<p>Nagyszalonta, 1927. j\u00fal. 28., \u2020 Mv., 2010. nov. 18.: sz\u00ednm\u0171v\u00e9sz. \u2013 Nagyv\u00e1radon \u00e9retts\u00e9gizett (1948); a kv.-i BTE francia-rom\u00e1n szakos hallgat\u00f3ja (1948\u201350), majd a Szentgy\u00f6rgyi Istv\u00e1n Sz\u00ednm\u0171v\u00e9szeti int\u00e9zetben szerzett oklevelet (1954). A mv.-i Sz\u00e9kely Sz\u00ednh\u00e1z m\u0171v\u00e9sze (1954\u2013); kisebb megszak\u00edt\u00e1ssal a Szentgy\u00f6rgyi Istv\u00e1n Sz\u00ednm\u0171v\u00e9szeti Int\u00e9zet tan\u00e1ra (1956\u2013), a Mv.-i R\u00e1di\u00f3 (1958\u201385; 1990\u2013), az RTV m. ad\u00e1sainak k\u00fcls\u0151 munkat\u00e1rsa. Irodalmi esteken \u00e9s \u00f6ssze\u00e1ll\u00edt\u00e1sokon is fell\u00e9pett: Arany J\u00e1nos est; Az eml\u00e9kek k\u00e1v\u00e9h\u00e1za (1983); Mi van a padl\u00e1son (1989). Egyszer\u0171 megjelen\u00e9s\u00e9vel szinte sz\u00f6veg n\u00e9lk\u00fcl is vibr\u00e1l\u00f3 l\u00e9gk\u00f6rt tudott teremteni. Szerepei az egyszer\u0171 falusi embert\u0151l a shakespeare-i bolondokon \u00e1t a tragikus v\u00e1laszt\u00e1s el\u00e9 \u00e1ll\u00edtott alakokig terjednek. Legnagyobb sikereit v\u00edgj\u00e1t\u00e9kokban aratta, de humoros alak\u00edt\u00e1sai h\u00e1tter\u00e9ben is megjelenik a tragikum. Munk\u00e1ss\u00e1g\u00e1t a sz\u00ednh\u00e1zi szakma is \u00e9rt\u00e9kelte: a Brass\u00f3i Kort\u00e1rs Sz\u00ednh\u00e1zi Fesztiv\u00e1lon a legjobb f\u00e9rfialak\u00edt\u00e1s d\u00edj\u00e1t kapta a F\u00fcgedes alak\u00edt\u00e1s\u00e1\u00e9rt S\u00fct\u0151 Andr\u00e1s: Vid\u00e1m sirat\u00f3 egy bolyg\u00f3 porszem\u00e9rt c. darabban (1978). Szentgy\u00f6rgyi-d\u00edj (1995), az EMKE B\u00e1nffy Mikl\u00f3s d\u00edjjal t\u00fcntette ki \u00e9letm\u0171v\u00e9\u00e9rt (1999), Kisv\u00e1rd\u00e1n a Hat\u00e1ron T\u00fali M. Sz\u00ednh\u00e1zak Fesztiv\u00e1lj\u00e1n \u00e9letm\u0171-d\u00edjjal jutalmazt\u00e1k p\u00e1lyafut\u00e1s\u00e1t, Erd\u0151s Irma eml\u00e9kgy\u0171r\u00fct kapott (2009). \u2013 <strong>F. sz.:<\/strong>: Vukovits Seb\u0151 \u00e9s Andr\u00e1s (Illy\u00e9s Gyula: F\u00e1klyal\u00e1ng); Vannak m\u00e9g hib\u00e1k c. szilveszteri m\u0171sorban (1954); Pero \u00edrnok (B. Nusics: A kegyelmes asszony); Pl\u00e9sa b\u00edr\u00f3 (Horv\u00e1th \u00c1goston: Varga Katalin); Fridolin (H. Kipphardt: Shakespeare kerestetik); Luka (Csehov. A medve), Hirin bankk\u00f6nyvel\u0151 (Csehov: Jubileum); M\u00e1rton gazda (Szigligeti\u2013M\u00f3ricz: A csik\u00f3s, 1954, 1987), Sirio, Nicia (Machiavelli: Mandragora, 1955); Tan\u00edt\u00f3, ifj Nagy (Br\u00f3dy S\u00e1ndor: A tan\u00edt\u00f3n\u0151, 1956), Beppo (Heltai Jen\u0151: A n\u00e9ma levente, 1956); Tuzok, v\u00e1rosi dobos (Szirmai Albert: M\u00e9zeskal\u00e1cs); Frank (G.B.Shaw: Warrenn\u00e9 mesters\u00e9ge), Kardos J\u00e1kob (K\u00f3s K\u00e1roly: Budai Nagy Antal); Kurrah (V\u00f6r\u00f6smarthy Mih\u00e1ly: Csongor \u00e9s T\u00fcnde, 1957); G\u00e1ll M\u00f3zes, b\u00f6lcs\u00e9szhallgat\u00f3 (Szab\u00f3 Lajos: Menek\u00fcl\u00e9s), Veress (Sarkady Imre: Szeptember (1957); Marius Pop, orvos (E. Mirea\u2013Kov\u00e1cs Gy\u00f6rgy: Az utols\u00f3 vonat); Pompilian, \u00fajs\u00e1g\u00edr\u00f3 (M. Sebastian: Lapz\u00e1rta el\u0151tt); Fjodor (A. Gladkov: Szilveszter); F\u00e9rj (M\u00e9hes Gy\u00f6rgy: Sz\u00e9na vagy szalma); Ionescu, nyomoz\u00f3 (Aurel Baranga: Diadal\u00edv); Jimmy (Nash: Az es\u0151hoz\u00f3 ember, 1958); Grumio (Shakespeare: A makrancos h\u00f6lgy, 1959); Visnyevszkij: Optimista trag\u00e9dia (1959); Pavel Balaban (C. Teodoru: Oroszl\u00e1nr\u00e9sz); Csernyicskin .Trenyov: Gimnazist\u00e1k); Ligniere (E. Rostand: Cyrano de Bergenac); Roy Maxwell, \u00fcgyv\u00e9d (J. Gow- A. D\u2019usseau: M\u00e9lyek a gy\u00f6kerek); Romeo, riporter (A. Mirodan: \u00dajs\u00e1g\u00edr\u00f3k); Dr. Carlson (Wolf: Mamlock professzor, 1960); Iordache (Caragiale: Farsang, 1962); A. Abruzov: Irkutszki t\u00f6rt\u00e9net (1962); Iordache (Caragiale: Farsang, 1963) \u00c9nekes B\u00e9ni (Szab\u00f3 Lajos: Csal\u00e1di f\u00e9szek, 1964); K\u00e1ntor (S\u00fct\u0151 Andr\u00e1s: Pomp\u00e1s Gedeon, 1967), Trileckij (Csehov: Platonov szerelmei, 1968); No\u00e9 (M\u00e9hes Gy\u00f6rgy: No\u00e9 b\u00e1rk\u00e1ja, 1969); Drinkwater (Shaw: Brassbound kapit\u00e1ny megt\u00e9r\u00e9se, 1970); Petitpont (Feydeau: Osztrig\u00e1s Mici, 1970); J\u00e1nos (Szab\u00f3 Lajos: Ments\u00e9g, 1971); Jonathan Coffin (T Williams: Az igu\u00e1na \u00e9jszak\u00e1ja, 1972); Arturo Ui (Brecht: \u00c1ll\u00edts\u00e1tok meg Arturo Uit, 1976); Valkay (M\u00f3ricz: L\u00e9gy j\u00f3 mindhal\u00e1lig, 1977); F\u00fcgedes (S\u00fct\u0151 Andr\u00e1s: Vid\u00e1m sirat\u00f3, 1977); Jack (Albee: Mindent a kertbe, 1978); Bolond (Shakespeare: Lear kir\u00e1ly. 1980); Tiborc (Katona: B\u00e1nk b\u00e1n, 1980); Princz (M\u00e9hes Gy\u00f6rgy: Duplakanyar, 1982); Keszeg Andr\u00e1s (Shakespeare: V\u00edzkereszt, 1985); Samu b\u00e1csi (Tam\u00e1si \u00c1ron: Csal\u00f3ka sziv\u00e1rv\u00e1ny, 1986); Jerry Rian (Gibson: Libik\u00f3ka, 1986); Sz\u00edn\u00e9sz (Gorkij: \u00c9jjeli mened\u00e9khely, 1989); Cs\u00f6rghe\u00f6 Csuli (M\u00f3ricz: \u00dari muri, 1990); Koldus (Kincses Elem\u00e9r: Maraton, 1991); Orgon (Moli\u00e8re: Tartuffe). \u2013 <strong>Filmsz.:<\/strong> Jelen id\u0151 Duios Anastasia trecea \u2013 <strong>Rendez\u00e9sei a f\u0151iskol\u00e1n:<\/strong> Seg\u00e9drendez\u0151: A. Miller: A sz\u00e1lemi boszork\u00e1nyok (1964); Baranga: A kerge birka (1965); Gorkij: Az utols\u00f3k (1965); Gorkij: A nap fiai (1968); T. Williams: Orpheus al\u00e1sz\u00e1ll (1968); Sebastian M: A sziget (1969); Cocteau: A rettenetes sz\u00fcl\u0151k (1972), Br\u00f3dy S.: A tan\u00edt\u00f3n\u0151 (1976). <br \/><strong>\u2013 Irod.:<\/strong> Csif\u00f3; EMKK; Gy\u00e1rf\u00e1s 2013; A H\u00e9t \u00c9vk\u00f6nyve (1982); Horv\u00e1th Bea; Koch M\u00e1ria: Besz\u00e9lget\u00e9s T. L. sz\u00ednm\u0171v\u00e9sszel (V. Z., 1967. okt. 14.); K\u00e1ntor\u2013K\u00f6t\u0151; Keresztes D\u00e9nes: Nem szeretem az izzads\u00e1gszag\u00fa m\u0171v\u00e9szetet (Erd\u00e9lyi Figyel\u0151, 5. sz., 1995); KKACs; Metz Katalin: T. L. (\u00daj \u00c9let, 10. sz., 1983.); MSZL; [Nekrol\u00f3g] (2010. nov. 22); RMKK; T\u00e9csy S\u00e1ndor: Fortuna nund\u00e1j\u00e9: Eml\u00e9kszil\u00e1nkok T. L.-r\u00f3l )N\u00fa., M\u00fazsa, 2011. j\u00fal. 23.); Todea 2013; Tompa Z. Mih\u00e1ly: Egyforma lelkesed\u00e9ssel j\u00e1tszom&#8230;(V. Z., 1984. m\u00e1rc. 17.); T\u00f6r\u00f6k Anna-M\u00e1ria, D.: Megk\u00e9sett k\u00f6sz\u00f6nt\u0151 (N\u00fa., M\u00fazsa, 1997. dec. 5., 323. sz.); Viharban; Zsehr\u00e1nszky Istv\u00e1n: T. L. dics\u00e9rete a Szentgy\u00f6rgyi Istv\u00e1n-d\u00edj\u00e1tad\u00e1sakor (N\u00fa., M\u00fazsa, 1995. nov. 17., 222. sz.).<\/br><\/p>\n","protected":false},"excerpt":{"rendered":"<p>Nagyszalonta, 1927. j\u00fal. 28., \u2020 Mv., 2010. nov. 18.: sz\u00ednm\u0171v\u00e9sz. \u2013 Nagyv\u00e1radon \u00e9retts\u00e9gizett (1948); a kv.-i BTE francia-rom\u00e1n szakos hallgat\u00f3ja (1948\u201350), majd a Szentgy\u00f6rgyi Istv\u00e1n Sz\u00ednm\u0171v\u00e9szeti int\u00e9zetben szerzett oklevelet (1954). A mv.-i Sz\u00e9kely Sz\u00ednh\u00e1z m\u0171v\u00e9sze (1954\u2013); kisebb megszak\u00edt\u00e1ssal a Szentgy\u00f6rgyi Istv\u00e1n Sz\u00ednm\u0171v\u00e9szeti Int\u00e9zet tan\u00e1ra (1956\u2013), a Mv.-i R\u00e1di\u00f3 (1958\u201385; 1990\u2013), az RTV m. ad\u00e1sainak k\u00fcls\u0151 [&hellip;]<\/p>\n","protected":false},"featured_media":0,"comment_status":"open","ping_status":"closed","template":"","meta":[],"product_brand":[],"product_cat":[137],"product_tag":[],"class_list":{"0":"post-22703","1":"product","2":"type-product","3":"status-publish","5":"product_cat-maros-megyei-eletrajzi-lexikon","7":"first","8":"instock","9":"shipping-taxable","10":"product-type-simple"},"_links":{"self":[{"href":"https:\/\/uj.adatbank.ro\/lexikon\/wp-json\/wp\/v2\/product\/22703","targetHints":{"allow":["GET"]}}],"collection":[{"href":"https:\/\/uj.adatbank.ro\/lexikon\/wp-json\/wp\/v2\/product"}],"about":[{"href":"https:\/\/uj.adatbank.ro\/lexikon\/wp-json\/wp\/v2\/types\/product"}],"replies":[{"embeddable":true,"href":"https:\/\/uj.adatbank.ro\/lexikon\/wp-json\/wp\/v2\/comments?post=22703"}],"wp:attachment":[{"href":"https:\/\/uj.adatbank.ro\/lexikon\/wp-json\/wp\/v2\/media?parent=22703"}],"wp:term":[{"taxonomy":"product_brand","embeddable":true,"href":"https:\/\/uj.adatbank.ro\/lexikon\/wp-json\/wp\/v2\/product_brand?post=22703"},{"taxonomy":"product_cat","embeddable":true,"href":"https:\/\/uj.adatbank.ro\/lexikon\/wp-json\/wp\/v2\/product_cat?post=22703"},{"taxonomy":"product_tag","embeddable":true,"href":"https:\/\/uj.adatbank.ro\/lexikon\/wp-json\/wp\/v2\/product_tag?post=22703"}],"curies":[{"name":"wp","href":"https:\/\/api.w.org\/{rel}","templated":true}]}}