{"id":22706,"date":"2025-08-01T16:56:37","date_gmt":"2025-08-01T14:56:37","guid":{"rendered":"https:\/\/uj.adatbank.ro\/lexikon\/termek\/taslauanu-rodica\/"},"modified":"2025-08-01T16:56:37","modified_gmt":"2025-08-01T14:56:37","slug":"taslauanu-rodica","status":"publish","type":"product","link":"https:\/\/uj.adatbank.ro\/lexikon\/termek\/taslauanu-rodica\/","title":{"rendered":"T\u0102SL\u0102UANU, Rodica"},"content":{"rendered":"<p>? \u2020 ?: k\u00f6lt\u0151. \u2013 Egyetemi tanulm\u00e1nyait nem fejezte be. K\u00f6nyvt\u00e1rosk\u00e9nt dolgozott Mv.-en a Szakszervezetek K\u00f6nyvt\u00e1r\u00e1ban, valamint a Kiseg\u00edt\u0151 iskola k\u00f6nyvt\u00e1r\u00e1ban. Munkat\u00e1rsa volt az Aurora, T\u00e2rnava, Cuv\u00e2ntul Liber, Vatra-nak. \u2013  <strong>F. m..:<\/strong> B\u0103nci p\u0103r\u0103site. <br \/><strong>\u2013 Irod.:<\/strong> MMK.<\/br><\/p>\n","protected":false},"excerpt":{"rendered":"<p>? \u2020 ?: k\u00f6lt\u0151. \u2013 Egyetemi tanulm\u00e1nyait nem fejezte be. K\u00f6nyvt\u00e1rosk\u00e9nt dolgozott Mv.-en a Szakszervezetek K\u00f6nyvt\u00e1r\u00e1ban, valamint a Kiseg\u00edt\u0151 iskola k\u00f6nyvt\u00e1r\u00e1ban. Munkat\u00e1rsa volt az Aurora, T\u00e2rnava, Cuv\u00e2ntul Liber, Vatra-nak. \u2013 F. m..: B\u0103nci p\u0103r\u0103site. \u2013 Irod.: MMK.<\/p>\n","protected":false},"featured_media":0,"comment_status":"open","ping_status":"closed","template":"","meta":[],"product_brand":[],"product_cat":[137],"product_tag":[],"class_list":{"0":"post-22706","1":"product","2":"type-product","3":"status-publish","5":"product_cat-maros-megyei-eletrajzi-lexikon","7":"first","8":"instock","9":"shipping-taxable","10":"product-type-simple"},"_links":{"self":[{"href":"https:\/\/uj.adatbank.ro\/lexikon\/wp-json\/wp\/v2\/product\/22706","targetHints":{"allow":["GET"]}}],"collection":[{"href":"https:\/\/uj.adatbank.ro\/lexikon\/wp-json\/wp\/v2\/product"}],"about":[{"href":"https:\/\/uj.adatbank.ro\/lexikon\/wp-json\/wp\/v2\/types\/product"}],"replies":[{"embeddable":true,"href":"https:\/\/uj.adatbank.ro\/lexikon\/wp-json\/wp\/v2\/comments?post=22706"}],"wp:attachment":[{"href":"https:\/\/uj.adatbank.ro\/lexikon\/wp-json\/wp\/v2\/media?parent=22706"}],"wp:term":[{"taxonomy":"product_brand","embeddable":true,"href":"https:\/\/uj.adatbank.ro\/lexikon\/wp-json\/wp\/v2\/product_brand?post=22706"},{"taxonomy":"product_cat","embeddable":true,"href":"https:\/\/uj.adatbank.ro\/lexikon\/wp-json\/wp\/v2\/product_cat?post=22706"},{"taxonomy":"product_tag","embeddable":true,"href":"https:\/\/uj.adatbank.ro\/lexikon\/wp-json\/wp\/v2\/product_tag?post=22706"}],"curies":[{"name":"wp","href":"https:\/\/api.w.org\/{rel}","templated":true}]}}