{"id":22707,"date":"2025-08-01T16:56:39","date_gmt":"2025-08-01T14:56:39","guid":{"rendered":"https:\/\/uj.adatbank.ro\/lexikon\/termek\/tatar-ambrus\/"},"modified":"2025-08-01T16:56:39","modified_gmt":"2025-08-01T14:56:39","slug":"tatar-ambrus","status":"publish","type":"product","link":"https:\/\/uj.adatbank.ro\/lexikon\/termek\/tatar-ambrus\/","title":{"rendered":"TAT\u00c1R Ambrus"},"content":{"rendered":"<p>H\u00e9t\u00far (Maros), 1890. okt. 30., \u2020 ?: jog\u00e1sz. \u2013 Erzs\u00e9betv\u00e1rosban tanult \u00e1llami gimn.-ban, jogot Kv.-on a FJTE-en (1909\u201312), jogi doktor\u00e1tust tett (1913. \u00e1pr. 12). <br \/><strong>\u2013 Irod.:<\/strong> Sigmirean.<\/br><\/p>\n","protected":false},"excerpt":{"rendered":"<p>H\u00e9t\u00far (Maros), 1890. okt. 30., \u2020 ?: jog\u00e1sz. \u2013 Erzs\u00e9betv\u00e1rosban tanult \u00e1llami gimn.-ban, jogot Kv.-on a FJTE-en (1909\u201312), jogi doktor\u00e1tust tett (1913. \u00e1pr. 12). \u2013 Irod.: Sigmirean.<\/p>\n","protected":false},"featured_media":0,"comment_status":"open","ping_status":"closed","template":"","meta":[],"product_brand":[],"product_cat":[137],"product_tag":[],"class_list":{"0":"post-22707","1":"product","2":"type-product","3":"status-publish","5":"product_cat-maros-megyei-eletrajzi-lexikon","7":"first","8":"instock","9":"shipping-taxable","10":"product-type-simple"},"_links":{"self":[{"href":"https:\/\/uj.adatbank.ro\/lexikon\/wp-json\/wp\/v2\/product\/22707","targetHints":{"allow":["GET"]}}],"collection":[{"href":"https:\/\/uj.adatbank.ro\/lexikon\/wp-json\/wp\/v2\/product"}],"about":[{"href":"https:\/\/uj.adatbank.ro\/lexikon\/wp-json\/wp\/v2\/types\/product"}],"replies":[{"embeddable":true,"href":"https:\/\/uj.adatbank.ro\/lexikon\/wp-json\/wp\/v2\/comments?post=22707"}],"wp:attachment":[{"href":"https:\/\/uj.adatbank.ro\/lexikon\/wp-json\/wp\/v2\/media?parent=22707"}],"wp:term":[{"taxonomy":"product_brand","embeddable":true,"href":"https:\/\/uj.adatbank.ro\/lexikon\/wp-json\/wp\/v2\/product_brand?post=22707"},{"taxonomy":"product_cat","embeddable":true,"href":"https:\/\/uj.adatbank.ro\/lexikon\/wp-json\/wp\/v2\/product_cat?post=22707"},{"taxonomy":"product_tag","embeddable":true,"href":"https:\/\/uj.adatbank.ro\/lexikon\/wp-json\/wp\/v2\/product_tag?post=22707"}],"curies":[{"name":"wp","href":"https:\/\/api.w.org\/{rel}","templated":true}]}}