{"id":22711,"date":"2025-08-01T16:56:49","date_gmt":"2025-08-01T14:56:49","guid":{"rendered":"https:\/\/uj.adatbank.ro\/lexikon\/termek\/tatar-mihaly\/"},"modified":"2025-08-01T16:56:49","modified_gmt":"2025-08-01T14:56:49","slug":"tatar-mihaly","status":"publish","type":"product","link":"https:\/\/uj.adatbank.ro\/lexikon\/termek\/tatar-mihaly\/","title":{"rendered":"TAT\u00c1R Mih\u00e1ly"},"content":{"rendered":"<p>1937.\u20202017: ref. lelk\u00e9sz. \u2013 Helyettes lelk\u00e9sz Farnas, Ludv\u00e9g, Magyarherm\u00e1ny gy\u00fclekezletekben (1959\u2013). Megv\u00e1lasztott lelk\u00e9sz Szolokm\u00e1n (1964\u20131967), Mez\u0151fele presbit\u00e9riuma h\u00edvta meg lelk\u00e9sznek (1967\u201374). Nagykenden szolg\u00e1lt (1974\u20131999) Nyugd\u00edjask\u00e9nt Marosszentgy\u00f6rgy\u00f6n \u00e9lt. <br \/><strong>\u2013 Irod.:<\/strong> Cs\u00e1ky.<\/br><\/p>\n","protected":false},"excerpt":{"rendered":"<p>1937.\u20202017: ref. lelk\u00e9sz. \u2013 Helyettes lelk\u00e9sz Farnas, Ludv\u00e9g, Magyarherm\u00e1ny gy\u00fclekezletekben (1959\u2013). Megv\u00e1lasztott lelk\u00e9sz Szolokm\u00e1n (1964\u20131967), Mez\u0151fele presbit\u00e9riuma h\u00edvta meg lelk\u00e9sznek (1967\u201374). Nagykenden szolg\u00e1lt (1974\u20131999) Nyugd\u00edjask\u00e9nt Marosszentgy\u00f6rgy\u00f6n \u00e9lt. \u2013 Irod.: Cs\u00e1ky.<\/p>\n","protected":false},"featured_media":0,"comment_status":"open","ping_status":"closed","template":"","meta":[],"product_brand":[],"product_cat":[137],"product_tag":[],"class_list":{"0":"post-22711","1":"product","2":"type-product","3":"status-publish","5":"product_cat-maros-megyei-eletrajzi-lexikon","7":"first","8":"instock","9":"shipping-taxable","10":"product-type-simple"},"_links":{"self":[{"href":"https:\/\/uj.adatbank.ro\/lexikon\/wp-json\/wp\/v2\/product\/22711","targetHints":{"allow":["GET"]}}],"collection":[{"href":"https:\/\/uj.adatbank.ro\/lexikon\/wp-json\/wp\/v2\/product"}],"about":[{"href":"https:\/\/uj.adatbank.ro\/lexikon\/wp-json\/wp\/v2\/types\/product"}],"replies":[{"embeddable":true,"href":"https:\/\/uj.adatbank.ro\/lexikon\/wp-json\/wp\/v2\/comments?post=22711"}],"wp:attachment":[{"href":"https:\/\/uj.adatbank.ro\/lexikon\/wp-json\/wp\/v2\/media?parent=22711"}],"wp:term":[{"taxonomy":"product_brand","embeddable":true,"href":"https:\/\/uj.adatbank.ro\/lexikon\/wp-json\/wp\/v2\/product_brand?post=22711"},{"taxonomy":"product_cat","embeddable":true,"href":"https:\/\/uj.adatbank.ro\/lexikon\/wp-json\/wp\/v2\/product_cat?post=22711"},{"taxonomy":"product_tag","embeddable":true,"href":"https:\/\/uj.adatbank.ro\/lexikon\/wp-json\/wp\/v2\/product_tag?post=22711"}],"curies":[{"name":"wp","href":"https:\/\/api.w.org\/{rel}","templated":true}]}}