{"id":22712,"date":"2025-08-01T16:56:51","date_gmt":"2025-08-01T14:56:51","guid":{"rendered":"https:\/\/uj.adatbank.ro\/lexikon\/termek\/tatar-patricius\/"},"modified":"2025-08-01T16:56:51","modified_gmt":"2025-08-01T14:56:51","slug":"tatar-patricius","status":"publish","type":"product","link":"https:\/\/uj.adatbank.ro\/lexikon\/termek\/tatar-patricius\/","title":{"rendered":"TAT\u00c1R Patricius"},"content":{"rendered":"<p>Vajdaszentiv\u00e1ny, 1893., \u2020 ?: g. kat. lelk\u00e9sz. \u2013 Tanulm\u00e1nyait Mv.-en \u00e9s Bal\u00e1zsfalv\u00e1n v\u00e9gezte, Nagyv\u00e1radon szentelt\u00e9k papp\u00e1 (1917). Kincsesf\u0151n kezdte tev\u00e9kenys\u00e9g\u00e9t, majd Mez\u0151erkedre ker\u00fclt (1920). T\u00f6bb vall\u00e1sos \u00e9s kultur\u00e1lis egyes\u00fclet tev\u00e9kenys\u00e9g\u00e9ben vett r\u00e9szt. <br \/><strong>\u2013 Irod.:<\/strong> Sz\u00e9kelyf\u00f6ld \u00ed. k.<\/br><\/p>\n","protected":false},"excerpt":{"rendered":"<p>Vajdaszentiv\u00e1ny, 1893., \u2020 ?: g. kat. lelk\u00e9sz. \u2013 Tanulm\u00e1nyait Mv.-en \u00e9s Bal\u00e1zsfalv\u00e1n v\u00e9gezte, Nagyv\u00e1radon szentelt\u00e9k papp\u00e1 (1917). Kincsesf\u0151n kezdte tev\u00e9kenys\u00e9g\u00e9t, majd Mez\u0151erkedre ker\u00fclt (1920). T\u00f6bb vall\u00e1sos \u00e9s kultur\u00e1lis egyes\u00fclet tev\u00e9kenys\u00e9g\u00e9ben vett r\u00e9szt. \u2013 Irod.: Sz\u00e9kelyf\u00f6ld \u00ed. k.<\/p>\n","protected":false},"featured_media":0,"comment_status":"open","ping_status":"closed","template":"","meta":[],"product_brand":[],"product_cat":[137],"product_tag":[],"class_list":{"0":"post-22712","1":"product","2":"type-product","3":"status-publish","5":"product_cat-maros-megyei-eletrajzi-lexikon","7":"first","8":"instock","9":"shipping-taxable","10":"product-type-simple"},"_links":{"self":[{"href":"https:\/\/uj.adatbank.ro\/lexikon\/wp-json\/wp\/v2\/product\/22712","targetHints":{"allow":["GET"]}}],"collection":[{"href":"https:\/\/uj.adatbank.ro\/lexikon\/wp-json\/wp\/v2\/product"}],"about":[{"href":"https:\/\/uj.adatbank.ro\/lexikon\/wp-json\/wp\/v2\/types\/product"}],"replies":[{"embeddable":true,"href":"https:\/\/uj.adatbank.ro\/lexikon\/wp-json\/wp\/v2\/comments?post=22712"}],"wp:attachment":[{"href":"https:\/\/uj.adatbank.ro\/lexikon\/wp-json\/wp\/v2\/media?parent=22712"}],"wp:term":[{"taxonomy":"product_brand","embeddable":true,"href":"https:\/\/uj.adatbank.ro\/lexikon\/wp-json\/wp\/v2\/product_brand?post=22712"},{"taxonomy":"product_cat","embeddable":true,"href":"https:\/\/uj.adatbank.ro\/lexikon\/wp-json\/wp\/v2\/product_cat?post=22712"},{"taxonomy":"product_tag","embeddable":true,"href":"https:\/\/uj.adatbank.ro\/lexikon\/wp-json\/wp\/v2\/product_tag?post=22712"}],"curies":[{"name":"wp","href":"https:\/\/api.w.org\/{rel}","templated":true}]}}