{"id":22713,"date":"2025-08-01T16:56:56","date_gmt":"2025-08-01T14:56:56","guid":{"rendered":"https:\/\/uj.adatbank.ro\/lexikon\/termek\/tatar-teofil\/"},"modified":"2025-08-01T16:56:56","modified_gmt":"2025-08-01T14:56:56","slug":"tatar-teofil","status":"publish","type":"product","link":"https:\/\/uj.adatbank.ro\/lexikon\/termek\/tatar-teofil\/","title":{"rendered":"T\u0102TAR, Teofil"},"content":{"rendered":"<p>Lib\u00e1nfalva, ? \u2020 Teke\u00fajfalu, 1957. aug. 24.: g. kat pap. \u2013 Teke\u00fajfaluban szolg\u00e1lt hal\u00e1l\u00e1ig (1937. \u00e1pr. 17.\u20131957. aug. 24). Hossz\u00fa szolg\u00e1lata ideje alatt a faluban fel\u00e9p\u00edtett\u00e9k az \u00faj, Sf. Arhangheli g. kat. templomot (1935\u201339, felszentelt\u00e9k 1940), amelynek kertj\u00e9ben helyezt\u00e9k \u00f6r\u00f6k nyugalomra. <br \/><strong>\u2013 Irod.:<\/strong> Lunca; Reghin, Protopopiat.<\/br><\/p>\n","protected":false},"excerpt":{"rendered":"<p>Lib\u00e1nfalva, ? \u2020 Teke\u00fajfalu, 1957. aug. 24.: g. kat pap. \u2013 Teke\u00fajfaluban szolg\u00e1lt hal\u00e1l\u00e1ig (1937. \u00e1pr. 17.\u20131957. aug. 24). Hossz\u00fa szolg\u00e1lata ideje alatt a faluban fel\u00e9p\u00edtett\u00e9k az \u00faj, Sf. Arhangheli g. kat. templomot (1935\u201339, felszentelt\u00e9k 1940), amelynek kertj\u00e9ben helyezt\u00e9k \u00f6r\u00f6k nyugalomra. \u2013 Irod.: Lunca; Reghin, Protopopiat.<\/p>\n","protected":false},"featured_media":0,"comment_status":"open","ping_status":"closed","template":"","meta":[],"product_brand":[],"product_cat":[137],"product_tag":[],"class_list":{"0":"post-22713","1":"product","2":"type-product","3":"status-publish","5":"product_cat-maros-megyei-eletrajzi-lexikon","7":"first","8":"instock","9":"shipping-taxable","10":"product-type-simple"},"_links":{"self":[{"href":"https:\/\/uj.adatbank.ro\/lexikon\/wp-json\/wp\/v2\/product\/22713","targetHints":{"allow":["GET"]}}],"collection":[{"href":"https:\/\/uj.adatbank.ro\/lexikon\/wp-json\/wp\/v2\/product"}],"about":[{"href":"https:\/\/uj.adatbank.ro\/lexikon\/wp-json\/wp\/v2\/types\/product"}],"replies":[{"embeddable":true,"href":"https:\/\/uj.adatbank.ro\/lexikon\/wp-json\/wp\/v2\/comments?post=22713"}],"wp:attachment":[{"href":"https:\/\/uj.adatbank.ro\/lexikon\/wp-json\/wp\/v2\/media?parent=22713"}],"wp:term":[{"taxonomy":"product_brand","embeddable":true,"href":"https:\/\/uj.adatbank.ro\/lexikon\/wp-json\/wp\/v2\/product_brand?post=22713"},{"taxonomy":"product_cat","embeddable":true,"href":"https:\/\/uj.adatbank.ro\/lexikon\/wp-json\/wp\/v2\/product_cat?post=22713"},{"taxonomy":"product_tag","embeddable":true,"href":"https:\/\/uj.adatbank.ro\/lexikon\/wp-json\/wp\/v2\/product_tag?post=22713"}],"curies":[{"name":"wp","href":"https:\/\/api.w.org\/{rel}","templated":true}]}}