{"id":22715,"date":"2025-08-01T16:56:59","date_gmt":"2025-08-01T14:56:59","guid":{"rendered":"https:\/\/uj.adatbank.ro\/lexikon\/termek\/tatar-victor\/"},"modified":"2025-08-01T16:56:59","modified_gmt":"2025-08-01T14:56:59","slug":"tatar-victor","status":"publish","type":"product","link":"https:\/\/uj.adatbank.ro\/lexikon\/termek\/tatar-victor\/","title":{"rendered":"T\u0102TAR, Victor"},"content":{"rendered":"<p>? \u2020 ?: a t\u00e1rsas\u00e1g vezet\u0151s\u00e9gi tagja. Mv. t\u00f6rt\u00e9net\u00e9b\u0151l Statutul Societ\u0103\u0163ii V\u00e2n\u0103torilor Diana T\u00e2rgu-Mure\u015f (Tg. M., 1928).<\/br><\/p>\n","protected":false},"excerpt":{"rendered":"<p>? \u2020 ?: a t\u00e1rsas\u00e1g vezet\u0151s\u00e9gi tagja. Mv. t\u00f6rt\u00e9net\u00e9b\u0151l Statutul Societ\u0103\u0163ii V\u00e2n\u0103torilor Diana T\u00e2rgu-Mure\u015f (Tg. M., 1928).<\/p>\n","protected":false},"featured_media":0,"comment_status":"open","ping_status":"closed","template":"","meta":[],"product_brand":[],"product_cat":[137],"product_tag":[],"class_list":{"0":"post-22715","1":"product","2":"type-product","3":"status-publish","5":"product_cat-maros-megyei-eletrajzi-lexikon","7":"first","8":"instock","9":"shipping-taxable","10":"product-type-simple"},"_links":{"self":[{"href":"https:\/\/uj.adatbank.ro\/lexikon\/wp-json\/wp\/v2\/product\/22715","targetHints":{"allow":["GET"]}}],"collection":[{"href":"https:\/\/uj.adatbank.ro\/lexikon\/wp-json\/wp\/v2\/product"}],"about":[{"href":"https:\/\/uj.adatbank.ro\/lexikon\/wp-json\/wp\/v2\/types\/product"}],"replies":[{"embeddable":true,"href":"https:\/\/uj.adatbank.ro\/lexikon\/wp-json\/wp\/v2\/comments?post=22715"}],"wp:attachment":[{"href":"https:\/\/uj.adatbank.ro\/lexikon\/wp-json\/wp\/v2\/media?parent=22715"}],"wp:term":[{"taxonomy":"product_brand","embeddable":true,"href":"https:\/\/uj.adatbank.ro\/lexikon\/wp-json\/wp\/v2\/product_brand?post=22715"},{"taxonomy":"product_cat","embeddable":true,"href":"https:\/\/uj.adatbank.ro\/lexikon\/wp-json\/wp\/v2\/product_cat?post=22715"},{"taxonomy":"product_tag","embeddable":true,"href":"https:\/\/uj.adatbank.ro\/lexikon\/wp-json\/wp\/v2\/product_tag?post=22715"}],"curies":[{"name":"wp","href":"https:\/\/api.w.org\/{rel}","templated":true}]}}